{"id":855,"date":"2024-10-25T01:43:22","date_gmt":"2024-10-24T23:43:22","guid":{"rendered":"https:\/\/dtfprint.hr\/?page_id=855"},"modified":"2024-10-28T03:29:21","modified_gmt":"2024-10-28T02:29:21","slug":"where-to-buy-prints-for-t-shirts","status":"publish","type":"page","link":"https:\/\/dtfprint.hr\/en\/gdje-kupiti-preslikace-za-majice\/","title":{"rendered":"Where to buy t-shirt heat transfers?"},"content":{"rendered":"<section class=\"bde-section-855-127 bde-section\">\n  \n  \n\t\n\n\n\n<div class=\"section-container\"><h1 class=\"bde-heading-855-101 bde-heading\">\nWhere to buy t-shirt heat transfers?\n<\/h1><div class=\"bde-div-855-137 bde-div\">\n  \n  \n\t\n\n\n\n<div class=\"bde-div-855-138 bde-div\">\n  \n  \n\t\n\n\n\n<div class=\"bde-icon-855-139 bde-icon\">\n\n    \n            <div class=\"bde-icon-icon breakdance-icon-atom\" >\n    \n                    <svg xmlns=\"http:\/\/www.w3.org\/2000\/svg\" viewbox=\"0 0 496 512\"><!-- Font Awesome Free 5.15.1 by @fontawesome - https:\/\/fontawesome.com License - https:\/\/fontawesome.com\/license\/free (Icons: CC BY 4.0, Fonts: SIL OFL 1.1, Code: MIT License) --><path d=\"M248 8C111 8 0 119 0 256s111 248 248 248 248-111 248-248S385 8 248 8zm0 96c48.6 0 88 39.4 88 88s-39.4 88-88 88-88-39.4-88-88 39.4-88 88-88zm0 344c-58.7 0-111.3-26.6-146.5-68.2 18.8-35.4 55.6-59.8 98.5-59.8 2.4 0 4.8.4 7.1 1.1 13 4.2 26.6 6.9 40.9 6.9 14.3 0 28-2.7 40.9-6.9 2.3-.7 4.7-1.1 7.1-1.1 42.9 0 79.7 24.4 98.5 59.8C359.3 421.4 306.7 448 248 448z\"\/><\/svg>\n        \n        \n        \n            <\/div>\n    \n\n\n<\/div><a class=\"bde-container-link-855-140 bde-container-link breakdance-link\" href=\"mailto:info@megamajice.com\" target=\"_self\" data-type=\"url\">\n  \n  \n\t\n\n\n\n<div class=\"bde-text-855-141 bde-text\">\nWritten by: Mirza Hod\u017ei\u0107\n<\/div>\n\n<\/a>\n<\/div><div class=\"bde-div-855-142 bde-div\">\n  \n  \n\t\n\n\n\n<div class=\"bde-icon-855-143 bde-icon\">\n\n    \n            <div class=\"bde-icon-icon breakdance-icon-atom\" >\n    \n                    <svg xmlns=\"http:\/\/www.w3.org\/2000\/svg\" viewbox=\"0 0 512 512\"><!-- Font Awesome Free 5.15.1 by @fontawesome - https:\/\/fontawesome.com License - https:\/\/fontawesome.com\/license\/free (Icons: CC BY 4.0, Fonts: SIL OFL 1.1, Code: MIT License) --><path d=\"M256,8C119,8,8,119,8,256S119,504,256,504,504,393,504,256,393,8,256,8Zm92.49,313h0l-20,25a16,16,0,0,1-22.49,2.5h0l-67-49.72a40,40,0,0,1-15-31.23V112a16,16,0,0,1,16-16h32a16,16,0,0,1,16,16V256l58,42.5A16,16,0,0,1,348.49,321Z\"\/><\/svg>\n        \n        \n        \n            <\/div>\n    \n\n\n<\/div><a class=\"bde-container-link-855-144 bde-container-link breakdance-link\" href=\"mailto:info@megamajice.com\" target=\"_self\" data-type=\"url\">\n  \n  \n\t\n\n\n\n<div class=\"bde-text-855-145 bde-text\">\nPublished on 01.10.2024.\n<\/div>\n\n<\/a>\n<\/div>\n<\/div><div class=\"bde-columns-855-128 bde-columns\"><div class=\"bde-column-855-129 bde-column\">\n  \n  \n\t\n\n\n\n<img decoding=\"async\" class=\"bde-image2-855-131 bde-image2\" src=\"https:\/\/dtfprint.hr\/wp-content\/uploads\/2024\/10\/preslikaci_za_majice_hudice_torbe_ostali_tekstiljpg.jpg\" alt=\"DTF transfers\" loading=\"lazy\" srcset=\"https:\/\/dtfprint.hr\/wp-content\/uploads\/2024\/10\/preslikaci_za_majice_hudice_torbe_ostali_tekstiljpg.jpg 650w, https:\/\/dtfprint.hr\/wp-content\/uploads\/2024\/10\/preslikaci_za_majice_hudice_torbe_ostali_tekstiljpg-200x300.jpg 200w, https:\/\/dtfprint.hr\/wp-content\/uploads\/2024\/10\/preslikaci_za_majice_hudice_torbe_ostali_tekstiljpg-8x12.jpg 8w, https:\/\/dtfprint.hr\/wp-content\/uploads\/2024\/10\/preslikaci_za_majice_hudice_torbe_ostali_tekstiljpg-600x900.jpg 600w\" sizes=\"(max-width: 650px) 100vw, 650px\">\n<\/div><div class=\"bde-column-855-130 bde-column\">\n  \n  \n\t\n\n\n\n<div class=\"bde-code-block-855-132 bde-code-block\">\n\n      <p>Are you looking for high-quality transfers for t-shirts and other textile products? Today, clothing personalization is more popular than ever, and one of the best options for this is DTF (Direct to Film) transfers. They offer numerous advantages over other printing methods, and in this article, we will guide you on where to buy quality t-shirt transfers and why DTF transfers are the perfect choice.<\/p>\n\n    <h2>DTFprint.hr \u2013 Your EU partner for premium DTF heat transfers<\/h2>\n    <p>If you're looking for premium DTF transfers, keep reading. Here you will find top-quality transfers made from premium inks, film, and adhesive, ensuring long-lasting durability and superior print quality.<\/p>\n    \n    <h3>Easily order online<\/h3>\n    <p>You can easily order DTF transfers from us in two ways:<\/p>\n    <ul>\n        <li><a href=\"https:\/\/dtfprint.hr\/en\/product\/upload-your-dtf-pdf-transfer-file\/\">Send us your PDF<\/a> Send us your print-ready PDF file<\/li>\n        <li><a href=\"https:\/\/dtfprint.hr\/en\/product\/create-dtf-gangsheet-online\/\">Use our online app: \"DTF designer\"<\/a> - Create your design using our online tool that allows you to easily add your artwork and arrange it to create a print ready file<\/li>\n        <li><a href=\"mailto:info@dtfprint.hr\">Send us your graphics via e-mail info@dtfprint.hr<\/a> Send your graphics via e-mail, let us know the dimensions &amp; quantity and we can assist you in creating your print-ready file.<\/li>\n    <\/ul>\n\n\n<h2>Why choose our DTF transfers?<\/h2>\n    <p>DTF transfers are becoming more and more popular due to the many advantages they provide. Here are some of the main reasons why DTF transfers are the ideal choice:<\/p>\n\n    <ul>\n        <li class=\"translation-block\">DTF transfers are highly durable and wash-resistant, meaning your personalized designs stay clear and permanent for a long time, even after multiple washes.<\/li>\n        <li><strong>No minimum orders:<\/strong> Unlike some other printing methods, with DTF printers there is no minimum order quantity required. You can order as many transfers as you need, whether it is a single piece or larger quantities.<\/li>\n        <li><strong>Multiple designs in one order:<\/strong> One of the great advantages of DTF technology is the possibility of ordering several different designs at the same time. This is a great option if you need different variants for different products.<\/li>\n          <li><strong>Transfers with a white underbase:<\/strong> DTF transfers are printed with a white base color, which allows you to apply decals equally well on both white and dark textiles.<\/li>\n    <\/ul>\n\n\n<\/div>\n<\/div><\/div><\/div>\n<\/section><section class=\"bde-section-855-100 bde-section\">\n  \n  \n\t\n\n\n\n<div class=\"section-container\"><div class=\"bde-columns-855-133 bde-columns\"><div class=\"bde-column-855-134 bde-column\">\n  \n  \n\t\n\n\n\n<div class=\"bde-code-block-855-103 bde-code-block\">\n\n      <h2>Order t-shirt transfers with fast production times<\/h2>\n    <p>Depending on your needs, you can choose between two production options:<\/p>\n    <ul>\n        <li><strong>Express production within 24 hours<\/strong> \u2013 with an additional payment of +15%, your order will be made within one working day.<\/li>\n        <li><strong>Standard production within 2-3 working days<\/strong> \u2013 at no extra charge, your copies will be ready within a few working days.<\/li>\n    <\/ul>\n\n    <h2>Apply DTF transfers to various types of garment<\/h2>\n    <p>DTF printers are very versatile and can be applied not only to T-shirts, but also to other textile products such as:<\/p>\n    <ul>\n        <li>Polo shirts<\/li>\n        <li>Hoodies<\/li>\n        <li>Bags<\/li>\n     \t<li>Umbrellas<\/li>\n      \t<li>Other textile products<\/li>\n    <\/ul>\n    <p>The application is simple using a thermal press, and you can find detailed instructions for the correct application our transfers at the following link: <a href=\"https:\/\/dtfprint.hr\/en\/instructions\/how-to-apply-dtf-transfers-to-shirts-hoodies-bags-and-other-textile-products\/\" target=\"_blank\">Instructions for applying DTF imager<\/a>.<\/p>\n\n    <p>If you are looking for a reliable and high-quality solution for the personalization of textile products, DTF printers are the best choice. <a href=\"https:\/\/dtfprint.hr\/en\/\" target=\"_blank\">DTFprint.hr<\/a> offers top-quality transfers made of premium materials, the possibility of ordering without a minimum quantity and flexible production options. Whether you need stickers for t-shirts, hoodies or bags, you can order from us quickly, easily and cheaply!<\/p>\n\n\n<\/div>\n<\/div><div class=\"bde-column-855-135 bde-column\">\n  \n  \n\t\n\n\n\n<img decoding=\"async\" class=\"bde-image2-855-136 bde-image2\" src=\"https:\/\/dtfprint.hr\/wp-content\/uploads\/2024\/10\/majice_preslikaci_dtf_preslikaci_za_majice.jpg\" alt=\"T-shirt printers\" loading=\"lazy\" srcset=\"https:\/\/dtfprint.hr\/wp-content\/uploads\/2024\/10\/majice_preslikaci_dtf_preslikaci_za_majice.jpg 650w, https:\/\/dtfprint.hr\/wp-content\/uploads\/2024\/10\/majice_preslikaci_dtf_preslikaci_za_majice-200x300.jpg 200w, https:\/\/dtfprint.hr\/wp-content\/uploads\/2024\/10\/majice_preslikaci_dtf_preslikaci_za_majice-8x12.jpg 8w, https:\/\/dtfprint.hr\/wp-content\/uploads\/2024\/10\/majice_preslikaci_dtf_preslikaci_za_majice-600x900.jpg 600w\" sizes=\"(max-width: 650px) 100vw, 650px\">\n<\/div><\/div><\/div>\n<\/section><section class=\"bde-section-855-104 bde-section\">\n  \n  \n\t\n\n\n\n<div class=\"section-container\"><div class=\"bde-div-855-105 bde-div\">\n  \n  \n\t\n\n\n\n<div class=\"bde-icon-855-106 bde-icon\">\n\n    \n            <div class=\"bde-icon-icon breakdance-icon-atom\" >\n    \n                    <svg xmlns=\"http:\/\/www.w3.org\/2000\/svg\" viewbox=\"0 0 448 512\"><!-- Font Awesome Free 5.15.1 by @fontawesome - https:\/\/fontawesome.com License - https:\/\/fontawesome.com\/license\/free (Icons: CC BY 4.0, Fonts: SIL OFL 1.1, Code: MIT License) --><path d=\"M446.2 270.4c-6.2-19-26.9-29.1-46-22.9l-45.4 15.1-30.3-90 45.4-15.1c19.1-6.2 29.1-26.8 23-45.9-6.2-19-26.9-29.1-46-22.9l-45.4 15.1-15.7-47c-6.2-19-26.9-29.1-46-22.9-19.1 6.2-29.1 26.8-23 45.9l15.7 47-93.4 31.2-15.7-47c-6.2-19-26.9-29.1-46-22.9-19.1 6.2-29.1 26.8-23 45.9l15.7 47-45.3 15c-19.1 6.2-29.1 26.8-23 45.9 5 14.5 19.1 24 33.6 24.6 6.8 1 12-1.6 57.7-16.8l30.3 90L78 354.8c-19 6.2-29.1 26.9-23 45.9 5 14.5 19.1 24 33.6 24.6 6.8 1 12-1.6 57.7-16.8l15.7 47c5.9 16.9 24.7 29 46 22.9 19.1-6.2 29.1-26.8 23-45.9l-15.7-47 93.6-31.3 15.7 47c5.9 16.9 24.7 29 46 22.9 19.1-6.2 29.1-26.8 23-45.9l-15.7-47 45.4-15.1c19-6 29.1-26.7 22.9-45.7zm-254.1 47.2l-30.3-90.2 93.5-31.3 30.3 90.2-93.5 31.3z\"\/><\/svg>\n        \n        \n        \n            <\/div>\n    \n\n\n<\/div><div class=\"bde-text-855-107 bde-text\">\nTags\n<\/div>\n<\/div><div class=\"bde-div-855-108 bde-div\">\n  \n  \n\t\n\n\n\n<div class=\"bde-div-855-109 bde-div\">\n  \n  \n\t\n\n\n\n<a class=\"bde-container-link-855-110 bde-container-link breakdance-link\" href=\"https:\/\/dtfprint.hr\/en\/product\/create-dtf-gangsheet-online\/\" target=\"_self\" data-type=\"url\">\n  \n  \n\t\n\n\n\n<h4 class=\"bde-heading-855-111 bde-heading\">\nDTF transfer\n<\/h4>\n\n<\/a>\n<\/div><div class=\"bde-div-855-112 bde-div\">\n  \n  \n\t\n\n\n\n<a class=\"bde-container-link-855-113 bde-container-link breakdance-link\" href=\"https:\/\/dtfprint.hr\/en\/product\/upload-your-dtf-pdf-transfer-file\/\" target=\"_self\" data-type=\"url\">\n  \n  \n\t\n\n\n\n<h4 class=\"bde-heading-855-114 bde-heading\">\nDTF transfers\n<\/h4>\n\n<\/a>\n<\/div><div class=\"bde-div-855-115 bde-div\">\n  \n  \n\t\n\n\n\n<a class=\"bde-container-link-855-116 bde-container-link breakdance-link\" href=\"https:\/\/dtfprint.hr\/en\/instructions\/what-is-dtf-direct-to-film-printing-transfers\/\" target=\"_self\" data-type=\"url\">\n  \n  \n\t\n\n\n\n<h4 class=\"bde-heading-855-117 bde-heading\">\nT-shirt printers\n<\/h4>\n\n<\/a>\n<\/div><div class=\"bde-div-855-118 bde-div\">\n  \n  \n\t\n\n\n\n<a class=\"bde-container-link-855-119 bde-container-link breakdance-link\" href=\"https:\/\/dtfprint.hr\/en\/instructions\/video-tutorial-how-to-use-our-dtf-online-gangsheet-designer\/\" target=\"_self\" data-type=\"url\">\n  \n  \n\t\n\n\n\n<h4 class=\"bde-heading-855-120 bde-heading\">\nDTF printing\n<\/h4>\n\n<\/a>\n<\/div><div class=\"bde-div-855-121 bde-div\">\n  \n  \n\t\n\n\n\n<a class=\"bde-container-link-855-122 bde-container-link breakdance-link\" href=\"https:\/\/dtfprint.hr\/en\/instructions\/how-to-prepare-pdf-for-printing-dtf-copies-dtfprint-hr\/\" target=\"_self\" data-type=\"url\">\n  \n  \n\t\n\n\n\n<h4 class=\"bde-heading-855-123 bde-heading\">\nDTF print\n<\/h4>\n\n<\/a>\n<\/div><div class=\"bde-div-855-124 bde-div\">\n  \n  \n\t\n\n\n\n<a class=\"bde-container-link-855-125 bde-container-link breakdance-link\" href=\"https:\/\/dtfprint.hr\/en\/instructions\/how-to-apply-dtf-transfers-to-shirts-hoodies-bags-and-other-textile-products\/\" target=\"_self\" data-type=\"url\">\n  \n  \n\t\n\n\n\n<h4 class=\"bde-heading-855-126 bde-heading\">\nT-shirt transfers\n<\/h4>\n\n<\/a>\n<\/div>\n<\/div><\/div>\n<\/section>","protected":false},"excerpt":{"rendered":"<p>Gdje kupiti preslika\u010de za majice? Pi\u0161e: Mirza Hod\u017ei\u0107 Objavljeno 01.10.2024. Tra\u017eite kvalitetne preslika\u010de za majice i druge tekstilne proizvode? Danas je personalizacija odje\u0107e popularnija nego ikad, a jedna od najboljih opcija za to su DTF (Direct to Film) preslika\u010di. Oni nude brojne prednosti u odnosu na druge metode tiska, a u ovom \u010dlanku \u0107emo vas [&hellip;]<\/p>\n","protected":false},"author":1,"featured_media":866,"parent":0,"menu_order":0,"comment_status":"closed","ping_status":"closed","template":"","meta":{"_seopress_robots_primary_cat":"","_seopress_titles_title":"Gdje kupiti preslika\u010de za majice?","_seopress_titles_desc":"Tra\u017eite kvalitetne preslika\u010de za majice? Gdje nabaviti kvalitetne preslika\u010de za majice, hudice, torbe i ostale tekstilne proizvode?","_seopress_robots_index":"","_breakdance_hide_in_design_set":false,"_breakdance_tags":"","footnotes":""},"class_list":["post-855","page","type-page","status-publish","has-post-thumbnail","hentry"],"_links":{"self":[{"href":"https:\/\/dtfprint.hr\/en\/wp-json\/wp\/v2\/pages\/855","targetHints":{"allow":["GET"]}}],"collection":[{"href":"https:\/\/dtfprint.hr\/en\/wp-json\/wp\/v2\/pages"}],"about":[{"href":"https:\/\/dtfprint.hr\/en\/wp-json\/wp\/v2\/types\/page"}],"author":[{"embeddable":true,"href":"https:\/\/dtfprint.hr\/en\/wp-json\/wp\/v2\/users\/1"}],"replies":[{"embeddable":true,"href":"https:\/\/dtfprint.hr\/en\/wp-json\/wp\/v2\/comments?post=855"}],"version-history":[{"count":9,"href":"https:\/\/dtfprint.hr\/en\/wp-json\/wp\/v2\/pages\/855\/revisions"}],"predecessor-version":[{"id":934,"href":"https:\/\/dtfprint.hr\/en\/wp-json\/wp\/v2\/pages\/855\/revisions\/934"}],"wp:featuredmedia":[{"embeddable":true,"href":"https:\/\/dtfprint.hr\/en\/wp-json\/wp\/v2\/media\/866"}],"wp:attachment":[{"href":"https:\/\/dtfprint.hr\/en\/wp-json\/wp\/v2\/media?parent=855"}],"curies":[{"name":"wp","href":"https:\/\/api.w.org\/{rel}","templated":true}]}}