{"id":404,"date":"2024-09-25T21:45:26","date_gmt":"2024-09-25T19:45:26","guid":{"rendered":"https:\/\/dtfprint.hr\/?page_id=404"},"modified":"2024-10-28T03:23:06","modified_gmt":"2024-10-28T02:23:06","slug":"how-to-apply-dtf-transfers-to-shirts-hoodies-bags-and-other-textile-products","status":"publish","type":"page","link":"https:\/\/dtfprint.hr\/en\/upute\/apliciranje-dtf-preslikaca-na-majice-hudice-torbe-i-ostale-tekstilne-proizvode\/","title":{"rendered":"Apliciranje DTF preslika\u010da na majice, hudice, torbe i ostale tekstilne proizvode"},"content":{"rendered":"<section class=\"bde-section-404-110 bde-section\">\n  \n  \n\t\n\n\n\n<div class=\"section-container\"><h1 class=\"bde-heading-404-111 bde-heading\">\nIn a few simple steps to a superb print\n<\/h1><div class=\"bde-div-404-210 bde-div\">\n  \n  \n\t\n\n\n\n<div class=\"bde-div-404-211 bde-div\">\n  \n  \n\t\n\n\n\n<div class=\"bde-icon-404-212 bde-icon\">\n\n    \n            <div class=\"bde-icon-icon breakdance-icon-atom\" >\n    \n                    <svg xmlns=\"http:\/\/www.w3.org\/2000\/svg\" viewbox=\"0 0 496 512\"><!-- Font Awesome Free 5.15.1 by @fontawesome - https:\/\/fontawesome.com License - https:\/\/fontawesome.com\/license\/free (Icons: CC BY 4.0, Fonts: SIL OFL 1.1, Code: MIT License) --><path d=\"M248 8C111 8 0 119 0 256s111 248 248 248 248-111 248-248S385 8 248 8zm0 96c48.6 0 88 39.4 88 88s-39.4 88-88 88-88-39.4-88-88 39.4-88 88-88zm0 344c-58.7 0-111.3-26.6-146.5-68.2 18.8-35.4 55.6-59.8 98.5-59.8 2.4 0 4.8.4 7.1 1.1 13 4.2 26.6 6.9 40.9 6.9 14.3 0 28-2.7 40.9-6.9 2.3-.7 4.7-1.1 7.1-1.1 42.9 0 79.7 24.4 98.5 59.8C359.3 421.4 306.7 448 248 448z\"\/><\/svg>\n        \n        \n        \n            <\/div>\n    \n\n\n<\/div><a class=\"bde-container-link-404-213 bde-container-link breakdance-link\" href=\"mailto:info@megamajice.com\" target=\"_self\" data-type=\"url\">\n  \n  \n\t\n\n\n\n<div class=\"bde-text-404-214 bde-text\">\nWritten by: Mirza Hod\u017ei\u0107\n<\/div>\n\n<\/a>\n<\/div><div class=\"bde-div-404-215 bde-div\">\n  \n  \n\t\n\n\n\n<div class=\"bde-icon-404-216 bde-icon\">\n\n    \n            <div class=\"bde-icon-icon breakdance-icon-atom\" >\n    \n                    <svg xmlns=\"http:\/\/www.w3.org\/2000\/svg\" viewbox=\"0 0 512 512\"><!-- Font Awesome Free 5.15.1 by @fontawesome - https:\/\/fontawesome.com License - https:\/\/fontawesome.com\/license\/free (Icons: CC BY 4.0, Fonts: SIL OFL 1.1, Code: MIT License) --><path d=\"M256,8C119,8,8,119,8,256S119,504,256,504,504,393,504,256,393,8,256,8Zm92.49,313h0l-20,25a16,16,0,0,1-22.49,2.5h0l-67-49.72a40,40,0,0,1-15-31.23V112a16,16,0,0,1,16-16h32a16,16,0,0,1,16,16V256l58,42.5A16,16,0,0,1,348.49,321Z\"\/><\/svg>\n        \n        \n        \n            <\/div>\n    \n\n\n<\/div><a class=\"bde-container-link-404-217 bde-container-link breakdance-link\" href=\"mailto:info@megamajice.com\" target=\"_self\" data-type=\"url\">\n  \n  \n\t\n\n\n\n<div class=\"bde-text-404-218 bde-text\">\nPublished on September 28, 2024.\n<\/div>\n\n<\/a>\n<\/div>\n<\/div><div class=\"bde-text-404-140 bde-text\">\nBelow, read the instructions on how to apply our decals on t-shirts, but the same applies to other products such as hoods, bags, umbrellas and other promotional products.\n<\/div><div class=\"bde-columns-404-112 bde-columns\"><div class=\"bde-column-404-113 bde-column\">\n  \n  \n\t\n\n\n\n<h3 class=\"bde-heading-404-114 bde-heading\">\n1. Cut\n<\/h3><div class=\"bde-image-404-115 bde-image\">\n<figure class=\"breakdance-image breakdance-image--408\">\n\t<div class=\"breakdance-image-container\">\n\t\t<div class=\"breakdance-image-clip\"><img loading=\"lazy\" decoding=\"async\" class=\"breakdance-image-object\" src=\"https:\/\/dtfprint.hr\/wp-content\/uploads\/2024\/09\/izrezi_dtf_preslikace.jpg\" width=\"1000\" height=\"1000\" srcset=\"https:\/\/dtfprint.hr\/wp-content\/uploads\/2024\/09\/izrezi_dtf_preslikace.jpg 1000w, https:\/\/dtfprint.hr\/wp-content\/uploads\/2024\/09\/izrezi_dtf_preslikace-300x300.jpg 300w, https:\/\/dtfprint.hr\/wp-content\/uploads\/2024\/09\/izrezi_dtf_preslikace-150x150.jpg 150w, https:\/\/dtfprint.hr\/wp-content\/uploads\/2024\/09\/izrezi_dtf_preslikace-768x768.jpg 768w, https:\/\/dtfprint.hr\/wp-content\/uploads\/2024\/09\/izrezi_dtf_preslikace-600x600.jpg 600w\" sizes=\"auto, (max-width: 1000px) 100vw, 1000px\"><\/div>\n\t<\/div><\/figure>\n\n<\/div><div class=\"bde-text-404-116 bde-text\">\nUnpack your transfers and cut out the designs with scissors.\n<\/div>\n<\/div><div class=\"bde-column-404-117 bde-column\">\n  \n  \n\t\n\n\n\n<h3 class=\"bde-heading-404-118 bde-heading\">\n2. Heat the press\n<\/h3><div class=\"bde-image-404-119 bde-image\">\n<figure class=\"breakdance-image breakdance-image--413\">\n\t<div class=\"breakdance-image-container\">\n\t\t<div class=\"breakdance-image-clip\"><img loading=\"lazy\" decoding=\"async\" class=\"breakdance-image-object\" src=\"https:\/\/dtfprint.hr\/wp-content\/uploads\/2024\/09\/zagrijana_termo_presa_dtf_print.jpg\" width=\"1000\" height=\"1000\" srcset=\"https:\/\/dtfprint.hr\/wp-content\/uploads\/2024\/09\/zagrijana_termo_presa_dtf_print.jpg 1000w, https:\/\/dtfprint.hr\/wp-content\/uploads\/2024\/09\/zagrijana_termo_presa_dtf_print-300x300.jpg 300w, https:\/\/dtfprint.hr\/wp-content\/uploads\/2024\/09\/zagrijana_termo_presa_dtf_print-150x150.jpg 150w, https:\/\/dtfprint.hr\/wp-content\/uploads\/2024\/09\/zagrijana_termo_presa_dtf_print-768x768.jpg 768w, https:\/\/dtfprint.hr\/wp-content\/uploads\/2024\/09\/zagrijana_termo_presa_dtf_print-600x600.jpg 600w\" sizes=\"auto, (max-width: 1000px) 100vw, 1000px\"><\/div>\n\t<\/div><\/figure>\n\n<\/div><div class=\"bde-text-404-136 bde-text\">\nHeat the heat press to 150\u00b0C, set the timer for 10 seconds.\n<\/div>\n<\/div><div class=\"bde-column-404-122 bde-column\">\n  \n  \n\t\n\n\n\n<h3 class=\"bde-heading-404-123 bde-heading\">\n3. Position\n<\/h3><div class=\"bde-image-404-124 bde-image\">\n<figure class=\"breakdance-image breakdance-image--411\">\n\t<div class=\"breakdance-image-container\">\n\t\t<div class=\"breakdance-image-clip\"><img loading=\"lazy\" decoding=\"async\" class=\"breakdance-image-object\" src=\"https:\/\/dtfprint.hr\/wp-content\/uploads\/2024\/09\/pozicioniraj_dtf_preslikac_na_majicu.jpg\" width=\"1000\" height=\"1000\" srcset=\"https:\/\/dtfprint.hr\/wp-content\/uploads\/2024\/09\/pozicioniraj_dtf_preslikac_na_majicu.jpg 1000w, https:\/\/dtfprint.hr\/wp-content\/uploads\/2024\/09\/pozicioniraj_dtf_preslikac_na_majicu-300x300.jpg 300w, https:\/\/dtfprint.hr\/wp-content\/uploads\/2024\/09\/pozicioniraj_dtf_preslikac_na_majicu-150x150.jpg 150w, https:\/\/dtfprint.hr\/wp-content\/uploads\/2024\/09\/pozicioniraj_dtf_preslikac_na_majicu-768x768.jpg 768w, https:\/\/dtfprint.hr\/wp-content\/uploads\/2024\/09\/pozicioniraj_dtf_preslikac_na_majicu-600x600.jpg 600w\" sizes=\"auto, (max-width: 1000px) 100vw, 1000px\"><\/div>\n\t<\/div><\/figure>\n\n<\/div><div class=\"bde-text-404-137 bde-text\">\nPosition the print in the desired location. Lower the press.\n<\/div>\n<\/div><div class=\"bde-column-404-127 bde-column\">\n  \n  \n\t\n\n\n\n<h3 class=\"bde-heading-404-128 bde-heading\">\n4. Peel\n<\/h3><div class=\"bde-image-404-129 bde-image\">\n<figure class=\"breakdance-image breakdance-image--410\">\n\t<div class=\"breakdance-image-container\">\n\t\t<div class=\"breakdance-image-clip\"><img loading=\"lazy\" decoding=\"async\" class=\"breakdance-image-object\" src=\"https:\/\/dtfprint.hr\/wp-content\/uploads\/2024\/09\/odlijepi_dtf_preslikac.jpg\" width=\"1000\" height=\"1000\" srcset=\"https:\/\/dtfprint.hr\/wp-content\/uploads\/2024\/09\/odlijepi_dtf_preslikac.jpg 1000w, https:\/\/dtfprint.hr\/wp-content\/uploads\/2024\/09\/odlijepi_dtf_preslikac-300x300.jpg 300w, https:\/\/dtfprint.hr\/wp-content\/uploads\/2024\/09\/odlijepi_dtf_preslikac-150x150.jpg 150w, https:\/\/dtfprint.hr\/wp-content\/uploads\/2024\/09\/odlijepi_dtf_preslikac-768x768.jpg 768w, https:\/\/dtfprint.hr\/wp-content\/uploads\/2024\/09\/odlijepi_dtf_preslikac-600x600.jpg 600w\" sizes=\"auto, (max-width: 1000px) 100vw, 1000px\"><\/div>\n\t<\/div><\/figure>\n\n<\/div><div class=\"bde-text-404-138 bde-text\">\nLift the press and immediately peel off your decal.\n<\/div>\n<\/div><div class=\"bde-column-404-132 bde-column\">\n  \n  \n\t\n\n\n\n<h3 class=\"bde-heading-404-133 bde-heading\">\n5. Done!\n<\/h3><div class=\"bde-image-404-134 bde-image\">\n<figure class=\"breakdance-image breakdance-image--409\">\n\t<div class=\"breakdance-image-container\">\n\t\t<div class=\"breakdance-image-clip\"><img loading=\"lazy\" decoding=\"async\" class=\"breakdance-image-object\" src=\"https:\/\/dtfprint.hr\/wp-content\/uploads\/2024\/09\/majica_s_otisnutim_preslikacom.jpg\" width=\"1000\" height=\"1000\" srcset=\"https:\/\/dtfprint.hr\/wp-content\/uploads\/2024\/09\/majica_s_otisnutim_preslikacom.jpg 1000w, https:\/\/dtfprint.hr\/wp-content\/uploads\/2024\/09\/majica_s_otisnutim_preslikacom-300x300.jpg 300w, https:\/\/dtfprint.hr\/wp-content\/uploads\/2024\/09\/majica_s_otisnutim_preslikacom-150x150.jpg 150w, https:\/\/dtfprint.hr\/wp-content\/uploads\/2024\/09\/majica_s_otisnutim_preslikacom-768x768.jpg 768w, https:\/\/dtfprint.hr\/wp-content\/uploads\/2024\/09\/majica_s_otisnutim_preslikacom-600x600.jpg 600w\" sizes=\"auto, (max-width: 1000px) 100vw, 1000px\"><\/div>\n\t<\/div><\/figure>\n\n<\/div><div class=\"bde-text-404-139 bde-text\">\nThe transfer is fixed on the T-shirt.\n<\/div>\n<\/div><\/div><div class=\"bde-div-404-200 bde-div\">\n  \n  \n\t\n\n\n\n<div class=\"bde-div-404-191 bde-div\">\n  \n  \n\t\n\n\n\n<div class=\"bde-div-404-189 bde-div\">\n  \n  \n\t\n\n\n\n<div class=\"bde-text-404-190 bde-text\">\nAdvice\n<\/div>\n<\/div><div class=\"bde-text-404-192 bde-text\">\nIt is not possible to use too much pressure on the heat press. In principle - the stronger the pressure - the better the print.\n<\/div>\n<\/div><div class=\"bde-div-404-201 bde-div\">\n  \n  \n\t\n\n\n\n<div class=\"bde-div-404-202 bde-div\">\n  \n  \n\t\n\n\n\n<div class=\"bde-text-404-203 bde-text\">\nAdvice\n<\/div>\n<\/div><div class=\"bde-text-404-204 bde-text\">\nFor best results and a softer feel, turn the transfer paper over and press the imager for another 5 seconds\n<\/div>\n<\/div><div class=\"bde-div-404-205 bde-div\">\n  \n  \n\t\n\n\n\n<div class=\"bde-div-404-206 bde-div\">\n  \n  \n\t\n\n\n\n<div class=\"bde-text-404-207 bde-text\">\nAdvice\n<\/div>\n<\/div><div class=\"bde-text-404-208 bde-text\">\nBefore applying the imager on the t-shirt, pre-press the t-shirt for a few seconds to get rid of moisture\n<\/div>\n<\/div>\n<\/div><\/div>\n<\/section><section class=\"bde-section-404-143 bde-section\">\n  \n  \n\t\n\n\n\n<div class=\"section-container\"><h1 class=\"bde-heading-404-144 bde-heading\">\nWhat can DTF transfers be applied to?\n<\/h1><div class=\"bde-text-404-145 bde-text\">\nDTF (Direct-to-Film) transfers can be applied to various substrates and materials. Here are the most common:<br><br>\n<\/div><div class=\"bde-columns-404-146 bde-columns\"><div class=\"bde-column-404-147 bde-column\">\n  \n  \n\t\n\n\n\n<h3 class=\"bde-heading-404-150 bde-heading\">\nTextile\n<\/h3><div class=\"bde-rich-text-404-151 bde-rich-text breakdance-rich-text-styles\">\n<ul>\n<li style=\"text-align: left;\">Cotton<\/li>\n<li style=\"text-align: left;\">Polyester<\/li>\n<li style=\"text-align: left;\">Cotton and polyester blends<\/li>\n<li style=\"text-align: left;\">Nylon<\/li>\n<li style=\"text-align: left;\">spandex (elastin)<\/li>\n<li style=\"text-align: left;\">Twill and canvas<\/li>\n<li style=\"text-align: left;\">Denim<\/li>\n<\/ul>\n<\/div>\n<\/div><div class=\"bde-column-404-156 bde-column\">\n  \n  \n\t\n\n\n\n<h3 class=\"bde-heading-404-157 bde-heading\">\nApparel\n<\/h3><div class=\"bde-rich-text-404-158 bde-rich-text breakdance-rich-text-styles\">\n<ul>\n<li>Shirts<\/li>\n<li>Sweatshirts and hoodies<\/li>\n<li>Hats<\/li>\n<li>Jackets<\/li>\n<li>Shorts and long pants<\/li>\n<li>Sports equipment<\/li>\n<li>Work clothes<\/li>\n<\/ul>\n\n<\/div>\n<\/div><div class=\"bde-column-404-159 bde-column\">\n  \n  \n\t\n\n\n\n<h3 class=\"bde-heading-404-160 bde-heading\">\nOther products\n<\/h3><div class=\"bde-rich-text-404-161 bde-rich-text breakdance-rich-text-styles\">\n<ul>\n<li>Bags and backpacks<\/li>\n<li>Textile face masks<\/li>\n<li>Scarves and hair bands<\/li>\n<li>Umbrellas<\/li>\n<li>Pillow cases<\/li>\n<li>Bedding<\/li>\n<li>Curtains and curtains<\/li>\n<li>Tablecloths<\/li>\n<\/ul>\n<\/div>\n<\/div><\/div><\/div>\n<\/section><section class=\"bde-section-404-162 bde-section\">\n  \n  \n\t\n\n\n\n<div class=\"section-container\"><h1 class=\"bde-heading-404-163 bde-heading\">\nHow to properly store DTF transfers for long-term use<br>\n<\/h1><div class=\"bde-text-404-164 bde-text\">\nDTF transfers are extremely sensitive to storage conditions, especially moisture. If the transparencies sit in the air and absorb moisture, this may affect the quality of the final transfer, as traces of moisture may appear during pressing. In order to avoid such problems, it is important to properly store the transfers. Below are recommendations on how to your transfers.<br>\n<\/div><div class=\"bde-columns-404-175 bde-columns\"><div class=\"bde-column-404-176 bde-column\">\n  \n  \n\t\n\n\n\n<h3 class=\"bde-heading-404-180 bde-heading\">\nStore in a dry place\n<\/h3><div class=\"bde-text-404-179 bde-text\">\nDTF transfers should be kept in a room with a low level of humidity, ideally in hermetically sealed bags or containers. Investing in a moisture control system, such as silica gel bags, can further help protect the imager.\n<\/div>\n<\/div><div class=\"bde-column-404-181 bde-column\">\n  \n  \n\t\n\n\n\n<h3 class=\"bde-heading-404-182 bde-heading\">\nAvoid exposure to air\n<\/h3><div class=\"bde-text-404-183 bde-text\">\nIf the transfers are left outside for a long time, there is a greater risk of them absorbing moisture from the air. It is recommended to return the transfers to their protective packaging immediately after use.\n<\/div>\n<\/div><div class=\"bde-column-404-184 bde-column\">\n  \n  \n\t\n\n\n\n<h3 class=\"bde-heading-404-185 bde-heading\">\nOptimal temperature\n<\/h3><div class=\"bde-text-404-186 bde-text\">\nKeep the transfers at room temperature, away from heat sources or extreme cold, as such conditions can also affect their quality.\n<\/div>\n<\/div><\/div><h3 class=\"bde-heading-404-187 bde-heading\">\nWhat to do if the transfers get moist:<br>\n<\/h3><div class=\"bde-text-404-188 bde-text\">\nIf the transfers have absorbed moisture, traces of moisture may remain during the first pressing. In this case, you can press them again using: baking paper, greaseproof paper or Teflon sheet.<br><br>This additional pressing will help remove excess moisture and restore the smooth appearance of the print. By storing properly and using these techniques, you ensure that your DTF transfers maintain optimal quality and durability even after long periods of storage.\n<\/div><div class=\"bde-globalblock-404-209 bde-globalblock\"><section class=\"bde-section-450-118-450-1 bde-section bde-section-450-118\">\n  \n  \n\t\n\n\n\n<div class=\"section-container\"><h2 class=\"bde-heading-450-101-450-1 bde-heading bde-heading-450-101\">\nOrder Premium DTF transfers online at the best price\n<\/h2><h2 class=\"bde-heading-450-119-450-1 bde-heading bde-heading-450-119\">\nPrice list of DTF transfers (58cm width)\n<\/h2><div class=\"bde-columns-450-121-450-1 bde-columns bde-columns-450-121\"><div class=\"bde-column-450-122-450-1 bde-column bde-column-450-122\">\n  \n  \n\t\n\n\n\n<div class=\"bde-div-450-124-450-1 bde-div bde-div-450-124\">\n  \n  \n\t\n\n\n\n<div class=\"bde-fancy-divider-450-125-450-1 bde-fancy-divider bde-fancy-divider-450-125\">\n\n\n<div class=\"bde-fancy-divider__wrapper\">\n  <div class=\"bde-fancy-divider__separator has-content has-content-flex-start\">\n  \t    \t    \t          <div class=\"bde-fancy-divider__content bde-fancy-divider__content--text\">\n          1 meter\n          <\/div>\n    \t      <\/div>\n<\/div>\n\n<\/div><div class=\"bde-text-450-126-450-1 bde-text bde-text-450-126\">\n14,90\u20ac\n<\/div>\n<\/div><div class=\"bde-div-450-127-450-1 bde-div bde-div-450-127\">\n  \n  \n\t\n\n\n\n<div class=\"bde-fancy-divider-450-128-450-1 bde-fancy-divider bde-fancy-divider-450-128\">\n\n\n<div class=\"bde-fancy-divider__wrapper\">\n  <div class=\"bde-fancy-divider__separator has-content has-content-flex-start\">\n  \t    \t    \t          <div class=\"bde-fancy-divider__content bde-fancy-divider__content--text\">\n          1m - 10m\n          <\/div>\n    \t      <\/div>\n<\/div>\n\n<\/div><div class=\"bde-text-450-204-450-1 bde-text bde-text-450-204\">\n11,90\u20ac\n<\/div>\n<\/div><div class=\"bde-div-450-130-450-1 bde-div bde-div-450-130\">\n  \n  \n\t\n\n\n\n<div class=\"bde-fancy-divider-450-131-450-1 bde-fancy-divider bde-fancy-divider-450-131\">\n\n\n<div class=\"bde-fancy-divider__wrapper\">\n  <div class=\"bde-fancy-divider__separator has-content has-content-flex-start\">\n  \t    \t    \t          <div class=\"bde-fancy-divider__content bde-fancy-divider__content--text\">\n          10 meters and more\n          <\/div>\n    \t      <\/div>\n<\/div>\n\n<\/div><div class=\"bde-text-450-205-450-1 bde-text bde-text-450-205\">\n8,90\u20ac\n<\/div>\n<\/div><div class=\"bde-div-450-140-450-1 bde-div bde-div-450-140\">\n  \n  \n\t\n\n\n\n<div class=\"bde-text-450-207-450-1 bde-text bde-text-450-207\">\nU cijenu je uklju\u010deno pakiranje u vodootporni PELD omot i za\u0161titna kartonska kutija.\n<\/div><div class=\"bde-text-450-208-450-1 bde-text bde-text-450-208\">\nBuy without VAT if outside of Croatia (EU)\n<\/div>\n<\/div>\n<\/div><\/div><\/div>\n<\/section><section class=\"bde-section-450-100-450-1 bde-section bde-section-450-100\">\n  \n  \n\t\n\n\n\n<div class=\"section-container\"><div class=\"bde-columns-450-102-450-1 bde-columns bde-columns-450-102\"><div class=\"bde-column-450-103-450-1 bde-column bde-column-450-103\">\n  \n  \n\t\n\n\n\n<h2 class=\"bde-heading-450-104-450-1 bde-heading bde-heading-450-104\">\nOnline DTF designer\n<\/h2><div class=\"bde-div-450-105-450-1 bde-div bde-div-450-105\">\n  \n  \n\t\n\n\n\n<div class=\"bde-text-450-106-450-1 bde-text bde-text-450-106\">\nFor beginners\n<\/div>\n<\/div><div class=\"bde-image-450-107-450-1 bde-image bde-image-450-107\">\n<figure class=\"breakdance-image breakdance-image--269\">\n\t<div class=\"breakdance-image-container\">\n\t\t<div class=\"breakdance-image-clip\"><img loading=\"lazy\" decoding=\"async\" class=\"breakdance-image-object\" src=\"https:\/\/dtfprint.hr\/wp-content\/uploads\/2024\/09\/CTA_Dtfprint_PC8bit.png\" width=\"1200\" height=\"750\" srcset=\"https:\/\/dtfprint.hr\/wp-content\/uploads\/2024\/09\/CTA_Dtfprint_PC8bit.png 1200w, https:\/\/dtfprint.hr\/wp-content\/uploads\/2024\/09\/CTA_Dtfprint_PC8bit-300x188.png 300w, https:\/\/dtfprint.hr\/wp-content\/uploads\/2024\/09\/CTA_Dtfprint_PC8bit-1024x640.png 1024w, https:\/\/dtfprint.hr\/wp-content\/uploads\/2024\/09\/CTA_Dtfprint_PC8bit-768x480.png 768w, https:\/\/dtfprint.hr\/wp-content\/uploads\/2024\/09\/CTA_Dtfprint_PC8bit-600x375.png 600w\" sizes=\"auto, (max-width: 1200px) 100vw, 1200px\" alt=\"DTF gangsheet - Online DTF designer\"><\/div>\n\t<\/div><\/figure>\n\n<\/div><div class=\"bde-text-450-108-450-1 bde-text bde-text-450-108\">\nFor beginners or those without design software, the DTFprint.hr online DTF Gangsheet designer is the perfect solution. With a user-friendly interface and a range of customization tools, creating DTF transfers has never been easier.\n<\/div><div class=\"bde-button-450-109-450-1 bde-button bde-button-450-109\">\n        \n    \n    \n    \n    \n            \n                    \n            \n            \n\n    \n    \n    \n    \n    \n    <a class=\"breakdance-link button-atom button-atom--primary bde-button__button\" href=\"https:\/\/dtfprint.hr\/en\/product\/create-dtf-gangsheet-online\/\" target=\"_self\" data-type=\"url\"  >\n\n    \n        <span class=\"button-atom__text\">Open online designer<\/span>\n\n        \n        \n                <\/a>\n\n    \n\n\n<\/div>\n<\/div><div class=\"bde-column-450-110-450-1 bde-column bde-column-450-110\">\n  \n  \n\t\n\n\n\n<h2 class=\"bde-heading-450-111-450-1 bde-heading bde-heading-450-111\">\nUpload your PDF\n<\/h2><div class=\"bde-div-450-112-450-1 bde-div bde-div-450-112\">\n  \n  \n\t\n\n\n\n<div class=\"bde-text-450-113-450-1 bde-text bde-text-450-113\">\nExperienced users\n<\/div>\n<\/div><div class=\"bde-image-450-114-450-1 bde-image bde-image-450-114\">\n<figure class=\"breakdance-image breakdance-image--280\">\n\t<div class=\"breakdance-image-container\">\n\t\t<div class=\"breakdance-image-clip\"><img loading=\"lazy\" decoding=\"async\" class=\"breakdance-image-object\" src=\"https:\/\/dtfprint.hr\/wp-content\/uploads\/2024\/09\/naruci_dtf_pdf_online.png\" width=\"1000\" height=\"777\" srcset=\"https:\/\/dtfprint.hr\/wp-content\/uploads\/2024\/09\/naruci_dtf_pdf_online.png 1000w, https:\/\/dtfprint.hr\/wp-content\/uploads\/2024\/09\/naruci_dtf_pdf_online-300x233.png 300w, https:\/\/dtfprint.hr\/wp-content\/uploads\/2024\/09\/naruci_dtf_pdf_online-768x597.png 768w, https:\/\/dtfprint.hr\/wp-content\/uploads\/2024\/09\/naruci_dtf_pdf_online-600x466.png 600w\" sizes=\"auto, (max-width: 1000px) 100vw, 1000px\" alt=\"DTF imagers with a width of 58 cm and a length of up to 100 m\"><\/div>\n\t<\/div><\/figure>\n\n<\/div><div class=\"bde-text-450-115-450-1 bde-text bde-text-450-115\">\nUpload one or more pdf print ready files, enter dimensions and order DTF transfers for textile products with automatic price calculation depending on the ordered length. More meters \u2013 more savings!\n<\/div><div class=\"bde-button-450-116-450-1 bde-button bde-button-450-116\">\n        \n    \n    \n    \n    \n            \n                    \n            \n            \n\n    \n    \n    \n    \n    \n    <a class=\"breakdance-link button-atom button-atom--primary bde-button__button\" href=\"https:\/\/dtfprint.hr\/en\/product\/upload-your-dtf-pdf-transfer-file\/\" target=\"_self\" data-type=\"url\"  >\n\n    \n        <span class=\"button-atom__text\">Upload your PDF<\/span>\n\n        \n        \n                <\/a>\n\n    \n\n\n<\/div>\n<\/div><\/div><\/div>\n<\/section><\/div><\/div>\n<\/section>","protected":false},"excerpt":{"rendered":"<p>U par jednostavnih koraka do vrhunskog otiska Pi\u0161e: Mirza Hod\u017ei\u0107 Objavljeno 28.09.2024. U nastavku pro\u010ditajte upute o tome kako aplicirati na\u0161e preslika\u010de na majice, no isto vrijedi i za ostale proizvode poput hudica, torbi, ki\u0161obrana i ostalih promotivnih proizvoda. 1. Izre\u017ei preslika\u010de Raspakirajte va\u0161e preslika\u010de i \u0161karama odre\u017eite dizajneve. 2. Ugrij pre\u0161u Ugrijte termo pre\u0161u [&hellip;]<\/p>\n","protected":false},"author":1,"featured_media":412,"parent":396,"menu_order":0,"comment_status":"closed","ping_status":"closed","template":"","meta":{"_seopress_robots_primary_cat":"","_seopress_titles_title":"Kako zapre\u0161ati DTF transfer na majicu? Vodi\u010d sa fotografijama.","_seopress_titles_desc":"Vodi\u010d za apliciranje DTF preslika\u010da na majice i ostale tekstilne proizvode. U par koraka napravite odli\u010dnu majicu s dugotrajnim otiskom.","_seopress_robots_index":"","_breakdance_hide_in_design_set":false,"_breakdance_tags":"","footnotes":""},"class_list":["post-404","page","type-page","status-publish","has-post-thumbnail","hentry"],"_links":{"self":[{"href":"https:\/\/dtfprint.hr\/en\/wp-json\/wp\/v2\/pages\/404","targetHints":{"allow":["GET"]}}],"collection":[{"href":"https:\/\/dtfprint.hr\/en\/wp-json\/wp\/v2\/pages"}],"about":[{"href":"https:\/\/dtfprint.hr\/en\/wp-json\/wp\/v2\/types\/page"}],"author":[{"embeddable":true,"href":"https:\/\/dtfprint.hr\/en\/wp-json\/wp\/v2\/users\/1"}],"replies":[{"embeddable":true,"href":"https:\/\/dtfprint.hr\/en\/wp-json\/wp\/v2\/comments?post=404"}],"version-history":[{"count":11,"href":"https:\/\/dtfprint.hr\/en\/wp-json\/wp\/v2\/pages\/404\/revisions"}],"predecessor-version":[{"id":931,"href":"https:\/\/dtfprint.hr\/en\/wp-json\/wp\/v2\/pages\/404\/revisions\/931"}],"up":[{"embeddable":true,"href":"https:\/\/dtfprint.hr\/en\/wp-json\/wp\/v2\/pages\/396"}],"wp:featuredmedia":[{"embeddable":true,"href":"https:\/\/dtfprint.hr\/en\/wp-json\/wp\/v2\/media\/412"}],"wp:attachment":[{"href":"https:\/\/dtfprint.hr\/en\/wp-json\/wp\/v2\/media?parent=404"}],"curies":[{"name":"wp","href":"https:\/\/api.w.org\/{rel}","templated":true}]}}