{"id":361,"date":"2024-09-25T01:36:19","date_gmt":"2024-09-24T23:36:19","guid":{"rendered":"https:\/\/dtfprint.hr\/?page_id=361"},"modified":"2024-10-28T03:21:05","modified_gmt":"2024-10-28T02:21:05","slug":"what-is-dtf-direct-to-film-printing-transfers","status":"publish","type":"page","link":"https:\/\/dtfprint.hr\/en\/upute\/sto-je-dtf-direct-to-film\/","title":{"rendered":"\u0160to je DTF &#8211; Direct to film"},"content":{"rendered":"<section class=\"bde-section-361-100 bde-section\">\n  \n  \n\t\n\n\n\n<div class=\"section-container\"><h1 class=\"bde-heading-361-101 bde-heading\">\nDTF Printing Technology: A New Era in Textile Decoration\n<\/h1><div class=\"bde-div-361-198 bde-div\">\n  \n  \n\t\n\n\n\n<div class=\"bde-div-361-199 bde-div\">\n  \n  \n\t\n\n\n\n<div class=\"bde-icon-361-200 bde-icon\">\n\n    \n            <div class=\"bde-icon-icon breakdance-icon-atom\" >\n    \n                    <svg xmlns=\"http:\/\/www.w3.org\/2000\/svg\" viewbox=\"0 0 496 512\"><!-- Font Awesome Free 5.15.1 by @fontawesome - https:\/\/fontawesome.com License - https:\/\/fontawesome.com\/license\/free (Icons: CC BY 4.0, Fonts: SIL OFL 1.1, Code: MIT License) --><path d=\"M248 8C111 8 0 119 0 256s111 248 248 248 248-111 248-248S385 8 248 8zm0 96c48.6 0 88 39.4 88 88s-39.4 88-88 88-88-39.4-88-88 39.4-88 88-88zm0 344c-58.7 0-111.3-26.6-146.5-68.2 18.8-35.4 55.6-59.8 98.5-59.8 2.4 0 4.8.4 7.1 1.1 13 4.2 26.6 6.9 40.9 6.9 14.3 0 28-2.7 40.9-6.9 2.3-.7 4.7-1.1 7.1-1.1 42.9 0 79.7 24.4 98.5 59.8C359.3 421.4 306.7 448 248 448z\"\/><\/svg>\n        \n        \n        \n            <\/div>\n    \n\n\n<\/div><a class=\"bde-container-link-361-201 bde-container-link breakdance-link\" href=\"mailto:info@megamajice.com\" target=\"_self\" data-type=\"url\">\n  \n  \n\t\n\n\n\n<div class=\"bde-text-361-202 bde-text\">\nWritten by: Mirza Hod\u017ei\u0107\n<\/div>\n\n<\/a>\n<\/div><div class=\"bde-div-361-203 bde-div\">\n  \n  \n\t\n\n\n\n<div class=\"bde-icon-361-204 bde-icon\">\n\n    \n            <div class=\"bde-icon-icon breakdance-icon-atom\" >\n    \n                    <svg xmlns=\"http:\/\/www.w3.org\/2000\/svg\" viewbox=\"0 0 512 512\"><!-- Font Awesome Free 5.15.1 by @fontawesome - https:\/\/fontawesome.com License - https:\/\/fontawesome.com\/license\/free (Icons: CC BY 4.0, Fonts: SIL OFL 1.1, Code: MIT License) --><path d=\"M256,8C119,8,8,119,8,256S119,504,256,504,504,393,504,256,393,8,256,8Zm92.49,313h0l-20,25a16,16,0,0,1-22.49,2.5h0l-67-49.72a40,40,0,0,1-15-31.23V112a16,16,0,0,1,16-16h32a16,16,0,0,1,16,16V256l58,42.5A16,16,0,0,1,348.49,321Z\"\/><\/svg>\n        \n        \n        \n            <\/div>\n    \n\n\n<\/div><a class=\"bde-container-link-361-205 bde-container-link breakdance-link\" href=\"mailto:info@megamajice.com\" target=\"_self\" data-type=\"url\">\n  \n  \n\t\n\n\n\n<div class=\"bde-text-361-206 bde-text\">\nPublished on 01.10.2024.\n<\/div>\n\n<\/a>\n<\/div>\n<\/div><div class=\"bde-columns-361-168 bde-columns\"><div class=\"bde-column-361-169 bde-column\">\n  \n  \n\t\n\n\n\n<div class=\"bde-image-361-167 bde-image\">\n<figure class=\"breakdance-image breakdance-image--368\">\n\t<div class=\"breakdance-image-container\">\n\t\t<div class=\"breakdance-image-clip\"><img loading=\"lazy\" decoding=\"async\" class=\"breakdance-image-object\" src=\"https:\/\/dtfprint.hr\/wp-content\/uploads\/2024\/09\/dtf_printer_dtf_print_hr_mimaki.jpg\" width=\"800\" height=\"498\" srcset=\"https:\/\/dtfprint.hr\/wp-content\/uploads\/2024\/09\/dtf_printer_dtf_print_hr_mimaki.jpg 800w, https:\/\/dtfprint.hr\/wp-content\/uploads\/2024\/09\/dtf_printer_dtf_print_hr_mimaki-300x187.jpg 300w, https:\/\/dtfprint.hr\/wp-content\/uploads\/2024\/09\/dtf_printer_dtf_print_hr_mimaki-768x478.jpg 768w, https:\/\/dtfprint.hr\/wp-content\/uploads\/2024\/09\/dtf_printer_dtf_print_hr_mimaki-600x374.jpg 600w\" sizes=\"auto, (max-width: 800px) 100vw, 800px\"><\/div>\n\t<\/div><\/figure>\n\n<\/div><div class=\"bde-text-361-174 bde-text\">\nDTF printer\n<\/div>\n<\/div><div class=\"bde-column-361-170 bde-column\">\n  \n  \n\t\n\n\n\n<div class=\"bde-text-361-171 bde-text\">\nDTF or Direct-to-Film refers to a printing technique using special DTF CMYKW inks on thermal or cold release PET film, approximately 0.75 mm thick. In order for the colors to be visible on darker fabrics, white ink is needed, which serves as a base.<br><br>After the design is printed on the film, a heat-melting powder adhesive is applied to the still-wet ink. In smaller production processes this is usually done manually, while in industrial plants automatic solutions with vibrating machines are used. The powder must be applied as evenly as possible, and the excess is removed before the film enters the drying oven or heat press, where it is processed at around 160 degrees Celsius. In the case of using a heat press, it is recommended that the top plate does not touch the glue, but that a distance of 4 to 7 mm remains.<br><br>The film with the fully colored and pre-glued motif is then transferred to the pre-pressed fabric. This step, known as &quot;fixing&quot;, takes about 20 seconds at a temperature of 160 to 170 degrees Celsius. Most manufacturers recommend using silicone paper on top to protect the print.\n<\/div>\n<\/div><\/div><div class=\"bde-columns-361-175 bde-columns\"><div class=\"bde-column-361-176 bde-column\">\n  \n  \n\t\n\n\n\n<div class=\"bde-text-361-172 bde-text\">\nWhen the fabric reaches room temperature again, the cold release film can be removed, leaving only the printed motif behind. Heat release film for DTF is less common, but more efficient because it can be removed immediately after opening the heat press. You can order through our website <a href=\"https:\/\/dtfprint.hr\/en\/product\/dtf-transfer-film-antistatic-double-coated-hot-release-75%c2%b5m-100m-roll\/\">high-quality DTF PET foil that can be removed when warm<\/a>, and we use the same foil during production <a href=\"https:\/\/dtfprint.hr\/en\/product-category\/dtf-copies\/\">our DTF transfers<\/a>. With both types of films, it is not necessary to remove excess material (so-called weeding), because only the printed part is glued to the fabric.<br><br>As a final step, a brief placement in a heat press is recommended to improve resistance to washing and rubbing. The DTF process works equally well with natural fibers such as cotton or silk, as well as with man-made materials such as polyester or blends. Thanks to the white ink layer, DTF prints look just as good on dark fabrics as they do on white or pastel textiles. The print is elastic and resistant to cracking.\n<\/div>\n<\/div><div class=\"bde-column-361-177 bde-column\">\n  \n  \n\t\n\n\n\n<div class=\"bde-image-361-178 bde-image\">\n<figure class=\"breakdance-image breakdance-image--408\">\n\t<div class=\"breakdance-image-container\">\n\t\t<div class=\"breakdance-image-clip\"><img loading=\"lazy\" decoding=\"async\" class=\"breakdance-image-object\" src=\"https:\/\/dtfprint.hr\/wp-content\/uploads\/2024\/09\/izrezi_dtf_preslikace.jpg\" width=\"1000\" height=\"1000\" srcset=\"https:\/\/dtfprint.hr\/wp-content\/uploads\/2024\/09\/izrezi_dtf_preslikace.jpg 1000w, https:\/\/dtfprint.hr\/wp-content\/uploads\/2024\/09\/izrezi_dtf_preslikace-300x300.jpg 300w, https:\/\/dtfprint.hr\/wp-content\/uploads\/2024\/09\/izrezi_dtf_preslikace-150x150.jpg 150w, https:\/\/dtfprint.hr\/wp-content\/uploads\/2024\/09\/izrezi_dtf_preslikace-768x768.jpg 768w, https:\/\/dtfprint.hr\/wp-content\/uploads\/2024\/09\/izrezi_dtf_preslikace-600x600.jpg 600w\" sizes=\"auto, (max-width: 1000px) 100vw, 1000px\"><\/div>\n\t<\/div><\/figure>\n\n<\/div><div class=\"bde-text-361-179 bde-text\">\nCutting DTF transfers\n<\/div>\n<\/div><\/div><\/div>\n<\/section><section class=\"bde-section-361-116 bde-section\">\n  \n  \n\t\n\n\n\n<div class=\"section-container\"><h1 class=\"bde-heading-361-145 bde-heading\">\nWhat is needed to create a DTF mapper?\n<\/h1><div class=\"bde-columns-361-118 bde-columns\"><div class=\"bde-column-361-119 bde-column\">\n  \n  \n\t\n\n\n\n<h3 class=\"bde-heading-361-124 bde-heading\">\nDTF printer\n<\/h3><div class=\"bde-image-361-123 bde-image\">\n<figure class=\"breakdance-image breakdance-image--370\">\n\t<div class=\"breakdance-image-container\">\n\t\t<div class=\"breakdance-image-clip\"><img loading=\"lazy\" decoding=\"async\" class=\"breakdance-image-object\" src=\"https:\/\/dtfprint.hr\/wp-content\/uploads\/2024\/09\/dtf_printer_dtf_print_hr_mimaki_square.jpg\" width=\"1000\" height=\"1000\" srcset=\"https:\/\/dtfprint.hr\/wp-content\/uploads\/2024\/09\/dtf_printer_dtf_print_hr_mimaki_square.jpg 1000w, https:\/\/dtfprint.hr\/wp-content\/uploads\/2024\/09\/dtf_printer_dtf_print_hr_mimaki_square-300x300.jpg 300w, https:\/\/dtfprint.hr\/wp-content\/uploads\/2024\/09\/dtf_printer_dtf_print_hr_mimaki_square-150x150.jpg 150w, https:\/\/dtfprint.hr\/wp-content\/uploads\/2024\/09\/dtf_printer_dtf_print_hr_mimaki_square-768x768.jpg 768w, https:\/\/dtfprint.hr\/wp-content\/uploads\/2024\/09\/dtf_printer_dtf_print_hr_mimaki_square-600x600.jpg 600w\" sizes=\"auto, (max-width: 1000px) 100vw, 1000px\"><\/div>\n\t<\/div><\/figure>\n\n<\/div><div class=\"bde-text-361-137 bde-text\">\nSpecially designed printers with two or more print heads that can print on PET DTF films using pigment ink\n<\/div>\n<\/div><div class=\"bde-column-361-125 bde-column\">\n  \n  \n\t\n\n\n\n<h3 class=\"bde-heading-361-126 bde-heading\">\nDTF inks\n<\/h3><div class=\"bde-image-361-127 bde-image\">\n<figure class=\"breakdance-image breakdance-image--162\">\n\t<div class=\"breakdance-image-container\">\n\t\t<div class=\"breakdance-image-clip\"><img loading=\"lazy\" decoding=\"async\" class=\"breakdance-image-object\" src=\"https:\/\/dtfprint.hr\/wp-content\/uploads\/2024\/09\/dtfprint_hr_premium_boja_za_dtf_ink_dtf_cmykw_set_5x_1l.jpg\" width=\"1000\" height=\"1000\" srcset=\"https:\/\/dtfprint.hr\/wp-content\/uploads\/2024\/09\/dtfprint_hr_premium_boja_za_dtf_ink_dtf_cmykw_set_5x_1l.jpg 1000w, https:\/\/dtfprint.hr\/wp-content\/uploads\/2024\/09\/dtfprint_hr_premium_boja_za_dtf_ink_dtf_cmykw_set_5x_1l-324x324.jpg 324w, https:\/\/dtfprint.hr\/wp-content\/uploads\/2024\/09\/dtfprint_hr_premium_boja_za_dtf_ink_dtf_cmykw_set_5x_1l-100x100.jpg 100w, https:\/\/dtfprint.hr\/wp-content\/uploads\/2024\/09\/dtfprint_hr_premium_boja_za_dtf_ink_dtf_cmykw_set_5x_1l-416x416.jpg 416w, https:\/\/dtfprint.hr\/wp-content\/uploads\/2024\/09\/dtfprint_hr_premium_boja_za_dtf_ink_dtf_cmykw_set_5x_1l-300x300.jpg 300w, https:\/\/dtfprint.hr\/wp-content\/uploads\/2024\/09\/dtfprint_hr_premium_boja_za_dtf_ink_dtf_cmykw_set_5x_1l-150x150.jpg 150w, https:\/\/dtfprint.hr\/wp-content\/uploads\/2024\/09\/dtfprint_hr_premium_boja_za_dtf_ink_dtf_cmykw_set_5x_1l-768x768.jpg 768w\" sizes=\"auto, (max-width: 1000px) 100vw, 1000px\"><\/div>\n\t<\/div><\/figure>\n\n<\/div><div class=\"bde-text-361-138 bde-text\">\nSpecial pigment inks adapted for printing on DTF films.\n<\/div><div class=\"bde-button-361-142 bde-button\">\n    \n                        \n                        \n    \n    \n    \n    \n            \n                    \n            \n            \n\n    \n    \n    \n    \n    \n    <a class=\"breakdance-link button-atom button-atom--text bde-button__button\" href=\"https:\/\/dtfprint.hr\/en\/product-category\/dtf-consumables\/dtf-inks\/\" target=\"_self\" data-type=\"url\"  >\n\n    \n        <span class=\"button-atom__text\">Buy inks<\/span>\n\n        \n        \n                <\/a>\n\n    \n\n\n<\/div>\n<\/div><div class=\"bde-column-361-128 bde-column\">\n  \n  \n\t\n\n\n\n<h3 class=\"bde-heading-361-129 bde-heading\">\nDTF film\n<\/h3><div class=\"bde-image-361-130 bde-image\">\n<figure class=\"breakdance-image breakdance-image--168\">\n\t<div class=\"breakdance-image-container\">\n\t\t<div class=\"breakdance-image-clip\"><img loading=\"lazy\" decoding=\"async\" class=\"breakdance-image-object\" src=\"https:\/\/dtfprint.hr\/wp-content\/uploads\/2024\/09\/dtf_folija_2x_100m_hot_peel_vruce_odljepljivanje_dtfprint_hr.jpg\" width=\"1000\" height=\"1000\" srcset=\"https:\/\/dtfprint.hr\/wp-content\/uploads\/2024\/09\/dtf_folija_2x_100m_hot_peel_vruce_odljepljivanje_dtfprint_hr.jpg 1000w, https:\/\/dtfprint.hr\/wp-content\/uploads\/2024\/09\/dtf_folija_2x_100m_hot_peel_vruce_odljepljivanje_dtfprint_hr-324x324.jpg 324w, https:\/\/dtfprint.hr\/wp-content\/uploads\/2024\/09\/dtf_folija_2x_100m_hot_peel_vruce_odljepljivanje_dtfprint_hr-100x100.jpg 100w, https:\/\/dtfprint.hr\/wp-content\/uploads\/2024\/09\/dtf_folija_2x_100m_hot_peel_vruce_odljepljivanje_dtfprint_hr-416x416.jpg 416w, https:\/\/dtfprint.hr\/wp-content\/uploads\/2024\/09\/dtf_folija_2x_100m_hot_peel_vruce_odljepljivanje_dtfprint_hr-300x300.jpg 300w, https:\/\/dtfprint.hr\/wp-content\/uploads\/2024\/09\/dtf_folija_2x_100m_hot_peel_vruce_odljepljivanje_dtfprint_hr-150x150.jpg 150w, https:\/\/dtfprint.hr\/wp-content\/uploads\/2024\/09\/dtf_folija_2x_100m_hot_peel_vruce_odljepljivanje_dtfprint_hr-768x768.jpg 768w\" sizes=\"auto, (max-width: 1000px) 100vw, 1000px\"><\/div>\n\t<\/div><\/figure>\n\n<\/div><div class=\"bde-text-361-139 bde-text\">\nSpecialized films on which patterns are printed before being transferred to fabric.\n<\/div><div class=\"bde-button-361-143 bde-button\">\n    \n                        \n                        \n    \n    \n    \n    \n            \n                    \n            \n            \n\n    \n    \n    \n    \n    \n    <a class=\"breakdance-link button-atom button-atom--text bde-button__button\" href=\"https:\/\/dtfprint.hr\/en\/product\/dtf-transfer-film-antistatic-double-coated-hot-release-75%c2%b5m-100m-roll\/\" target=\"_self\" data-type=\"url\"  >\n\n    \n        <span class=\"button-atom__text\">Buy hot peel transfer rolls<\/span>\n\n        \n        \n                <\/a>\n\n    \n\n\n<\/div>\n<\/div><div class=\"bde-column-361-131 bde-column\">\n  \n  \n\t\n\n\n\n<h3 class=\"bde-heading-361-132 bde-heading\">\nPowdered glue\n<\/h3><div class=\"bde-image-361-133 bde-image\">\n<figure class=\"breakdance-image breakdance-image--182\">\n\t<div class=\"breakdance-image-container\">\n\t\t<div class=\"breakdance-image-clip\"><img loading=\"lazy\" decoding=\"async\" class=\"breakdance-image-object\" src=\"https:\/\/dtfprint.hr\/wp-content\/uploads\/2024\/09\/dtf_print_hr_melt_ljepilo_hot_melt_glue_prah.jpg\" width=\"1000\" height=\"1000\" srcset=\"https:\/\/dtfprint.hr\/wp-content\/uploads\/2024\/09\/dtf_print_hr_melt_ljepilo_hot_melt_glue_prah.jpg 1000w, https:\/\/dtfprint.hr\/wp-content\/uploads\/2024\/09\/dtf_print_hr_melt_ljepilo_hot_melt_glue_prah-324x324.jpg 324w, https:\/\/dtfprint.hr\/wp-content\/uploads\/2024\/09\/dtf_print_hr_melt_ljepilo_hot_melt_glue_prah-100x100.jpg 100w, https:\/\/dtfprint.hr\/wp-content\/uploads\/2024\/09\/dtf_print_hr_melt_ljepilo_hot_melt_glue_prah-416x416.jpg 416w, https:\/\/dtfprint.hr\/wp-content\/uploads\/2024\/09\/dtf_print_hr_melt_ljepilo_hot_melt_glue_prah-300x300.jpg 300w, https:\/\/dtfprint.hr\/wp-content\/uploads\/2024\/09\/dtf_print_hr_melt_ljepilo_hot_melt_glue_prah-150x150.jpg 150w, https:\/\/dtfprint.hr\/wp-content\/uploads\/2024\/09\/dtf_print_hr_melt_ljepilo_hot_melt_glue_prah-768x768.jpg 768w\" sizes=\"auto, (max-width: 1000px) 100vw, 1000px\"><\/div>\n\t<\/div><\/figure>\n\n<\/div><div class=\"bde-text-361-140 bde-text\">\nA key component that allows the design to adhere to the fabric.\n<\/div><div class=\"bde-button-361-144 bde-button\">\n    \n                        \n                        \n    \n    \n    \n    \n            \n                    \n            \n            \n\n    \n    \n    \n    \n    \n    <a class=\"breakdance-link button-atom button-atom--text bde-button__button\" href=\"https:\/\/dtfprint.hr\/en\/product\/hot-melt-praskasto-ljepilo-za-dtf-filmove\/\" target=\"_self\" data-type=\"url\"  >\n\n    \n        <span class=\"button-atom__text\">Buy powdered glue<\/span>\n\n        \n        \n                <\/a>\n\n    \n\n\n<\/div>\n<\/div><div class=\"bde-column-361-134 bde-column\">\n  \n  \n\t\n\n\n\n<h3 class=\"bde-heading-361-135 bde-heading\">\nHeat press\n<\/h3><div class=\"bde-image-361-136 bde-image\">\n<figure class=\"breakdance-image breakdance-image--371\">\n\t<div class=\"breakdance-image-container\">\n\t\t<div class=\"breakdance-image-clip\"><img loading=\"lazy\" decoding=\"async\" class=\"breakdance-image-object\" src=\"https:\/\/dtfprint.hr\/wp-content\/uploads\/2024\/09\/termo_presa_dtf_print.jpg\" width=\"1000\" height=\"1000\" srcset=\"https:\/\/dtfprint.hr\/wp-content\/uploads\/2024\/09\/termo_presa_dtf_print.jpg 1000w, https:\/\/dtfprint.hr\/wp-content\/uploads\/2024\/09\/termo_presa_dtf_print-300x300.jpg 300w, https:\/\/dtfprint.hr\/wp-content\/uploads\/2024\/09\/termo_presa_dtf_print-150x150.jpg 150w, https:\/\/dtfprint.hr\/wp-content\/uploads\/2024\/09\/termo_presa_dtf_print-768x768.jpg 768w, https:\/\/dtfprint.hr\/wp-content\/uploads\/2024\/09\/termo_presa_dtf_print-600x600.jpg 600w\" sizes=\"auto, (max-width: 1000px) 100vw, 1000px\"><\/div>\n\t<\/div><\/figure>\n\n<\/div><div class=\"bde-text-361-141 bde-text\">\nStandard thermal press for applying the imager to t-shirts\/fabric.\n<\/div>\n<\/div><\/div><\/div>\n<\/section><div class=\"bde-globalblock-361-197 bde-globalblock\"><section class=\"bde-section-450-118-450-1 bde-section bde-section-450-118\">\n  \n  \n\t\n\n\n\n<div class=\"section-container\"><h2 class=\"bde-heading-450-101-450-1 bde-heading bde-heading-450-101\">\nOrder Premium DTF transfers online at the best price\n<\/h2><h2 class=\"bde-heading-450-119-450-1 bde-heading bde-heading-450-119\">\nPrice list of DTF transfers (58cm width)\n<\/h2><div class=\"bde-columns-450-121-450-1 bde-columns bde-columns-450-121\"><div class=\"bde-column-450-122-450-1 bde-column bde-column-450-122\">\n  \n  \n\t\n\n\n\n<div class=\"bde-div-450-124-450-1 bde-div bde-div-450-124\">\n  \n  \n\t\n\n\n\n<div class=\"bde-fancy-divider-450-125-450-1 bde-fancy-divider bde-fancy-divider-450-125\">\n\n\n<div class=\"bde-fancy-divider__wrapper\">\n  <div class=\"bde-fancy-divider__separator has-content has-content-flex-start\">\n  \t    \t    \t          <div class=\"bde-fancy-divider__content bde-fancy-divider__content--text\">\n          1 meter\n          <\/div>\n    \t      <\/div>\n<\/div>\n\n<\/div><div class=\"bde-text-450-126-450-1 bde-text bde-text-450-126\">\n14,90\u20ac\n<\/div>\n<\/div><div class=\"bde-div-450-127-450-1 bde-div bde-div-450-127\">\n  \n  \n\t\n\n\n\n<div class=\"bde-fancy-divider-450-128-450-1 bde-fancy-divider bde-fancy-divider-450-128\">\n\n\n<div class=\"bde-fancy-divider__wrapper\">\n  <div class=\"bde-fancy-divider__separator has-content has-content-flex-start\">\n  \t    \t    \t          <div class=\"bde-fancy-divider__content bde-fancy-divider__content--text\">\n          1m - 10m\n          <\/div>\n    \t      <\/div>\n<\/div>\n\n<\/div><div class=\"bde-text-450-204-450-1 bde-text bde-text-450-204\">\n11,90\u20ac\n<\/div>\n<\/div><div class=\"bde-div-450-130-450-1 bde-div bde-div-450-130\">\n  \n  \n\t\n\n\n\n<div class=\"bde-fancy-divider-450-131-450-1 bde-fancy-divider bde-fancy-divider-450-131\">\n\n\n<div class=\"bde-fancy-divider__wrapper\">\n  <div class=\"bde-fancy-divider__separator has-content has-content-flex-start\">\n  \t    \t    \t          <div class=\"bde-fancy-divider__content bde-fancy-divider__content--text\">\n          10 meters and more\n          <\/div>\n    \t      <\/div>\n<\/div>\n\n<\/div><div class=\"bde-text-450-205-450-1 bde-text bde-text-450-205\">\n8,90\u20ac\n<\/div>\n<\/div><div class=\"bde-div-450-140-450-1 bde-div bde-div-450-140\">\n  \n  \n\t\n\n\n\n<div class=\"bde-text-450-207-450-1 bde-text bde-text-450-207\">\nU cijenu je uklju\u010deno pakiranje u vodootporni PELD omot i za\u0161titna kartonska kutija.\n<\/div><div class=\"bde-text-450-208-450-1 bde-text bde-text-450-208\">\nBuy without VAT if outside of Croatia (EU)\n<\/div>\n<\/div>\n<\/div><\/div><\/div>\n<\/section><section class=\"bde-section-450-100-450-1 bde-section bde-section-450-100\">\n  \n  \n\t\n\n\n\n<div class=\"section-container\"><div class=\"bde-columns-450-102-450-1 bde-columns bde-columns-450-102\"><div class=\"bde-column-450-103-450-1 bde-column bde-column-450-103\">\n  \n  \n\t\n\n\n\n<h2 class=\"bde-heading-450-104-450-1 bde-heading bde-heading-450-104\">\nOnline DTF designer\n<\/h2><div class=\"bde-div-450-105-450-1 bde-div bde-div-450-105\">\n  \n  \n\t\n\n\n\n<div class=\"bde-text-450-106-450-1 bde-text bde-text-450-106\">\nFor beginners\n<\/div>\n<\/div><div class=\"bde-image-450-107-450-1 bde-image bde-image-450-107\">\n<figure class=\"breakdance-image breakdance-image--269\">\n\t<div class=\"breakdance-image-container\">\n\t\t<div class=\"breakdance-image-clip\"><img loading=\"lazy\" decoding=\"async\" class=\"breakdance-image-object\" src=\"https:\/\/dtfprint.hr\/wp-content\/uploads\/2024\/09\/CTA_Dtfprint_PC8bit.png\" width=\"1200\" height=\"750\" srcset=\"https:\/\/dtfprint.hr\/wp-content\/uploads\/2024\/09\/CTA_Dtfprint_PC8bit.png 1200w, https:\/\/dtfprint.hr\/wp-content\/uploads\/2024\/09\/CTA_Dtfprint_PC8bit-300x188.png 300w, https:\/\/dtfprint.hr\/wp-content\/uploads\/2024\/09\/CTA_Dtfprint_PC8bit-1024x640.png 1024w, https:\/\/dtfprint.hr\/wp-content\/uploads\/2024\/09\/CTA_Dtfprint_PC8bit-768x480.png 768w, https:\/\/dtfprint.hr\/wp-content\/uploads\/2024\/09\/CTA_Dtfprint_PC8bit-600x375.png 600w\" sizes=\"auto, (max-width: 1200px) 100vw, 1200px\" alt=\"DTF gangsheet - Online DTF designer\"><\/div>\n\t<\/div><\/figure>\n\n<\/div><div class=\"bde-text-450-108-450-1 bde-text bde-text-450-108\">\nFor beginners or those without design software, the DTFprint.hr online DTF Gangsheet designer is the perfect solution. With a user-friendly interface and a range of customization tools, creating DTF transfers has never been easier.\n<\/div><div class=\"bde-button-450-109-450-1 bde-button bde-button-450-109\">\n    \n                                    \n    \n    \n    \n    \n            \n                    \n            \n            \n\n    \n    \n    \n    \n    \n    <a class=\"breakdance-link button-atom button-atom--primary bde-button__button\" href=\"https:\/\/dtfprint.hr\/en\/product\/create-dtf-gangsheet-online\/\" target=\"_self\" data-type=\"url\"  >\n\n    \n        <span class=\"button-atom__text\">Open online designer<\/span>\n\n        \n        \n                <\/a>\n\n    \n\n\n<\/div>\n<\/div><div class=\"bde-column-450-110-450-1 bde-column bde-column-450-110\">\n  \n  \n\t\n\n\n\n<h2 class=\"bde-heading-450-111-450-1 bde-heading bde-heading-450-111\">\nUpload your PDF\n<\/h2><div class=\"bde-div-450-112-450-1 bde-div bde-div-450-112\">\n  \n  \n\t\n\n\n\n<div class=\"bde-text-450-113-450-1 bde-text bde-text-450-113\">\nExperienced users\n<\/div>\n<\/div><div class=\"bde-image-450-114-450-1 bde-image bde-image-450-114\">\n<figure class=\"breakdance-image breakdance-image--280\">\n\t<div class=\"breakdance-image-container\">\n\t\t<div class=\"breakdance-image-clip\"><img loading=\"lazy\" decoding=\"async\" class=\"breakdance-image-object\" src=\"https:\/\/dtfprint.hr\/wp-content\/uploads\/2024\/09\/naruci_dtf_pdf_online.png\" width=\"1000\" height=\"777\" srcset=\"https:\/\/dtfprint.hr\/wp-content\/uploads\/2024\/09\/naruci_dtf_pdf_online.png 1000w, https:\/\/dtfprint.hr\/wp-content\/uploads\/2024\/09\/naruci_dtf_pdf_online-300x233.png 300w, https:\/\/dtfprint.hr\/wp-content\/uploads\/2024\/09\/naruci_dtf_pdf_online-768x597.png 768w, https:\/\/dtfprint.hr\/wp-content\/uploads\/2024\/09\/naruci_dtf_pdf_online-600x466.png 600w\" sizes=\"auto, (max-width: 1000px) 100vw, 1000px\" alt=\"DTF imagers with a width of 58 cm and a length of up to 100 m\"><\/div>\n\t<\/div><\/figure>\n\n<\/div><div class=\"bde-text-450-115-450-1 bde-text bde-text-450-115\">\nUpload one or more pdf print ready files, enter dimensions and order DTF transfers for textile products with automatic price calculation depending on the ordered length. More meters \u2013 more savings!\n<\/div><div class=\"bde-button-450-116-450-1 bde-button bde-button-450-116\">\n    \n                                    \n    \n    \n    \n    \n            \n                    \n            \n            \n\n    \n    \n    \n    \n    \n    <a class=\"breakdance-link button-atom button-atom--primary bde-button__button\" href=\"https:\/\/dtfprint.hr\/en\/product\/upload-your-dtf-pdf-transfer-file\/\" target=\"_self\" data-type=\"url\"  >\n\n    \n        <span class=\"button-atom__text\">Upload your PDF<\/span>\n\n        \n        \n                <\/a>\n\n    \n\n\n<\/div>\n<\/div><\/div><\/div>\n<\/section><\/div>","protected":false},"excerpt":{"rendered":"<p>DTF Tehnologija Tiska: Nova Era u Dekoriranju Tekstila Pi\u0161e: Mirza Hod\u017ei\u0107 Objavljeno 01.10.2024. DTF printer DTF ili Direct-to-Film odnosi se na tehniku ispisa pomo\u0107u posebnih DTF CMYKW tinti na PET film za toplinsko ili hladno skidanje, debljine otprilike 0,75 mm. Kako bi boje bile vidljive i na tamnijim tkaninama, potrebna je bijela tinta koja slu\u017ei [&hellip;]<\/p>\n","protected":false},"author":1,"featured_media":280,"parent":396,"menu_order":0,"comment_status":"closed","ping_status":"closed","template":"","meta":{"_seopress_robots_primary_cat":"","_seopress_titles_title":"\u0160to je DTF - Direct to film - Informacije, savjeti i upute","_seopress_titles_desc":"\u0160to je sve potrebno za izradu DTF preslika\u010da? 1.DTF printer 2.DTF boja 3.DTF folija 4. DTF Ljepilo 5. Termo pre\u0161a","_seopress_robots_index":"","_breakdance_hide_in_design_set":false,"_breakdance_tags":"","footnotes":""},"class_list":["post-361","page","type-page","status-publish","has-post-thumbnail","hentry"],"_links":{"self":[{"href":"https:\/\/dtfprint.hr\/en\/wp-json\/wp\/v2\/pages\/361","targetHints":{"allow":["GET"]}}],"collection":[{"href":"https:\/\/dtfprint.hr\/en\/wp-json\/wp\/v2\/pages"}],"about":[{"href":"https:\/\/dtfprint.hr\/en\/wp-json\/wp\/v2\/types\/page"}],"author":[{"embeddable":true,"href":"https:\/\/dtfprint.hr\/en\/wp-json\/wp\/v2\/users\/1"}],"replies":[{"embeddable":true,"href":"https:\/\/dtfprint.hr\/en\/wp-json\/wp\/v2\/comments?post=361"}],"version-history":[{"count":22,"href":"https:\/\/dtfprint.hr\/en\/wp-json\/wp\/v2\/pages\/361\/revisions"}],"predecessor-version":[{"id":929,"href":"https:\/\/dtfprint.hr\/en\/wp-json\/wp\/v2\/pages\/361\/revisions\/929"}],"up":[{"embeddable":true,"href":"https:\/\/dtfprint.hr\/en\/wp-json\/wp\/v2\/pages\/396"}],"wp:featuredmedia":[{"embeddable":true,"href":"https:\/\/dtfprint.hr\/en\/wp-json\/wp\/v2\/media\/280"}],"wp:attachment":[{"href":"https:\/\/dtfprint.hr\/en\/wp-json\/wp\/v2\/media?parent=361"}],"curies":[{"name":"wp","href":"https:\/\/api.w.org\/{rel}","templated":true}]}}