{"id":32,"date":"2024-09-25T23:40:43","date_gmt":"2024-09-25T21:40:43","guid":{"rendered":"https:\/\/dtfprint.hr\/shop\/?page_id=32"},"modified":"2024-10-28T03:27:14","modified_gmt":"2024-10-28T02:27:14","slug":"how-to-prepare-pdf-for-printing-dtf-copies-dtfprint-hr","status":"publish","type":"page","link":"https:\/\/dtfprint.hr\/en\/upute\/kako-pripremiti-pdf-za-print-dtf-preslikaca-dtfprint-hr\/","title":{"rendered":"Kako pripremiti PDF za print DTF preslika\u010da"},"content":{"rendered":"<section class=\"bde-section-32-103 bde-section\">\n  \n  \n\t\n\n\n\n<div class=\"section-container\"><h1 class=\"bde-heading-32-104 bde-heading\">\nHow to prepare a PDF file for DTF printing production\n<\/h1><div class=\"bde-div-32-263 bde-div\">\n  \n  \n\t\n\n\n\n<div class=\"bde-div-32-264 bde-div\">\n  \n  \n\t\n\n\n\n<div class=\"bde-icon-32-265 bde-icon\">\n\n    \n            <div class=\"bde-icon-icon breakdance-icon-atom\" >\n    \n                    <svg xmlns=\"http:\/\/www.w3.org\/2000\/svg\" viewbox=\"0 0 496 512\"><!-- Font Awesome Free 5.15.1 by @fontawesome - https:\/\/fontawesome.com License - https:\/\/fontawesome.com\/license\/free (Icons: CC BY 4.0, Fonts: SIL OFL 1.1, Code: MIT License) --><path d=\"M248 8C111 8 0 119 0 256s111 248 248 248 248-111 248-248S385 8 248 8zm0 96c48.6 0 88 39.4 88 88s-39.4 88-88 88-88-39.4-88-88 39.4-88 88-88zm0 344c-58.7 0-111.3-26.6-146.5-68.2 18.8-35.4 55.6-59.8 98.5-59.8 2.4 0 4.8.4 7.1 1.1 13 4.2 26.6 6.9 40.9 6.9 14.3 0 28-2.7 40.9-6.9 2.3-.7 4.7-1.1 7.1-1.1 42.9 0 79.7 24.4 98.5 59.8C359.3 421.4 306.7 448 248 448z\"\/><\/svg>\n        \n        \n        \n            <\/div>\n    \n\n\n<\/div><a class=\"bde-container-link-32-266 bde-container-link breakdance-link\" href=\"mailto:info@megamajice.com\" target=\"_self\" data-type=\"url\">\n  \n  \n\t\n\n\n\n<div class=\"bde-text-32-267 bde-text\">\nWritten by: Mirza Hod\u017ei\u0107\n<\/div>\n\n<\/a>\n<\/div><div class=\"bde-div-32-268 bde-div\">\n  \n  \n\t\n\n\n\n<div class=\"bde-icon-32-269 bde-icon\">\n\n    \n            <div class=\"bde-icon-icon breakdance-icon-atom\" >\n    \n                    <svg xmlns=\"http:\/\/www.w3.org\/2000\/svg\" viewbox=\"0 0 512 512\"><!-- Font Awesome Free 5.15.1 by @fontawesome - https:\/\/fontawesome.com License - https:\/\/fontawesome.com\/license\/free (Icons: CC BY 4.0, Fonts: SIL OFL 1.1, Code: MIT License) --><path d=\"M256,8C119,8,8,119,8,256S119,504,256,504,504,393,504,256,393,8,256,8Zm92.49,313h0l-20,25a16,16,0,0,1-22.49,2.5h0l-67-49.72a40,40,0,0,1-15-31.23V112a16,16,0,0,1,16-16h32a16,16,0,0,1,16,16V256l58,42.5A16,16,0,0,1,348.49,321Z\"\/><\/svg>\n        \n        \n        \n            <\/div>\n    \n\n\n<\/div><a class=\"bde-container-link-32-270 bde-container-link breakdance-link\" href=\"mailto:info@megamajice.com\" target=\"_self\" data-type=\"url\">\n  \n  \n\t\n\n\n\n<div class=\"bde-text-32-271 bde-text\">\nPublished on September 28, 2024.\n<\/div>\n\n<\/a>\n<\/div>\n<\/div><div class=\"bde-text-32-105 bde-text\">\nCreating high-quality graphic PDF file for DTF printers is key to achieving optimal printing results. Although PDF preparation can be done in different graphic programs, DTFprint.hr recommends using <b>CorelDraw<\/b> or <b>Adobe Illustrator<\/b> for the best precision and control. Here we will guide you step by step through the preparation process for DTF transfers.<br>\n<\/div><h3 class=\"bde-heading-32-117 bde-heading\">\nKey guidelines for creating your print ready PDF<br>\n<\/h3><div class=\"bde-columns-32-118 bde-columns\"><div class=\"bde-column-32-119 bde-column\">\n  \n  \n\t\n\n\n\n<div class=\"bde-text-32-121 bde-text\">\nPreparation dimensions:\n<\/div><div class=\"bde-text-32-124 bde-text\">\nPreparation dimensions: The width of the PDF document should be 58 cm, while the length can be up to 100 meters, but it is recommended to divide longer files into segments of up to 15 meters for easier manipulation and better computer performance.\n<\/div>\n<\/div><div class=\"bde-column-32-122 bde-column\">\n  \n  \n\t\n\n\n\n<div class=\"bde-text-32-125 bde-text\">\nFormats and colors\n<\/div><div class=\"bde-text-32-123 bde-text\">\nFormats and colors: It is ideal to prepare in vectors (curves) and use the CMYK color palette. Also, you can work in the RGB palette because the rip software we use supports RGB and reproduces the colors correctly. Resolution should be 300 DPI for best results. A combination of vector and raster is possible.\n<\/div>\n<\/div><\/div><\/div>\n<\/section><section class=\"bde-section-32-129 bde-section\">\n  \n  \n\t\n\n\n\n<div class=\"section-container\"><h1 class=\"bde-heading-32-130 bde-heading\">\nA guide to preparing PDFs for printing in CorelDraw\n<\/h1><div class=\"bde-columns-32-131 bde-columns\"><div class=\"bde-column-32-133 bde-column\">\n  \n  \n\t\n\n\n\n<h2 class=\"bde-heading-32-142 bde-heading\">\n1. New file width 58cm<br>\n<\/h2><div class=\"bde-text-32-149 bde-text\">\nCreate a new file in CorelDraw. Ideally - the color palette should be in the CMYK spectrum, with a resolution of 300 dpi.<br><br>Select 58 cm as the width of the document. In our example, we will use a length of 3.5 meters or 3500mm, but you can enter the length you need. Note that the program can slow down if you have a lot of elements, so we recommend creating files up to 15m long.\n<\/div>\n<\/div><div class=\"bde-column-32-132 bde-column\">\n  \n  \n\t\n\n\n\n<div class=\"bde-image-32-138 bde-image\">\n<figure class=\"breakdance-image breakdance-image--423\">\n\t<div class=\"breakdance-image-container\">\n\t\t<div class=\"breakdance-image-clip\"><img loading=\"lazy\" decoding=\"async\" class=\"breakdance-image-object\" src=\"https:\/\/dtfprint.hr\/wp-content\/uploads\/2024\/09\/novi_dokument.jpg\" width=\"413\" height=\"470\" srcset=\"https:\/\/dtfprint.hr\/wp-content\/uploads\/2024\/09\/novi_dokument.jpg 413w, https:\/\/dtfprint.hr\/wp-content\/uploads\/2024\/09\/novi_dokument-264x300.jpg 264w\" sizes=\"auto, (max-width: 413px) 100vw, 413px\"><\/div>\n\t<\/div><\/figure>\n\n<\/div>\n<\/div><\/div><\/div>\n<\/section><section class=\"bde-section-32-261 bde-section\">\n  \n  \n\t\n\n\n\n<div class=\"section-container\"><div class=\"bde-columns-32-144 bde-columns\"><div class=\"bde-column-32-147 bde-column\">\n  \n  \n\t\n\n\n\n<h2 class=\"bde-heading-32-148 bde-heading\">\n2.a - If you combine several different graphics into one file\n<\/h2><h4 class=\"bde-heading-32-216 bde-heading\">\nCreation of the so-called Gangsheet, which can contain many different motifs\n<\/h4><div class=\"bde-rich-text-32-150 bde-rich-text breakdance-rich-text-styles\">\n<ul>\n<li>Place elements like <strong>JPEG<\/strong>, <strong>PNG<\/strong>, <strong>SVG<\/strong> file within the workspace. Make sure that the elements do not overlap and that there are no thin lines - the thinnest line we can print is <strong>0.5 mm<\/strong>.<\/li>\n<li>If you use text, by all means <strong>convert it to curves<\/strong> to avoid font problems.<\/li>\n<li><strong>Don&#039;t mirror<\/strong> elements - send them as a positive.<\/li>\n<li>Pay attention that the dimensions of your elements are set in the dimensions you need<\/li>\n<\/ul>\n<\/div><div class=\"bde-div-32-159 bde-div\">\n  \n  \n\t\n\n\n\n<div class=\"bde-div-32-161 bde-div\">\n  \n  \n\t\n\n\n\n<div class=\"bde-image-32-158 bde-image\">\n<figure class=\"breakdance-image breakdance-image--422\">\n\t<div class=\"breakdance-image-container\">\n\t\t<div class=\"breakdance-image-clip\"><img loading=\"lazy\" decoding=\"async\" class=\"breakdance-image-object\" src=\"https:\/\/dtfprint.hr\/wp-content\/uploads\/2024\/09\/bijela_grafika.jpg\" width=\"732\" height=\"769\" srcset=\"https:\/\/dtfprint.hr\/wp-content\/uploads\/2024\/09\/bijela_grafika.jpg 732w, https:\/\/dtfprint.hr\/wp-content\/uploads\/2024\/09\/bijela_grafika-286x300.jpg 286w, https:\/\/dtfprint.hr\/wp-content\/uploads\/2024\/09\/bijela_grafika-600x630.jpg 600w\" sizes=\"auto, (max-width: 732px) 100vw, 732px\"><\/div>\n\t<\/div><\/figure>\n\n<\/div><div class=\"bde-text-32-215 bde-text\">\nIf you work with white elements - it is useful to temporarily draw a square with a gray background and place it behind all layers so that the white elements are visible. When you are satisfied with the arranged elements, you can delete the square.\n<\/div>\n<\/div>\n<\/div>\n<\/div><div class=\"bde-column-32-145 bde-column\">\n  \n  \n\t\n\n\n\n<div class=\"bde-image-32-146 bde-image\">\n<figure class=\"breakdance-image breakdance-image--424\">\n\t<div class=\"breakdance-image-container\">\n\t\t<div class=\"breakdance-image-clip\"><img loading=\"lazy\" decoding=\"async\" class=\"breakdance-image-object\" src=\"https:\/\/dtfprint.hr\/wp-content\/uploads\/2024\/09\/poslozite_elemente.jpg\" width=\"345\" height=\"769\" srcset=\"https:\/\/dtfprint.hr\/wp-content\/uploads\/2024\/09\/poslozite_elemente.jpg 345w, https:\/\/dtfprint.hr\/wp-content\/uploads\/2024\/09\/poslozite_elemente-135x300.jpg 135w\" sizes=\"auto, (max-width: 345px) 100vw, 345px\"><\/div>\n\t<\/div><\/figure>\n\n<\/div><div class=\"bde-text-32-217 bde-text\">\nAn example of an arranged print-ready graphic\n<\/div>\n<\/div><\/div><\/div>\n<\/section><section class=\"bde-section-32-224 bde-section\">\n  \n  \n\t\n\n\n\n<div class=\"section-container\"><h2 class=\"bde-heading-32-204 bde-heading\">\n2.b - If you want to print a larger quantity of the same graphic\n<\/h2><div class=\"bde-text-32-210 bde-text\">\nIn the following example, we will show you how to make a preparation if you need a large amount of the same graphic without having to duplicate elements countless times. \n<\/div><div class=\"bde-text-32-219 bde-text\">\nLet's say that you need 300 of the same 8.5 cm wide transfers. It is not necessary to duplicate all 300 images, it is enough to create one row of duplicates by opening a new pdf document, adjusting its length so that 6 duplicates fit.<br><br>In our example, we created a preparation that is 58cm wide and 9cm long, and on which 6 8.5cm wide replicas fit.\n<\/div><div class=\"bde-image-32-220 bde-image\">\n<figure class=\"breakdance-image breakdance-image--427\">\n\t<div class=\"breakdance-image-container\">\n\t\t<div class=\"breakdance-image-clip\"><img loading=\"lazy\" decoding=\"async\" class=\"breakdance-image-object\" src=\"https:\/\/dtfprint.hr\/wp-content\/uploads\/2024\/09\/vise_preslikaca.jpg\" width=\"1451\" height=\"283\" srcset=\"https:\/\/dtfprint.hr\/wp-content\/uploads\/2024\/09\/vise_preslikaca.jpg 1451w, https:\/\/dtfprint.hr\/wp-content\/uploads\/2024\/09\/vise_preslikaca-300x59.jpg 300w, https:\/\/dtfprint.hr\/wp-content\/uploads\/2024\/09\/vise_preslikaca-1024x200.jpg 1024w, https:\/\/dtfprint.hr\/wp-content\/uploads\/2024\/09\/vise_preslikaca-768x150.jpg 768w, https:\/\/dtfprint.hr\/wp-content\/uploads\/2024\/09\/vise_preslikaca-600x117.jpg 600w\" sizes=\"auto, (max-width: 1451px) 100vw, 1451px\"><\/div>\n\t<\/div><\/figure>\n\n<\/div><div class=\"bde-text-32-222 bde-text\">\nConsidering that we want to order 300 copies - we need to print the above preparation 50 times. (300\/6=50)<br><br>To know how many times to print your pdf file <b>save with the name: &quot;dtfpreprema_printati_50x&quot; or &quot;dtfpreprema_50x&quot;.<\/b>\n<\/div><h2 class=\"bde-heading-32-226 bde-heading\">\n3. Saving and uploading the pdf file\n<\/h2><div class=\"bde-text-32-228 bde-text\">\nYou can upload and order your files on our website by clicking <a href=\"https:\/\/dtfprint.hr\/en\/product\/upload-your-dtf-pdf-transfer-file\/\">here<\/a>.<br>\n<\/div><div class=\"bde-text-32-238 bde-text\">\nThe price of your transfers is calculated according to the total number of meters or centimeters you order according to the following pricing table:\n<\/div><div class=\"bde-image-32-239 bde-image\">\n<figure class=\"breakdance-image breakdance-image--633\">\n\t<div class=\"breakdance-image-container\">\n\t\t<div class=\"breakdance-image-clip\"><img decoding=\"async\" class=\"breakdance-image-object\" src=\"https:\/\/dtfprint.hr\/wp-content\/uploads\/2024\/10\/price_list_of_dtf_transfers_europe2024.svg\" width=\"\" height=\"\"><\/div>\n\t<\/div><\/figure>\n\n<\/div><div class=\"bde-text-32-221 bde-text\">\n\n<\/div><div class=\"bde-columns-32-230 bde-columns\"><div class=\"bde-column-32-231 bde-column\">\n  \n  \n\t\n\n\n\n<div class=\"bde-image-32-233 bde-image\">\n<figure class=\"breakdance-image breakdance-image--428\">\n\t<div class=\"breakdance-image-container\">\n\t\t<div class=\"breakdance-image-clip\"><img loading=\"lazy\" decoding=\"async\" class=\"breakdance-image-object\" src=\"https:\/\/dtfprint.hr\/wp-content\/uploads\/2024\/09\/uploadanje_pripreme.jpg\" width=\"684\" height=\"800\" srcset=\"https:\/\/dtfprint.hr\/wp-content\/uploads\/2024\/09\/uploadanje_pripreme.jpg 684w, https:\/\/dtfprint.hr\/wp-content\/uploads\/2024\/09\/uploadanje_pripreme-257x300.jpg 257w, https:\/\/dtfprint.hr\/wp-content\/uploads\/2024\/09\/uploadanje_pripreme-600x702.jpg 600w\" sizes=\"auto, (max-width: 684px) 100vw, 684px\"><\/div>\n\t<\/div><\/figure>\n\n<\/div>\n<\/div><div class=\"bde-column-32-232 bde-column\">\n  \n  \n\t\n\n\n\n<div class=\"bde-text-32-227 bde-text\">\nWhen you are satisfied with your preparation - save the file and give it an appropriate name depending on how many times it is printed. If it is not written how many times to print, we will consider that the graphic is printed once.\n<\/div><div class=\"bde-text-32-234 bde-text\">\nSelect one or more pdfs and upload the files by dragging them into the provided box or simply click on:\n<\/div><div class=\"bde-image-32-235 bde-image\">\n<figure class=\"breakdance-image breakdance-image--429\">\n\t<div class=\"breakdance-image-container\">\n\t\t<div class=\"breakdance-image-clip\"><img loading=\"lazy\" decoding=\"async\" class=\"breakdance-image-object\" src=\"https:\/\/dtfprint.hr\/wp-content\/uploads\/2024\/09\/odvuci.jpg\" width=\"333\" height=\"82\" srcset=\"https:\/\/dtfprint.hr\/wp-content\/uploads\/2024\/09\/odvuci.jpg 333w, https:\/\/dtfprint.hr\/wp-content\/uploads\/2024\/09\/odvuci-300x74.jpg 300w\" sizes=\"auto, (max-width: 333px) 100vw, 333px\"><\/div>\n\t<\/div><\/figure>\n\n<\/div><div class=\"bde-text-32-237 bde-text\">\nThe files will be uploaded. Then in the field &quot;Enter the total length of the PDF preparation in centimeters (width is 58 cm)&quot; enter the sum of the length of all your preparations.<br><br>The price will be printed at the bottom depending on the entered length. Please check that you have correctly added up all your preparations.<br><br>In our example we uploaded: (6m*2) + (4.7m*3) + (0.2m*22) + (3.1*1) = 33.60m = 3360cm<br>\n<\/div><div class=\"bde-image-32-240 bde-image\">\n<figure class=\"breakdance-image breakdance-image--430\">\n\t<div class=\"breakdance-image-container\">\n\t\t<div class=\"breakdance-image-clip\"><img loading=\"lazy\" decoding=\"async\" class=\"breakdance-image-object\" src=\"https:\/\/dtfprint.hr\/wp-content\/uploads\/2024\/09\/koliko_puta_printati.jpg\" width=\"281\" height=\"126\" sizes=\"auto, (max-width: 281px) 100vw, 281px\"><\/div>\n\t<\/div><\/figure>\n\n<\/div>\n<\/div><\/div><div class=\"bde-text-32-243 bde-text\">\nThen all you have to do is click &quot;Add to cart&quot; and proceed to payment. After receiving the payment, we start checking, printing and delivering your copies.\n<\/div><\/div>\n<\/section><div class=\"bde-globalblock-32-262 bde-globalblock\"><section class=\"bde-section-450-118-450-1 bde-section bde-section-450-118\">\n  \n  \n\t\n\n\n\n<div class=\"section-container\"><h2 class=\"bde-heading-450-101-450-1 bde-heading bde-heading-450-101\">\nOrder Premium DTF transfers online at the best price\n<\/h2><h2 class=\"bde-heading-450-119-450-1 bde-heading bde-heading-450-119\">\nPrice list of DTF transfers (58cm width)\n<\/h2><div class=\"bde-columns-450-121-450-1 bde-columns bde-columns-450-121\"><div class=\"bde-column-450-122-450-1 bde-column bde-column-450-122\">\n  \n  \n\t\n\n\n\n<div class=\"bde-div-450-124-450-1 bde-div bde-div-450-124\">\n  \n  \n\t\n\n\n\n<div class=\"bde-fancy-divider-450-125-450-1 bde-fancy-divider bde-fancy-divider-450-125\">\n\n\n<div class=\"bde-fancy-divider__wrapper\">\n  <div class=\"bde-fancy-divider__separator has-content has-content-flex-start\">\n  \t    \t    \t          <div class=\"bde-fancy-divider__content bde-fancy-divider__content--text\">\n          1 meter\n          <\/div>\n    \t      <\/div>\n<\/div>\n\n<\/div><div class=\"bde-text-450-126-450-1 bde-text bde-text-450-126\">\n14,90\u20ac\n<\/div>\n<\/div><div class=\"bde-div-450-127-450-1 bde-div bde-div-450-127\">\n  \n  \n\t\n\n\n\n<div class=\"bde-fancy-divider-450-128-450-1 bde-fancy-divider bde-fancy-divider-450-128\">\n\n\n<div class=\"bde-fancy-divider__wrapper\">\n  <div class=\"bde-fancy-divider__separator has-content has-content-flex-start\">\n  \t    \t    \t          <div class=\"bde-fancy-divider__content bde-fancy-divider__content--text\">\n          1m - 10m\n          <\/div>\n    \t      <\/div>\n<\/div>\n\n<\/div><div class=\"bde-text-450-204-450-1 bde-text bde-text-450-204\">\n11,90\u20ac\n<\/div>\n<\/div><div class=\"bde-div-450-130-450-1 bde-div bde-div-450-130\">\n  \n  \n\t\n\n\n\n<div class=\"bde-fancy-divider-450-131-450-1 bde-fancy-divider bde-fancy-divider-450-131\">\n\n\n<div class=\"bde-fancy-divider__wrapper\">\n  <div class=\"bde-fancy-divider__separator has-content has-content-flex-start\">\n  \t    \t    \t          <div class=\"bde-fancy-divider__content bde-fancy-divider__content--text\">\n          10 meters and more\n          <\/div>\n    \t      <\/div>\n<\/div>\n\n<\/div><div class=\"bde-text-450-205-450-1 bde-text bde-text-450-205\">\n8,90\u20ac\n<\/div>\n<\/div><div class=\"bde-div-450-140-450-1 bde-div bde-div-450-140\">\n  \n  \n\t\n\n\n\n<div class=\"bde-text-450-207-450-1 bde-text bde-text-450-207\">\nU cijenu je uklju\u010deno pakiranje u vodootporni PELD omot i za\u0161titna kartonska kutija.\n<\/div><div class=\"bde-text-450-208-450-1 bde-text bde-text-450-208\">\nBuy without VAT if outside of Croatia (EU)\n<\/div>\n<\/div>\n<\/div><\/div><\/div>\n<\/section><section class=\"bde-section-450-100-450-1 bde-section bde-section-450-100\">\n  \n  \n\t\n\n\n\n<div class=\"section-container\"><div class=\"bde-columns-450-102-450-1 bde-columns bde-columns-450-102\"><div class=\"bde-column-450-103-450-1 bde-column bde-column-450-103\">\n  \n  \n\t\n\n\n\n<h2 class=\"bde-heading-450-104-450-1 bde-heading bde-heading-450-104\">\nOnline DTF designer\n<\/h2><div class=\"bde-div-450-105-450-1 bde-div bde-div-450-105\">\n  \n  \n\t\n\n\n\n<div class=\"bde-text-450-106-450-1 bde-text bde-text-450-106\">\nFor beginners\n<\/div>\n<\/div><div class=\"bde-image-450-107-450-1 bde-image bde-image-450-107\">\n<figure class=\"breakdance-image breakdance-image--269\">\n\t<div class=\"breakdance-image-container\">\n\t\t<div class=\"breakdance-image-clip\"><img loading=\"lazy\" decoding=\"async\" class=\"breakdance-image-object\" src=\"https:\/\/dtfprint.hr\/wp-content\/uploads\/2024\/09\/CTA_Dtfprint_PC8bit.png\" width=\"1200\" height=\"750\" srcset=\"https:\/\/dtfprint.hr\/wp-content\/uploads\/2024\/09\/CTA_Dtfprint_PC8bit.png 1200w, https:\/\/dtfprint.hr\/wp-content\/uploads\/2024\/09\/CTA_Dtfprint_PC8bit-300x188.png 300w, https:\/\/dtfprint.hr\/wp-content\/uploads\/2024\/09\/CTA_Dtfprint_PC8bit-1024x640.png 1024w, https:\/\/dtfprint.hr\/wp-content\/uploads\/2024\/09\/CTA_Dtfprint_PC8bit-768x480.png 768w, https:\/\/dtfprint.hr\/wp-content\/uploads\/2024\/09\/CTA_Dtfprint_PC8bit-600x375.png 600w\" sizes=\"auto, (max-width: 1200px) 100vw, 1200px\" alt=\"DTF gangsheet - Online DTF designer\"><\/div>\n\t<\/div><\/figure>\n\n<\/div><div class=\"bde-text-450-108-450-1 bde-text bde-text-450-108\">\nFor beginners or those without design software, the DTFprint.hr online DTF Gangsheet designer is the perfect solution. With a user-friendly interface and a range of customization tools, creating DTF transfers has never been easier.\n<\/div><div class=\"bde-button-450-109-450-1 bde-button bde-button-450-109\">\n        \n    \n    \n    \n    \n            \n                    \n            \n            \n\n    \n    \n    \n    \n    \n    <a class=\"breakdance-link button-atom button-atom--primary bde-button__button\" href=\"https:\/\/dtfprint.hr\/en\/product\/create-dtf-gangsheet-online\/\" target=\"_self\" data-type=\"url\"  >\n\n    \n        <span class=\"button-atom__text\">Open online designer<\/span>\n\n        \n        \n                <\/a>\n\n    \n\n\n<\/div>\n<\/div><div class=\"bde-column-450-110-450-1 bde-column bde-column-450-110\">\n  \n  \n\t\n\n\n\n<h2 class=\"bde-heading-450-111-450-1 bde-heading bde-heading-450-111\">\nUpload your PDF\n<\/h2><div class=\"bde-div-450-112-450-1 bde-div bde-div-450-112\">\n  \n  \n\t\n\n\n\n<div class=\"bde-text-450-113-450-1 bde-text bde-text-450-113\">\nExperienced users\n<\/div>\n<\/div><div class=\"bde-image-450-114-450-1 bde-image bde-image-450-114\">\n<figure class=\"breakdance-image breakdance-image--280\">\n\t<div class=\"breakdance-image-container\">\n\t\t<div class=\"breakdance-image-clip\"><img loading=\"lazy\" decoding=\"async\" class=\"breakdance-image-object\" src=\"https:\/\/dtfprint.hr\/wp-content\/uploads\/2024\/09\/naruci_dtf_pdf_online.png\" width=\"1000\" height=\"777\" srcset=\"https:\/\/dtfprint.hr\/wp-content\/uploads\/2024\/09\/naruci_dtf_pdf_online.png 1000w, https:\/\/dtfprint.hr\/wp-content\/uploads\/2024\/09\/naruci_dtf_pdf_online-300x233.png 300w, https:\/\/dtfprint.hr\/wp-content\/uploads\/2024\/09\/naruci_dtf_pdf_online-768x597.png 768w, https:\/\/dtfprint.hr\/wp-content\/uploads\/2024\/09\/naruci_dtf_pdf_online-600x466.png 600w\" sizes=\"auto, (max-width: 1000px) 100vw, 1000px\" alt=\"DTF imagers with a width of 58 cm and a length of up to 100 m\"><\/div>\n\t<\/div><\/figure>\n\n<\/div><div class=\"bde-text-450-115-450-1 bde-text bde-text-450-115\">\nUpload one or more pdf print ready files, enter dimensions and order DTF transfers for textile products with automatic price calculation depending on the ordered length. More meters \u2013 more savings!\n<\/div><div class=\"bde-button-450-116-450-1 bde-button bde-button-450-116\">\n        \n    \n    \n    \n    \n            \n                    \n            \n            \n\n    \n    \n    \n    \n    \n    <a class=\"breakdance-link button-atom button-atom--primary bde-button__button\" href=\"https:\/\/dtfprint.hr\/en\/product\/upload-your-dtf-pdf-transfer-file\/\" target=\"_self\" data-type=\"url\"  >\n\n    \n        <span class=\"button-atom__text\">Upload your PDF<\/span>\n\n        \n        \n                <\/a>\n\n    \n\n\n<\/div>\n<\/div><\/div><\/div>\n<\/section><\/div>","protected":false},"excerpt":{"rendered":"<p>Kako pripremiti PDF pripremu za DTF preslika\u010de Pi\u0161e: Mirza Hod\u017ei\u0107 Objavljeno 28.09.2024. Izrada kvalitetne grafi\u010dke pripreme za DTF preslika\u010de klju\u010dna je za postizanje optimalnih rezultata u tisku. Iako se PDF priprema mo\u017ee izraditi u razli\u010ditim grafi\u010dkim programima, DTFprint.hr preporu\u010duje kori\u0161tenje CorelDraw-a ili Adobe Illustratora za najbolju preciznost i kontrolu. Ovdje \u0107emo vas korak po korak [&hellip;]<\/p>\n","protected":false},"author":1,"featured_media":370,"parent":396,"menu_order":0,"comment_status":"closed","ping_status":"closed","template":"","meta":{"_seopress_robots_primary_cat":"","_seopress_titles_title":"Upute za izradu PDF pripreme za DTF printanje","_seopress_titles_desc":"Izrada kvalitetne grafi\u010dke pripreme za DTF preslika\u010de. \u0160irina PDF dokumenta za DTF printer treba biti 58 cm, dok duljina mo\u017ee biti do 100 metara.","_seopress_robots_index":"","_breakdance_hide_in_design_set":false,"_breakdance_tags":"","footnotes":""},"class_list":["post-32","page","type-page","status-publish","has-post-thumbnail","hentry"],"_links":{"self":[{"href":"https:\/\/dtfprint.hr\/en\/wp-json\/wp\/v2\/pages\/32","targetHints":{"allow":["GET"]}}],"collection":[{"href":"https:\/\/dtfprint.hr\/en\/wp-json\/wp\/v2\/pages"}],"about":[{"href":"https:\/\/dtfprint.hr\/en\/wp-json\/wp\/v2\/types\/page"}],"author":[{"embeddable":true,"href":"https:\/\/dtfprint.hr\/en\/wp-json\/wp\/v2\/users\/1"}],"replies":[{"embeddable":true,"href":"https:\/\/dtfprint.hr\/en\/wp-json\/wp\/v2\/comments?post=32"}],"version-history":[{"count":20,"href":"https:\/\/dtfprint.hr\/en\/wp-json\/wp\/v2\/pages\/32\/revisions"}],"predecessor-version":[{"id":933,"href":"https:\/\/dtfprint.hr\/en\/wp-json\/wp\/v2\/pages\/32\/revisions\/933"}],"up":[{"embeddable":true,"href":"https:\/\/dtfprint.hr\/en\/wp-json\/wp\/v2\/pages\/396"}],"wp:featuredmedia":[{"embeddable":true,"href":"https:\/\/dtfprint.hr\/en\/wp-json\/wp\/v2\/media\/370"}],"wp:attachment":[{"href":"https:\/\/dtfprint.hr\/en\/wp-json\/wp\/v2\/media?parent=32"}],"curies":[{"name":"wp","href":"https:\/\/api.w.org\/{rel}","templated":true}]}}