{"id":8902,"date":"2024-11-29T01:50:13","date_gmt":"2024-11-29T00:50:13","guid":{"rendered":"https:\/\/dtfprint.hr\/?page_id=8902"},"modified":"2024-11-29T01:52:54","modified_gmt":"2024-11-29T00:52:54","slug":"wir-besetzen-offene-stellen","status":"publish","type":"page","link":"https:\/\/dtfprint.hr\/de\/zaposljavamo-otvorene-pozicije-za-posao\/","title":{"rendered":"Zapo\u0161ljavamo &#8211; Otvorene pozicije za posao"},"content":{"rendered":"<section class=\"bde-section-8902-100 bde-section\">\n  \n  \n\t\n\n\n\n<div class=\"section-container\"><div class=\"bde-text-8902-101 bde-text\">\n\n<\/div><div class=\"bde-columns-8902-102 bde-columns\"><div class=\"bde-column-8902-103 bde-column\">\n  \n  \n\t\n\n\n\n<img decoding=\"async\" class=\"bde-image2-8902-104 bde-image2\" src=\"https:\/\/promotekstil.hr\/wp-content\/uploads\/2024\/11\/posao_ikona.svg\" loading=\"lazy\" sizes=\"(max-width: 500px) 100vw, 500px\">\n<\/div><div class=\"bde-column-8902-105 bde-column\">\n  \n  \n\t\n\n\n\n<h1 class=\"bde-heading-8902-106 bde-heading\">\nTreten Sie unserem Team bei!<br>\n<\/h1><div class=\"bde-text-8902-107 bde-text\">\nSuchen Sie einen dynamischen Job in einem kreativen und schnell wachsenden Umfeld? Unser auf den Vertrieb von textilen Werbeartikeln, grafischer Aufbereitung und Branding spezialisiertes Unternehmen ist auf der Suche nach neuen Teammitgliedern! Wenn Sie sich f\u00fcr eine Arbeit in der Druckindustrie interessieren und Ihre Kenntnisse in modernen Drucktechniken verbessern m\u00f6chten, ist dies die richtige Gelegenheit f\u00fcr Sie.\n<\/div>\n<\/div><\/div><\/div>\n<\/section><section class=\"bde-section-8902-108 bde-section\">\n  \n  \n\t\n\n\n\n<div class=\"section-container\"><div class=\"bde-columns-8902-109 bde-columns\"><div class=\"bde-column-8902-110 bde-column\">\n  \n  \n\t\n\n\n\n<div class=\"bde-div-8902-111 bde-div\">\n  \n  \n\t\n\n\n\n<h3 class=\"bde-heading-8902-112 bde-heading\">\n1. Offene Stelle: Mitarbeiter in einer Druckerei\n<\/h3>\n<\/div><div class=\"bde-rich-text-8902-113 bde-rich-text breakdance-rich-text-styles\">\n<p><strong>Arbeitsplatz:<\/strong> Unsere Druckerei in Josipa Lenca Spodol\u010deva 5, Rijeka<br \/><strong>Jobtyp:<\/strong> Vollzeit<\/p><hr \/><h4><strong>Stellenbeschreibung<\/strong><\/h4><p>Als Teil unseres Teams sind Sie in vielf\u00e4ltige T\u00e4tigkeiten eingebunden, die den gesamten Prozess des Brandings textiler Produkte umfassen:<\/p><ul><li><strong>Vorbereitung zum Drucken<\/strong> \u2013 Einrichten und Anpassen des Designs f\u00fcr verschiedene Druckarten.<\/li><li><strong>Drucken<\/strong> - Arbeiten an modernen Druckmaschinen.<\/li><li><strong>Arbeiten an einer Thermopresse (Pressen)<\/strong> \u2013 der letzte Schritt im Prozess der Personalisierung von Textilprodukten.<\/li><li><strong>Siebdruck<\/strong> \u2013 pr\u00e4zises und kreatives Aufbringen von Designs auf Textilien.<\/li><li><strong>Arbeiten Sie an einem DTF-Drucker<\/strong> - Steuerung des Ger\u00e4ts zum direkten Drucken des Imagers auf die Folie.<\/li><li><strong>Kommunikation mit Kunden<\/strong> \u2013 Bereitstellung von Unterst\u00fctzung und Beratung hinsichtlich Design und Drucktechniken.<\/li><\/ul><hr \/><h4><strong>Was erwarten wir von Kandidaten?<\/strong><\/h4><ul><li>Minimal <strong>weiterf\u00fchrende Berufsausbildung<\/strong>.<\/li><li>F\u00fchrerschein <strong>Kategorie B<\/strong>.<\/li><li><strong>Lust zu lernen<\/strong> Arbeiten in den Programmen CorelDraw und Adobe Illustrator.<\/li><li>Organisation, Pr\u00e4zision und Teamf\u00e4higkeit.<\/li><li>Erfahrungen im Druckbereich sind von Vorteil, aber keine Voraussetzung.<\/li><\/ul><hr \/><h4><strong>Was bieten wir an?<\/strong><\/h4><ul><li>Arbeiten Sie in einem anregenden und modernen Umfeld.<\/li><li>Die M\u00f6glichkeit, neue Kenntnisse und F\u00e4higkeiten zu verbessern und zu erwerben.<\/li><li>Stabile Anstellung mit Aufstiegschancen.<\/li><li>Wettbewerbsf\u00e4higes Gehalt und g\u00fcnstige Arbeitsbedingungen.<\/li><\/ul><hr \/><h3><strong>Wie registriere ich mich?<\/strong><\/h3><p>Wenn Sie Teil unseres Teams werden m\u00f6chten, senden Sie Ihren Lebenslauf und Ihr Motivationsschreiben an unsere E-Mail: info@dtfprint.hr<\/p>\n<\/div>\n<\/div><div class=\"bde-column-8902-114 bde-column\">\n  \n  \n\t\n\n\n\n<h3 class=\"bde-heading-8902-115 bde-heading\">\n2. Weitere offene Stellen: Studentische Hilfskraft in der Druckerei\n<\/h3><div class=\"bde-rich-text-8902-116 bde-rich-text breakdance-rich-text-styles\">\n<p><strong>Arbeitsplatz:<\/strong> Unsere Druckerei in Josipa Lenca Spodol\u010deva 5, Rijeka<br \/><strong>Jobtyp:<\/strong> Arbeitszeiten nach Vereinbarung<br \/><strong>Arbeitsort:<\/strong> Unsere moderne Produktionsst\u00e4tte<br \/><strong>Dauer:<\/strong> 4. und 5. Monat 2025.<br \/><strong>Arbeitszeit:<\/strong> Flexibel, angepasst an die Verpflichtungen der Studierenden<\/p><hr \/><p>Sind Sie auf der Suche nach einem flexiblen und dynamischen Studentenjob? Unser Unternehmen, das sich mit dem Vertrieb von Werbetextilien, der grafischen Vorbereitung, dem Branding und dem Textildruck besch\u00e4ftigt, hat in diesem Zeitraum mehrere Stellen f\u00fcr Studenten frei <strong>April \u2013 Mai 2025.<\/strong> Wenn Sie praktische Erfahrungen sammeln und etwas Neues lernen m\u00f6chten, ist dies die richtige Gelegenheit f\u00fcr Sie!<\/p><hr \/><h4><strong>Was werden Sie tun?<\/strong><\/h4><ul><li><strong>Vorbereitung zum Drucken<\/strong> - Unterst\u00fctzung bei der Einrichtung und Vorbereitung von Pressematerialien.<\/li><li><strong>Drucken und Arbeiten an Maschinen<\/strong> \u2013 Unterst\u00fctzung bei der Umsetzung des Drucks auf Werbetextilien.<\/li><li><strong>Arbeiten an einer Thermopresse<\/strong> \u2013 Endbearbeitung des Produkts durch Pressen.<\/li><li><strong>Siebdruck und DTF-Druck<\/strong> \u2013 Unterst\u00fctzung bei verschiedenen Techniken der textilen Personalisierung.<\/li><li><strong>Kommunikation mit dem Team und Kunden<\/strong> \u2013 Unterst\u00fctzung bei der Koordination von Bestellungen und Lieferungen.<\/li><\/ul><hr \/><h4><strong>Was verlangen wir von Ihnen?<\/strong><\/h4><ul><li>Vollzeitstudentenstatus.<\/li><li>Mindestens 18 Jahre alt.<\/li><li>Teamf\u00e4higkeit und Bereitschaft, neue F\u00e4higkeiten zu erlernen.<\/li><li>Ein F\u00fchrerschein der Klasse B ist von Vorteil, aber keine Voraussetzung.<\/li><\/ul><hr \/><h4><strong>Was bieten wir an?<\/strong><\/h4><ul><li>Flexible Arbeitszeiten angepasst an Ihre universit\u00e4ren Verpflichtungen.<\/li><li>Eine Gelegenheit, praktische Erfahrungen in der Druckindustrie zu sammeln.<\/li><li>Freundliches Arbeitsumfeld und Unterst\u00fctzung durch ein erfahrenes Team.<\/li><li>An die studentische Leistung angepasster Stundensatz und zus\u00e4tzliche Erfolgspr\u00e4mien. <strong>Stundens\u00e4tze: 4,70 \u20ac\/Std. Sonntags 6,70 \u20ac\/Std<\/strong><\/li><\/ul><h3><strong>Wie registriere ich mich?<\/strong><\/h3><p>Wenn Sie Teil unseres Teams werden m\u00f6chten, senden Sie uns Ihre Informationen und Anfrage an info@dtfprint.hr und folgen Sie auch unseren Anzeigen auf Student Service Rijeka.<\/p>\n<\/div>\n<\/div><\/div><\/div>\n<\/section>","protected":false},"excerpt":{"rendered":"<p>Pridru\u017eite se na\u0161em timu! Tra\u017eite dinami\u010dan posao u kreativnom i brzorastu\u0107em okru\u017eenju? Na\u0161a tvrtka, specijalizirana za distribuciju promotivnih tekstilnih proizvoda, grafi\u010dku pripremu i brendiranje, tra\u017ei nove \u010dlanove tima! Ako vas zanima rad u tiskarskoj industriji i \u017eelite usavr\u0161iti svoje vje\u0161tine u modernim tehnikama printanja, ovo je prava prilika za vas. 1. Otvorena pozicija: Djelatnik u [&hellip;]<\/p>\n","protected":false},"author":1,"featured_media":8905,"parent":0,"menu_order":0,"comment_status":"closed","ping_status":"closed","template":"","meta":{"_seopress_robots_primary_cat":"","_seopress_titles_title":"","_seopress_titles_desc":"","_seopress_robots_index":"","_breakdance_hide_in_design_set":false,"_breakdance_tags":"","footnotes":""},"class_list":["post-8902","page","type-page","status-publish","has-post-thumbnail","hentry"],"_links":{"self":[{"href":"https:\/\/dtfprint.hr\/de\/wp-json\/wp\/v2\/pages\/8902","targetHints":{"allow":["GET"]}}],"collection":[{"href":"https:\/\/dtfprint.hr\/de\/wp-json\/wp\/v2\/pages"}],"about":[{"href":"https:\/\/dtfprint.hr\/de\/wp-json\/wp\/v2\/types\/page"}],"author":[{"embeddable":true,"href":"https:\/\/dtfprint.hr\/de\/wp-json\/wp\/v2\/users\/1"}],"replies":[{"embeddable":true,"href":"https:\/\/dtfprint.hr\/de\/wp-json\/wp\/v2\/comments?post=8902"}],"version-history":[{"count":2,"href":"https:\/\/dtfprint.hr\/de\/wp-json\/wp\/v2\/pages\/8902\/revisions"}],"predecessor-version":[{"id":8907,"href":"https:\/\/dtfprint.hr\/de\/wp-json\/wp\/v2\/pages\/8902\/revisions\/8907"}],"wp:featuredmedia":[{"embeddable":true,"href":"https:\/\/dtfprint.hr\/de\/wp-json\/wp\/v2\/media\/8905"}],"wp:attachment":[{"href":"https:\/\/dtfprint.hr\/de\/wp-json\/wp\/v2\/media?parent=8902"}],"curies":[{"name":"wp","href":"https:\/\/api.w.org\/{rel}","templated":true}]}}