{"id":855,"date":"2024-10-25T01:43:22","date_gmt":"2024-10-24T23:43:22","guid":{"rendered":"https:\/\/dtfprint.hr\/?page_id=855"},"modified":"2024-10-28T03:29:21","modified_gmt":"2024-10-28T02:29:21","slug":"wo-kann-man-drucke-fur-t-shirts-kaufen","status":"publish","type":"page","link":"https:\/\/dtfprint.hr\/de\/gdje-kupiti-preslikace-za-majice\/","title":{"rendered":"Wo kann man T-Shirt-Aufkleber kaufen?"},"content":{"rendered":"<section class=\"bde-section-855-127 bde-section\">\n  \n  \n\t\n\n\n\n<div class=\"section-container\"><h1 class=\"bde-heading-855-101 bde-heading\">\nWo kann man T-Shirt-Aufkleber kaufen?\n<\/h1><div class=\"bde-div-855-137 bde-div\">\n  \n  \n\t\n\n\n\n<div class=\"bde-div-855-138 bde-div\">\n  \n  \n\t\n\n\n\n<div class=\"bde-icon-855-139 bde-icon\">\n\n    \n            <div class=\"bde-icon-icon breakdance-icon-atom\" >\n    \n                    <svg xmlns=\"http:\/\/www.w3.org\/2000\/svg\" viewbox=\"0 0 496 512\"><!-- Font Awesome Free 5.15.1 by @fontawesome - https:\/\/fontawesome.com License - https:\/\/fontawesome.com\/license\/free (Icons: CC BY 4.0, Fonts: SIL OFL 1.1, Code: MIT License) --><path d=\"M248 8C111 8 0 119 0 256s111 248 248 248 248-111 248-248S385 8 248 8zm0 96c48.6 0 88 39.4 88 88s-39.4 88-88 88-88-39.4-88-88 39.4-88 88-88zm0 344c-58.7 0-111.3-26.6-146.5-68.2 18.8-35.4 55.6-59.8 98.5-59.8 2.4 0 4.8.4 7.1 1.1 13 4.2 26.6 6.9 40.9 6.9 14.3 0 28-2.7 40.9-6.9 2.3-.7 4.7-1.1 7.1-1.1 42.9 0 79.7 24.4 98.5 59.8C359.3 421.4 306.7 448 248 448z\"\/><\/svg>\n        \n        \n        \n            <\/div>\n    \n\n\n<\/div><a class=\"bde-container-link-855-140 bde-container-link breakdance-link\" href=\"mailto:info@megamajice.com\" target=\"_self\" data-type=\"url\">\n  \n  \n\t\n\n\n\n<div class=\"bde-text-855-141 bde-text\">\nGeschrieben von: Mirza Hod\u017ei\u0107\n<\/div>\n\n<\/a>\n<\/div><div class=\"bde-div-855-142 bde-div\">\n  \n  \n\t\n\n\n\n<div class=\"bde-icon-855-143 bde-icon\">\n\n    \n            <div class=\"bde-icon-icon breakdance-icon-atom\" >\n    \n                    <svg xmlns=\"http:\/\/www.w3.org\/2000\/svg\" viewbox=\"0 0 512 512\"><!-- Font Awesome Free 5.15.1 by @fontawesome - https:\/\/fontawesome.com License - https:\/\/fontawesome.com\/license\/free (Icons: CC BY 4.0, Fonts: SIL OFL 1.1, Code: MIT License) --><path d=\"M256,8C119,8,8,119,8,256S119,504,256,504,504,393,504,256,393,8,256,8Zm92.49,313h0l-20,25a16,16,0,0,1-22.49,2.5h0l-67-49.72a40,40,0,0,1-15-31.23V112a16,16,0,0,1,16-16h32a16,16,0,0,1,16,16V256l58,42.5A16,16,0,0,1,348.49,321Z\"\/><\/svg>\n        \n        \n        \n            <\/div>\n    \n\n\n<\/div><a class=\"bde-container-link-855-144 bde-container-link breakdance-link\" href=\"mailto:info@megamajice.com\" target=\"_self\" data-type=\"url\">\n  \n  \n\t\n\n\n\n<div class=\"bde-text-855-145 bde-text\">\nVer\u00f6ffentlicht am 01.10.2024.\n<\/div>\n\n<\/a>\n<\/div>\n<\/div><div class=\"bde-columns-855-128 bde-columns\"><div class=\"bde-column-855-129 bde-column\">\n  \n  \n\t\n\n\n\n<img decoding=\"async\" class=\"bde-image2-855-131 bde-image2\" src=\"https:\/\/dtfprint.hr\/wp-content\/uploads\/2024\/10\/preslikaci_za_majice_hudice_torbe_ostali_tekstiljpg.jpg\" alt=\"DTF-Mapper\" loading=\"lazy\" srcset=\"https:\/\/dtfprint.hr\/wp-content\/uploads\/2024\/10\/preslikaci_za_majice_hudice_torbe_ostali_tekstiljpg.jpg 650w, https:\/\/dtfprint.hr\/wp-content\/uploads\/2024\/10\/preslikaci_za_majice_hudice_torbe_ostali_tekstiljpg-200x300.jpg 200w, https:\/\/dtfprint.hr\/wp-content\/uploads\/2024\/10\/preslikaci_za_majice_hudice_torbe_ostali_tekstiljpg-8x12.jpg 8w, https:\/\/dtfprint.hr\/wp-content\/uploads\/2024\/10\/preslikaci_za_majice_hudice_torbe_ostali_tekstiljpg-600x900.jpg 600w\" sizes=\"(max-width: 650px) 100vw, 650px\">\n<\/div><div class=\"bde-column-855-130 bde-column\">\n  \n  \n\t\n\n\n\n<div class=\"bde-code-block-855-132 bde-code-block\">\n\n      <p>Suchen Sie hochwertige Drucker f\u00fcr T-Shirts und andere Textilprodukte? Heutzutage ist das Personalisieren von Kleidung beliebter denn je, und eine der besten Optionen daf\u00fcr sind DTF-Drucker (Direct to Film). Sie bieten zahlreiche Vorteile gegen\u00fcber anderen Druckmethoden. In diesem Artikel erfahren Sie, wo Sie hochwertige T-Shirt-Drucker kaufen k\u00f6nnen und warum DTF-Drucker die perfekte Wahl sind.<\/p>\n\n    <h2>DTFprint.hr \u2013 Ihr Partner f\u00fcr hochwertige DTF-Drucker<\/h2>\n    <p>Wenn Sie nach Premium-DTF-Renderern suchen, lesen Sie weiter. Hier finden Sie hochwertige Replikate aus erstklassigen Farben, Folie und Kleber, die Langlebigkeit und h\u00f6chste Qualit\u00e4t des Drucks garantieren.<\/p>\n    \n    <h3>Die Bestellung ist einfach<\/h3>\n    <p>Sie k\u00f6nnen DTF-Imager ganz einfach auf zwei Arten bei uns bestellen:<\/p>\n    <ul>\n        <li><a href=\"https:\/\/dtfprint.hr\/de\/product\/laden-sie-eine-pdf-dtf-kopie-hoch-und-bestellen-sie-sie\/\">Reichen Sie Ihre Vorbereitung ein<\/a> - Wenn Sie bereits eine vorbereitete Grafik haben, senden Sie diese einfach \u00fcber diesen Link.<\/li>\n        <li><a href=\"https:\/\/dtfprint.hr\/de\/product\/dtf-gangsheet-online-erstellen\/\">Nutzen Sie unsere Anwendung \u201eOnline DTF Designer\u201c<\/a> - Erstellen Sie Ihr Design mit unserem Online-Tool, mit dem Sie ganz einfach Overlays erstellen und anpassen k\u00f6nnen.<\/li>\n        <li><a href=\"mailto:info@dtfprint.hr\">Durch Senden von Grafiken\/Vorbereitungen an unsere E-Mail info@dtfprint.hr<\/a> - F\u00fcgen Sie Ihre grafische Vorbereitung oder Grafiken sowie Angaben zu Ma\u00dfen und Mengen bei und wir k\u00f6nnen Ihnen bei der Erstellung der grafischen Vorbereitung helfen.<\/li>\n    <\/ul>\n\n\n<h2>Warum sollten Sie sich f\u00fcr DTF-Imager entscheiden?<\/h2>\n    <p>DTF-Imager erfreuen sich aufgrund der vielen Vorteile, die sie bieten, immer gr\u00f6\u00dferer Beliebtheit. Hier sind einige der Hauptgr\u00fcnde, warum DTF-Imager die ideale Wahl sind:<\/p>\n\n    <ul>\n        <li class=\"translation-block\"><strong>Haltbarkeit und Waschbest\u00e4ndigkeit:<\/strong> DTF-Aufkleber sind \u00e4u\u00dferst langlebig und waschbest\u00e4ndig, sodass Ihre personalisierten Designs auch nach mehrmaligem Waschen lange klar und dauerhaft bleiben.<\/li>\n        <li><strong>Keine Mindestbestellmenge:<\/strong> Im Gegensatz zu einigen anderen Druckmethoden ist bei DTF-Druckern keine Mindestbestellmenge erforderlich. Sie k\u00f6nnen so viele Replikate bestellen, wie Sie ben\u00f6tigen, egal ob Einzelst\u00fcck oder gr\u00f6\u00dfere Mengen.<\/li>\n        <li><strong>Mehrere Designs in einer Bestellung:<\/strong> Einer der gro\u00dfen Vorteile der DTF-Technologie ist die M\u00f6glichkeit, mehrere verschiedene Designs gleichzeitig zu bestellen. Dies ist eine tolle Option, wenn Sie unterschiedliche Varianten f\u00fcr verschiedene Produkte ben\u00f6tigen.<\/li>\n          <li><strong>Spiegel mit wei\u00dfem Sockel:<\/strong> DTF-Aufkleber werden mit einer wei\u00dfen Grundfarbe gedruckt, sodass Sie Aufkleber gleicherma\u00dfen gut auf wei\u00dfen und dunklen Textilien anbringen k\u00f6nnen.<\/li>\n    <\/ul>\n\n\n<\/div>\n<\/div><\/div><\/div>\n<\/section><section class=\"bde-section-855-100 bde-section\">\n  \n  \n\t\n\n\n\n<div class=\"section-container\"><div class=\"bde-columns-855-133 bde-columns\"><div class=\"bde-column-855-134 bde-column\">\n  \n  \n\t\n\n\n\n<div class=\"bde-code-block-855-103 bde-code-block\">\n\n      <h2>T-Shirt-Drucker mit Express- oder Standardproduktion<\/h2>\n    <p>Je nach Bedarf k\u00f6nnen Sie zwischen zwei Produktionsm\u00f6glichkeiten w\u00e4hlen:<\/p>\n    <ul>\n        <li><strong>Expressproduktion innerhalb von 24 Stunden<\/strong> \u2013 gegen einen Aufpreis von +15% erfolgt Ihre Bestellung innerhalb eines Werktages.<\/li>\n        <li><strong>Standardproduktion innerhalb von 2-3 Werktagen<\/strong> \u2013 ohne Aufpreis sind Ihre Exemplare innerhalb weniger Werktage fertig.<\/li>\n    <\/ul>\n\n    <h2>Anwendung des DTF-Mappers<\/h2>\n    <p>DTF-Drucker sind sehr vielseitig und k\u00f6nnen nicht nur f\u00fcr T-Shirts, sondern auch f\u00fcr andere Textilprodukte eingesetzt werden, wie zum Beispiel:<\/p>\n    <ul>\n        <li>Poloshirts<\/li>\n        <li>Teufel<\/li>\n        <li>Taschen<\/li>\n     \t<li>Regenschirme<\/li>\n      \t<li>Andere Textilprodukte<\/li>\n    <\/ul>\n    <p>Die Anwendung erfolgt ganz einfach mit einer Thermopresse. Eine detaillierte Anleitung zur korrekten Anwendung des Imagers finden Sie unter folgendem Link: <a href=\"https:\/\/dtfprint.hr\/de\/anweisungen\/anbringen-von-dtf-kopien-auf-t-shirts-taschen-und-anderen-textilprodukten\/\" target=\"_blank\">Anweisungen zum Anwenden des DTF-Imagers<\/a>.<\/p>\n\n    <p>Wenn Sie eine zuverl\u00e4ssige und qualitativ hochwertige L\u00f6sung f\u00fcr die Personalisierung von Textilprodukten suchen, sind DTF-Drucker die beste Wahl. <a href=\"https:\/\/dtfprint.hr\/de\/\" target=\"_blank\">DTFprint.hr<\/a> bietet hochwertige Nachbildungen aus hochwertigen Materialien, die M\u00f6glichkeit der Bestellung ohne Mindestbestellmenge und flexible Produktionsm\u00f6glichkeiten. Ob Aufkleber f\u00fcr T-Shirts, Hoodies oder Taschen, bei uns k\u00f6nnen Sie schnell, einfach und g\u00fcnstig bestellen!<\/p>\n\n\n<\/div>\n<\/div><div class=\"bde-column-855-135 bde-column\">\n  \n  \n\t\n\n\n\n<img decoding=\"async\" class=\"bde-image2-855-136 bde-image2\" src=\"https:\/\/dtfprint.hr\/wp-content\/uploads\/2024\/10\/majice_preslikaci_dtf_preslikaci_za_majice.jpg\" alt=\"T-Shirt-Drucker\" loading=\"lazy\" srcset=\"https:\/\/dtfprint.hr\/wp-content\/uploads\/2024\/10\/majice_preslikaci_dtf_preslikaci_za_majice.jpg 650w, https:\/\/dtfprint.hr\/wp-content\/uploads\/2024\/10\/majice_preslikaci_dtf_preslikaci_za_majice-200x300.jpg 200w, https:\/\/dtfprint.hr\/wp-content\/uploads\/2024\/10\/majice_preslikaci_dtf_preslikaci_za_majice-8x12.jpg 8w, https:\/\/dtfprint.hr\/wp-content\/uploads\/2024\/10\/majice_preslikaci_dtf_preslikaci_za_majice-600x900.jpg 600w\" sizes=\"(max-width: 650px) 100vw, 650px\">\n<\/div><\/div><\/div>\n<\/section><section class=\"bde-section-855-104 bde-section\">\n  \n  \n\t\n\n\n\n<div class=\"section-container\"><div class=\"bde-div-855-105 bde-div\">\n  \n  \n\t\n\n\n\n<div class=\"bde-icon-855-106 bde-icon\">\n\n    \n            <div class=\"bde-icon-icon breakdance-icon-atom\" >\n    \n                    <svg xmlns=\"http:\/\/www.w3.org\/2000\/svg\" viewbox=\"0 0 448 512\"><!-- Font Awesome Free 5.15.1 by @fontawesome - https:\/\/fontawesome.com License - https:\/\/fontawesome.com\/license\/free (Icons: CC BY 4.0, Fonts: SIL OFL 1.1, Code: MIT License) --><path d=\"M446.2 270.4c-6.2-19-26.9-29.1-46-22.9l-45.4 15.1-30.3-90 45.4-15.1c19.1-6.2 29.1-26.8 23-45.9-6.2-19-26.9-29.1-46-22.9l-45.4 15.1-15.7-47c-6.2-19-26.9-29.1-46-22.9-19.1 6.2-29.1 26.8-23 45.9l15.7 47-93.4 31.2-15.7-47c-6.2-19-26.9-29.1-46-22.9-19.1 6.2-29.1 26.8-23 45.9l15.7 47-45.3 15c-19.1 6.2-29.1 26.8-23 45.9 5 14.5 19.1 24 33.6 24.6 6.8 1 12-1.6 57.7-16.8l30.3 90L78 354.8c-19 6.2-29.1 26.9-23 45.9 5 14.5 19.1 24 33.6 24.6 6.8 1 12-1.6 57.7-16.8l15.7 47c5.9 16.9 24.7 29 46 22.9 19.1-6.2 29.1-26.8 23-45.9l-15.7-47 93.6-31.3 15.7 47c5.9 16.9 24.7 29 46 22.9 19.1-6.2 29.1-26.8 23-45.9l-15.7-47 45.4-15.1c19-6 29.1-26.7 22.9-45.7zm-254.1 47.2l-30.3-90.2 93.5-31.3 30.3 90.2-93.5 31.3z\"\/><\/svg>\n        \n        \n        \n            <\/div>\n    \n\n\n<\/div><div class=\"bde-text-855-107 bde-text\">\nEtiketten\n<\/div>\n<\/div><div class=\"bde-div-855-108 bde-div\">\n  \n  \n\t\n\n\n\n<div class=\"bde-div-855-109 bde-div\">\n  \n  \n\t\n\n\n\n<a class=\"bde-container-link-855-110 bde-container-link breakdance-link\" href=\"https:\/\/dtfprint.hr\/de\/product\/dtf-gangsheet-online-erstellen\/\" target=\"_self\" data-type=\"url\">\n  \n  \n\t\n\n\n\n<h4 class=\"bde-heading-855-111 bde-heading\">\nDTF-\u00dcbertragung\n<\/h4>\n\n<\/a>\n<\/div><div class=\"bde-div-855-112 bde-div\">\n  \n  \n\t\n\n\n\n<a class=\"bde-container-link-855-113 bde-container-link breakdance-link\" href=\"https:\/\/dtfprint.hr\/de\/product\/laden-sie-eine-pdf-dtf-kopie-hoch-und-bestellen-sie-sie\/\" target=\"_self\" data-type=\"url\">\n  \n  \n\t\n\n\n\n<h4 class=\"bde-heading-855-114 bde-heading\">\nDTF-Mapper\n<\/h4>\n\n<\/a>\n<\/div><div class=\"bde-div-855-115 bde-div\">\n  \n  \n\t\n\n\n\n<a class=\"bde-container-link-855-116 bde-container-link breakdance-link\" href=\"https:\/\/dtfprint.hr\/de\/anweisungen\/was-ist-dtf-direct-to-film\/\" target=\"_self\" data-type=\"url\">\n  \n  \n\t\n\n\n\n<h4 class=\"bde-heading-855-117 bde-heading\">\nT-Shirt-Drucker\n<\/h4>\n\n<\/a>\n<\/div><div class=\"bde-div-855-118 bde-div\">\n  \n  \n\t\n\n\n\n<a class=\"bde-container-link-855-119 bde-container-link breakdance-link\" href=\"https:\/\/dtfprint.hr\/de\/anweisungen\/video-zur-verwendung-des-online-dtf-designers-zum-erstellen-einer-gangsheet-dtf-rolle\/\" target=\"_self\" data-type=\"url\">\n  \n  \n\t\n\n\n\n<h4 class=\"bde-heading-855-120 bde-heading\">\nDTF-Druck\n<\/h4>\n\n<\/a>\n<\/div><div class=\"bde-div-855-121 bde-div\">\n  \n  \n\t\n\n\n\n<a class=\"bde-container-link-855-122 bde-container-link breakdance-link\" href=\"https:\/\/dtfprint.hr\/de\/anweisungen\/so-bereiten-sie-pdf-dateien-fur-den-druck-vor-dtf-kopien-dtfprint-hr\/\" target=\"_self\" data-type=\"url\">\n  \n  \n\t\n\n\n\n<h4 class=\"bde-heading-855-123 bde-heading\">\nDTF-Druck\n<\/h4>\n\n<\/a>\n<\/div><div class=\"bde-div-855-124 bde-div\">\n  \n  \n\t\n\n\n\n<a class=\"bde-container-link-855-125 bde-container-link breakdance-link\" href=\"https:\/\/dtfprint.hr\/de\/anweisungen\/anbringen-von-dtf-kopien-auf-t-shirts-taschen-und-anderen-textilprodukten\/\" target=\"_self\" data-type=\"url\">\n  \n  \n\t\n\n\n\n<h4 class=\"bde-heading-855-126 bde-heading\">\nW\u00e4rmebildkameras f\u00fcr T-Shirts\n<\/h4>\n\n<\/a>\n<\/div>\n<\/div><\/div>\n<\/section>","protected":false},"excerpt":{"rendered":"<p>Gdje kupiti preslika\u010de za majice? Pi\u0161e: Mirza Hod\u017ei\u0107 Objavljeno 01.10.2024. Tra\u017eite kvalitetne preslika\u010de za majice i druge tekstilne proizvode? Danas je personalizacija odje\u0107e popularnija nego ikad, a jedna od najboljih opcija za to su DTF (Direct to Film) preslika\u010di. Oni nude brojne prednosti u odnosu na druge metode tiska, a u ovom \u010dlanku \u0107emo vas [&hellip;]<\/p>\n","protected":false},"author":1,"featured_media":866,"parent":0,"menu_order":0,"comment_status":"closed","ping_status":"closed","template":"","meta":{"_seopress_robots_primary_cat":"","_seopress_titles_title":"Gdje kupiti preslika\u010de za majice?","_seopress_titles_desc":"Tra\u017eite kvalitetne preslika\u010de za majice? Gdje nabaviti kvalitetne preslika\u010de za majice, hudice, torbe i ostale tekstilne proizvode?","_seopress_robots_index":"","_breakdance_hide_in_design_set":false,"_breakdance_tags":"","footnotes":""},"class_list":["post-855","page","type-page","status-publish","has-post-thumbnail","hentry"],"_links":{"self":[{"href":"https:\/\/dtfprint.hr\/de\/wp-json\/wp\/v2\/pages\/855","targetHints":{"allow":["GET"]}}],"collection":[{"href":"https:\/\/dtfprint.hr\/de\/wp-json\/wp\/v2\/pages"}],"about":[{"href":"https:\/\/dtfprint.hr\/de\/wp-json\/wp\/v2\/types\/page"}],"author":[{"embeddable":true,"href":"https:\/\/dtfprint.hr\/de\/wp-json\/wp\/v2\/users\/1"}],"replies":[{"embeddable":true,"href":"https:\/\/dtfprint.hr\/de\/wp-json\/wp\/v2\/comments?post=855"}],"version-history":[{"count":9,"href":"https:\/\/dtfprint.hr\/de\/wp-json\/wp\/v2\/pages\/855\/revisions"}],"predecessor-version":[{"id":934,"href":"https:\/\/dtfprint.hr\/de\/wp-json\/wp\/v2\/pages\/855\/revisions\/934"}],"wp:featuredmedia":[{"embeddable":true,"href":"https:\/\/dtfprint.hr\/de\/wp-json\/wp\/v2\/media\/866"}],"wp:attachment":[{"href":"https:\/\/dtfprint.hr\/de\/wp-json\/wp\/v2\/media?parent=855"}],"curies":[{"name":"wp","href":"https:\/\/api.w.org\/{rel}","templated":true}]}}