{"id":587,"date":"2024-10-03T02:36:04","date_gmt":"2024-10-03T00:36:04","guid":{"rendered":"https:\/\/dtfprint.hr\/?page_id=587"},"modified":"2024-10-28T03:24:45","modified_gmt":"2024-10-28T02:24:45","slug":"video-zur-verwendung-des-online-dtf-designers-zum-erstellen-einer-gangsheet-dtf-rolle","status":"publish","type":"page","link":"https:\/\/dtfprint.hr\/de\/upute\/video-kako-koristiti-online-dtf-dizajner-za-izradu-gangsheet-dtf-role\/","title":{"rendered":"Video: Kako koristiti online DTF dizajner za izradu Gangsheet DTF role"},"content":{"rendered":"<section class=\"bde-section-587-100 bde-section\">\n  \n  \n\t\n\n\n\n<div class=\"section-container\"><h1 class=\"bde-heading-587-101 bde-heading\">\nVIDEO-TUTORIAL: So verwenden Sie den Online-DTF-Designer\n<\/h1><div class=\"bde-div-587-117 bde-div\">\n  \n  \n\t\n\n\n\n<div class=\"bde-div-587-118 bde-div\">\n  \n  \n\t\n\n\n\n<div class=\"bde-icon-587-119 bde-icon\">\n\n    \n            <div class=\"bde-icon-icon breakdance-icon-atom\" >\n    \n                    <svg xmlns=\"http:\/\/www.w3.org\/2000\/svg\" viewbox=\"0 0 496 512\"><!-- Font Awesome Free 5.15.1 by @fontawesome - https:\/\/fontawesome.com License - https:\/\/fontawesome.com\/license\/free (Icons: CC BY 4.0, Fonts: SIL OFL 1.1, Code: MIT License) --><path d=\"M248 8C111 8 0 119 0 256s111 248 248 248 248-111 248-248S385 8 248 8zm0 96c48.6 0 88 39.4 88 88s-39.4 88-88 88-88-39.4-88-88 39.4-88 88-88zm0 344c-58.7 0-111.3-26.6-146.5-68.2 18.8-35.4 55.6-59.8 98.5-59.8 2.4 0 4.8.4 7.1 1.1 13 4.2 26.6 6.9 40.9 6.9 14.3 0 28-2.7 40.9-6.9 2.3-.7 4.7-1.1 7.1-1.1 42.9 0 79.7 24.4 98.5 59.8C359.3 421.4 306.7 448 248 448z\"\/><\/svg>\n        \n        \n        \n            <\/div>\n    \n\n\n<\/div><a class=\"bde-container-link-587-120 bde-container-link breakdance-link\" href=\"mailto:info@megamajice.com\" target=\"_self\" data-type=\"url\">\n  \n  \n\t\n\n\n\n<div class=\"bde-text-587-121 bde-text\">\nGeschrieben von: Mirza Hod\u017ei\u0107\n<\/div>\n\n<\/a>\n<\/div><div class=\"bde-div-587-122 bde-div\">\n  \n  \n\t\n\n\n\n<div class=\"bde-icon-587-123 bde-icon\">\n\n    \n            <div class=\"bde-icon-icon breakdance-icon-atom\" >\n    \n                    <svg xmlns=\"http:\/\/www.w3.org\/2000\/svg\" viewbox=\"0 0 512 512\"><!-- Font Awesome Free 5.15.1 by @fontawesome - https:\/\/fontawesome.com License - https:\/\/fontawesome.com\/license\/free (Icons: CC BY 4.0, Fonts: SIL OFL 1.1, Code: MIT License) --><path d=\"M256,8C119,8,8,119,8,256S119,504,256,504,504,393,504,256,393,8,256,8Zm92.49,313h0l-20,25a16,16,0,0,1-22.49,2.5h0l-67-49.72a40,40,0,0,1-15-31.23V112a16,16,0,0,1,16-16h32a16,16,0,0,1,16,16V256l58,42.5A16,16,0,0,1,348.49,321Z\"\/><\/svg>\n        \n        \n        \n            <\/div>\n    \n\n\n<\/div><a class=\"bde-container-link-587-124 bde-container-link breakdance-link\" href=\"mailto:info@megamajice.com\" target=\"_self\" data-type=\"url\">\n  \n  \n\t\n\n\n\n<div class=\"bde-text-587-125 bde-text\">\nVer\u00f6ffentlicht am 01.10.2024.\n<\/div>\n\n<\/a>\n<\/div>\n<\/div><div class=\"bde-columns-587-102 bde-columns\"><div class=\"bde-column-587-103 bde-column\">\n  \n  \n\t\n\n\n\n<div class=\"bde-video-587-114 bde-video\">\n<div class=\"ee-video-container\">\n                                                                        \n                <lite-youtube\n                        videoid=\"OR2rh3omDbA\"\n                                                style=\"background-image: url(https:\/\/dtfprint.hr\/wp-content\/uploads\/2024\/09\/CTA_Dtfprint_PC8bit.png); --logoUrl: url(https:\/\/dtfprint.hr\/wp-content\/uploads\/2024\/09\/dtf_print_seo2.png)\"\n                        class=\"ee-video\"\n                        title=\"\"\n                        params=\"&playsinline=0&rel=0&enablejsapi=1\"\n                >\n                <\/lite-youtube>\n                    \n        \n            \n    <\/div>\n\n<\/div>\n<\/div><div class=\"bde-column-587-106 bde-column\">\n  \n  \n\t\n\n\n\n<div class=\"bde-text-587-107 bde-text\">\nIn diesem Video zeigen wir, wie Sie in wenigen einfachen Schritten DTF-Drucker mit dem Online-DTF-Designer auf der Seite DTFprint.hr bestellen k\u00f6nnen.<br><br>Passen Sie Ihre eigenen Designs an, w\u00e4hlen Sie Gr\u00f6\u00dfen und erstellen Sie ganz einfach die perfekten DTF-Transfermotive f\u00fcr Ihre Projekte. Alles, was Sie brauchen, um T-Shirts schnell und einfach per Thermotransfer auf DTF-Folie zu pressen.<br><br>Eine ideale M\u00f6glichkeit, Kleidung oder Werbeartikel zu personalisieren! Bleiben Sie dran f\u00fcr weitere Tipps zu DTF-Imagern und dem W\u00e4rmebildprozess.<br>\n<\/div><div class=\"bde-button-587-116 bde-button\">\n    \n                        \n                        \n    \n    \n    \n    \n            \n                    \n            \n            \n\n    \n    \n    \n    \n    \n    <a class=\"breakdance-link button-atom button-atom--custom bde-button__button\" href=\"https:\/\/dtfprint.hr\/de\/product\/dtf-gangsheet-online-erstellen\/\" target=\"_self\" data-type=\"url\"  >\n\n    \n        <span class=\"button-atom__text\">\u00d6ffnen Sie den DTF-Designer<\/span>\n\n                            \n        \n                <\/a>\n\n    \n\n\n<\/div>\n<\/div><\/div><\/div>\n<\/section>","protected":false},"excerpt":{"rendered":"<p>VIDEO TUTORIAL: Kako koristiti online DTF dizajner Pi\u0161e: Mirza Hod\u017ei\u0107 Objavljeno 01.10.2024. U ovom videu pokazujemo kako u nekoliko jednostavnih koraka mo\u017eete naru\u010diti DTF preslika\u010de koriste\u0107i online DTF dizajner na stranici DTFprint.hr.Prilagodite vlastite dizajne, birajte veli\u010dine i jednostavno kreirajte savr\u0161ene DTF transfer motive za svoje projekte. Sve \u0161to trebate za brzo i lako pre\u0161anje majica [&hellip;]<\/p>\n","protected":false},"author":1,"featured_media":266,"parent":396,"menu_order":0,"comment_status":"closed","ping_status":"closed","template":"","meta":{"_seopress_robots_primary_cat":"","_seopress_titles_title":"","_seopress_titles_desc":"","_seopress_robots_index":"","_breakdance_hide_in_design_set":false,"_breakdance_tags":"","footnotes":""},"class_list":["post-587","page","type-page","status-publish","has-post-thumbnail","hentry"],"_links":{"self":[{"href":"https:\/\/dtfprint.hr\/de\/wp-json\/wp\/v2\/pages\/587","targetHints":{"allow":["GET"]}}],"collection":[{"href":"https:\/\/dtfprint.hr\/de\/wp-json\/wp\/v2\/pages"}],"about":[{"href":"https:\/\/dtfprint.hr\/de\/wp-json\/wp\/v2\/types\/page"}],"author":[{"embeddable":true,"href":"https:\/\/dtfprint.hr\/de\/wp-json\/wp\/v2\/users\/1"}],"replies":[{"embeddable":true,"href":"https:\/\/dtfprint.hr\/de\/wp-json\/wp\/v2\/comments?post=587"}],"version-history":[{"count":5,"href":"https:\/\/dtfprint.hr\/de\/wp-json\/wp\/v2\/pages\/587\/revisions"}],"predecessor-version":[{"id":932,"href":"https:\/\/dtfprint.hr\/de\/wp-json\/wp\/v2\/pages\/587\/revisions\/932"}],"up":[{"embeddable":true,"href":"https:\/\/dtfprint.hr\/de\/wp-json\/wp\/v2\/pages\/396"}],"wp:featuredmedia":[{"embeddable":true,"href":"https:\/\/dtfprint.hr\/de\/wp-json\/wp\/v2\/media\/266"}],"wp:attachment":[{"href":"https:\/\/dtfprint.hr\/de\/wp-json\/wp\/v2\/media?parent=587"}],"curies":[{"name":"wp","href":"https:\/\/api.w.org\/{rel}","templated":true}]}}