{"id":404,"date":"2024-09-25T21:45:26","date_gmt":"2024-09-25T19:45:26","guid":{"rendered":"https:\/\/dtfprint.hr\/?page_id=404"},"modified":"2024-10-28T03:23:06","modified_gmt":"2024-10-28T02:23:06","slug":"anbringen-von-dtf-kopien-auf-t-shirts-taschen-und-anderen-textilprodukten","status":"publish","type":"page","link":"https:\/\/dtfprint.hr\/de\/upute\/apliciranje-dtf-preslikaca-na-majice-hudice-torbe-i-ostale-tekstilne-proizvode\/","title":{"rendered":"Apliciranje DTF preslika\u010da na majice, hudice, torbe i ostale tekstilne proizvode"},"content":{"rendered":"<section class=\"bde-section-404-110 bde-section\">\n  \n  \n\t\n\n\n\n<div class=\"section-container\"><h1 class=\"bde-heading-404-111 bde-heading\">\nIn wenigen Schritten zum tollen Druck\n<\/h1><div class=\"bde-div-404-210 bde-div\">\n  \n  \n\t\n\n\n\n<div class=\"bde-div-404-211 bde-div\">\n  \n  \n\t\n\n\n\n<div class=\"bde-icon-404-212 bde-icon\">\n\n    \n            <div class=\"bde-icon-icon breakdance-icon-atom\" >\n    \n                    <svg xmlns=\"http:\/\/www.w3.org\/2000\/svg\" viewbox=\"0 0 496 512\"><!-- Font Awesome Free 5.15.1 by @fontawesome - https:\/\/fontawesome.com License - https:\/\/fontawesome.com\/license\/free (Icons: CC BY 4.0, Fonts: SIL OFL 1.1, Code: MIT License) --><path d=\"M248 8C111 8 0 119 0 256s111 248 248 248 248-111 248-248S385 8 248 8zm0 96c48.6 0 88 39.4 88 88s-39.4 88-88 88-88-39.4-88-88 39.4-88 88-88zm0 344c-58.7 0-111.3-26.6-146.5-68.2 18.8-35.4 55.6-59.8 98.5-59.8 2.4 0 4.8.4 7.1 1.1 13 4.2 26.6 6.9 40.9 6.9 14.3 0 28-2.7 40.9-6.9 2.3-.7 4.7-1.1 7.1-1.1 42.9 0 79.7 24.4 98.5 59.8C359.3 421.4 306.7 448 248 448z\"\/><\/svg>\n        \n        \n        \n            <\/div>\n    \n\n\n<\/div><a class=\"bde-container-link-404-213 bde-container-link breakdance-link\" href=\"mailto:info@megamajice.com\" target=\"_self\" data-type=\"url\">\n  \n  \n\t\n\n\n\n<div class=\"bde-text-404-214 bde-text\">\nGeschrieben von: Mirza Hod\u017ei\u0107\n<\/div>\n\n<\/a>\n<\/div><div class=\"bde-div-404-215 bde-div\">\n  \n  \n\t\n\n\n\n<div class=\"bde-icon-404-216 bde-icon\">\n\n    \n            <div class=\"bde-icon-icon breakdance-icon-atom\" >\n    \n                    <svg xmlns=\"http:\/\/www.w3.org\/2000\/svg\" viewbox=\"0 0 512 512\"><!-- Font Awesome Free 5.15.1 by @fontawesome - https:\/\/fontawesome.com License - https:\/\/fontawesome.com\/license\/free (Icons: CC BY 4.0, Fonts: SIL OFL 1.1, Code: MIT License) --><path d=\"M256,8C119,8,8,119,8,256S119,504,256,504,504,393,504,256,393,8,256,8Zm92.49,313h0l-20,25a16,16,0,0,1-22.49,2.5h0l-67-49.72a40,40,0,0,1-15-31.23V112a16,16,0,0,1,16-16h32a16,16,0,0,1,16,16V256l58,42.5A16,16,0,0,1,348.49,321Z\"\/><\/svg>\n        \n        \n        \n            <\/div>\n    \n\n\n<\/div><a class=\"bde-container-link-404-217 bde-container-link breakdance-link\" href=\"mailto:info@megamajice.com\" target=\"_self\" data-type=\"url\">\n  \n  \n\t\n\n\n\n<div class=\"bde-text-404-218 bde-text\">\nVer\u00f6ffentlicht am 28. September 2024.\n<\/div>\n\n<\/a>\n<\/div>\n<\/div><div class=\"bde-text-404-140 bde-text\">\nLesen Sie unten die Anweisungen zum Anbringen unserer Aufkleber auf T-Shirts. Das Gleiche gilt jedoch auch f\u00fcr andere Produkte wie Kapuzen, Taschen, Regenschirme und andere Werbeartikel.\n<\/div><div class=\"bde-columns-404-112 bde-columns\"><div class=\"bde-column-404-113 bde-column\">\n  \n  \n\t\n\n\n\n<h3 class=\"bde-heading-404-114 bde-heading\">\n1. Schneiden Sie die Spiegelbilder aus\n<\/h3><div class=\"bde-image-404-115 bde-image\">\n<figure class=\"breakdance-image breakdance-image--408\">\n\t<div class=\"breakdance-image-container\">\n\t\t<div class=\"breakdance-image-clip\"><img loading=\"lazy\" decoding=\"async\" class=\"breakdance-image-object\" src=\"https:\/\/dtfprint.hr\/wp-content\/uploads\/2024\/09\/izrezi_dtf_preslikace.jpg\" width=\"1000\" height=\"1000\" srcset=\"https:\/\/dtfprint.hr\/wp-content\/uploads\/2024\/09\/izrezi_dtf_preslikace.jpg 1000w, https:\/\/dtfprint.hr\/wp-content\/uploads\/2024\/09\/izrezi_dtf_preslikace-300x300.jpg 300w, https:\/\/dtfprint.hr\/wp-content\/uploads\/2024\/09\/izrezi_dtf_preslikace-150x150.jpg 150w, https:\/\/dtfprint.hr\/wp-content\/uploads\/2024\/09\/izrezi_dtf_preslikace-768x768.jpg 768w, https:\/\/dtfprint.hr\/wp-content\/uploads\/2024\/09\/izrezi_dtf_preslikace-600x600.jpg 600w\" sizes=\"auto, (max-width: 1000px) 100vw, 1000px\"><\/div>\n\t<\/div><\/figure>\n\n<\/div><div class=\"bde-text-404-116 bde-text\">\nPacken Sie Ihre Aufkleber aus und schneiden Sie die Motive mit einer Schere aus.\n<\/div>\n<\/div><div class=\"bde-column-404-117 bde-column\">\n  \n  \n\t\n\n\n\n<h3 class=\"bde-heading-404-118 bde-heading\">\n2. Erhitzen Sie die Presse\n<\/h3><div class=\"bde-image-404-119 bde-image\">\n<figure class=\"breakdance-image breakdance-image--413\">\n\t<div class=\"breakdance-image-container\">\n\t\t<div class=\"breakdance-image-clip\"><img loading=\"lazy\" decoding=\"async\" class=\"breakdance-image-object\" src=\"https:\/\/dtfprint.hr\/wp-content\/uploads\/2024\/09\/zagrijana_termo_presa_dtf_print.jpg\" width=\"1000\" height=\"1000\" srcset=\"https:\/\/dtfprint.hr\/wp-content\/uploads\/2024\/09\/zagrijana_termo_presa_dtf_print.jpg 1000w, https:\/\/dtfprint.hr\/wp-content\/uploads\/2024\/09\/zagrijana_termo_presa_dtf_print-300x300.jpg 300w, https:\/\/dtfprint.hr\/wp-content\/uploads\/2024\/09\/zagrijana_termo_presa_dtf_print-150x150.jpg 150w, https:\/\/dtfprint.hr\/wp-content\/uploads\/2024\/09\/zagrijana_termo_presa_dtf_print-768x768.jpg 768w, https:\/\/dtfprint.hr\/wp-content\/uploads\/2024\/09\/zagrijana_termo_presa_dtf_print-600x600.jpg 600w\" sizes=\"auto, (max-width: 1000px) 100vw, 1000px\"><\/div>\n\t<\/div><\/figure>\n\n<\/div><div class=\"bde-text-404-136 bde-text\">\nErhitzen Sie die Thermopresse auf 150 \u00b0C und stellen Sie den Timer auf 10 Sekunden.\n<\/div>\n<\/div><div class=\"bde-column-404-122 bde-column\">\n  \n  \n\t\n\n\n\n<h3 class=\"bde-heading-404-123 bde-heading\">\n3. Position\n<\/h3><div class=\"bde-image-404-124 bde-image\">\n<figure class=\"breakdance-image breakdance-image--411\">\n\t<div class=\"breakdance-image-container\">\n\t\t<div class=\"breakdance-image-clip\"><img loading=\"lazy\" decoding=\"async\" class=\"breakdance-image-object\" src=\"https:\/\/dtfprint.hr\/wp-content\/uploads\/2024\/09\/pozicioniraj_dtf_preslikac_na_majicu.jpg\" width=\"1000\" height=\"1000\" srcset=\"https:\/\/dtfprint.hr\/wp-content\/uploads\/2024\/09\/pozicioniraj_dtf_preslikac_na_majicu.jpg 1000w, https:\/\/dtfprint.hr\/wp-content\/uploads\/2024\/09\/pozicioniraj_dtf_preslikac_na_majicu-300x300.jpg 300w, https:\/\/dtfprint.hr\/wp-content\/uploads\/2024\/09\/pozicioniraj_dtf_preslikac_na_majicu-150x150.jpg 150w, https:\/\/dtfprint.hr\/wp-content\/uploads\/2024\/09\/pozicioniraj_dtf_preslikac_na_majicu-768x768.jpg 768w, https:\/\/dtfprint.hr\/wp-content\/uploads\/2024\/09\/pozicioniraj_dtf_preslikac_na_majicu-600x600.jpg 600w\" sizes=\"auto, (max-width: 1000px) 100vw, 1000px\"><\/div>\n\t<\/div><\/figure>\n\n<\/div><div class=\"bde-text-404-137 bde-text\">\nPositionieren Sie den Druck an der gew\u00fcnschten Stelle. Senken Sie die Presse.\n<\/div>\n<\/div><div class=\"bde-column-404-127 bde-column\">\n  \n  \n\t\n\n\n\n<h3 class=\"bde-heading-404-128 bde-heading\">\n4. L\u00f6sen\n<\/h3><div class=\"bde-image-404-129 bde-image\">\n<figure class=\"breakdance-image breakdance-image--410\">\n\t<div class=\"breakdance-image-container\">\n\t\t<div class=\"breakdance-image-clip\"><img loading=\"lazy\" decoding=\"async\" class=\"breakdance-image-object\" src=\"https:\/\/dtfprint.hr\/wp-content\/uploads\/2024\/09\/odlijepi_dtf_preslikac.jpg\" width=\"1000\" height=\"1000\" srcset=\"https:\/\/dtfprint.hr\/wp-content\/uploads\/2024\/09\/odlijepi_dtf_preslikac.jpg 1000w, https:\/\/dtfprint.hr\/wp-content\/uploads\/2024\/09\/odlijepi_dtf_preslikac-300x300.jpg 300w, https:\/\/dtfprint.hr\/wp-content\/uploads\/2024\/09\/odlijepi_dtf_preslikac-150x150.jpg 150w, https:\/\/dtfprint.hr\/wp-content\/uploads\/2024\/09\/odlijepi_dtf_preslikac-768x768.jpg 768w, https:\/\/dtfprint.hr\/wp-content\/uploads\/2024\/09\/odlijepi_dtf_preslikac-600x600.jpg 600w\" sizes=\"auto, (max-width: 1000px) 100vw, 1000px\"><\/div>\n\t<\/div><\/figure>\n\n<\/div><div class=\"bde-text-404-138 bde-text\">\nHeben Sie die Presse an und ziehen Sie den Aufkleber sofort ab.\n<\/div>\n<\/div><div class=\"bde-column-404-132 bde-column\">\n  \n  \n\t\n\n\n\n<h3 class=\"bde-heading-404-133 bde-heading\">\n5. Fertig!\n<\/h3><div class=\"bde-image-404-134 bde-image\">\n<figure class=\"breakdance-image breakdance-image--409\">\n\t<div class=\"breakdance-image-container\">\n\t\t<div class=\"breakdance-image-clip\"><img loading=\"lazy\" decoding=\"async\" class=\"breakdance-image-object\" src=\"https:\/\/dtfprint.hr\/wp-content\/uploads\/2024\/09\/majica_s_otisnutim_preslikacom.jpg\" width=\"1000\" height=\"1000\" srcset=\"https:\/\/dtfprint.hr\/wp-content\/uploads\/2024\/09\/majica_s_otisnutim_preslikacom.jpg 1000w, https:\/\/dtfprint.hr\/wp-content\/uploads\/2024\/09\/majica_s_otisnutim_preslikacom-300x300.jpg 300w, https:\/\/dtfprint.hr\/wp-content\/uploads\/2024\/09\/majica_s_otisnutim_preslikacom-150x150.jpg 150w, https:\/\/dtfprint.hr\/wp-content\/uploads\/2024\/09\/majica_s_otisnutim_preslikacom-768x768.jpg 768w, https:\/\/dtfprint.hr\/wp-content\/uploads\/2024\/09\/majica_s_otisnutim_preslikacom-600x600.jpg 600w\" sizes=\"auto, (max-width: 1000px) 100vw, 1000px\"><\/div>\n\t<\/div><\/figure>\n\n<\/div><div class=\"bde-text-404-139 bde-text\">\nDer Spiegel ist am T-Shirt befestigt.\n<\/div>\n<\/div><\/div><div class=\"bde-div-404-200 bde-div\">\n  \n  \n\t\n\n\n\n<div class=\"bde-div-404-191 bde-div\">\n  \n  \n\t\n\n\n\n<div class=\"bde-div-404-189 bde-div\">\n  \n  \n\t\n\n\n\n<div class=\"bde-text-404-190 bde-text\">\nBeratung\n<\/div>\n<\/div><div class=\"bde-text-404-192 bde-text\">\nEs ist nicht m\u00f6glich, zu viel Druck auf die Transferpresse auszu\u00fcben. Grunds\u00e4tzlich gilt: Je st\u00e4rker der Druck, desto besser der Druck.\n<\/div>\n<\/div><div class=\"bde-div-404-201 bde-div\">\n  \n  \n\t\n\n\n\n<div class=\"bde-div-404-202 bde-div\">\n  \n  \n\t\n\n\n\n<div class=\"bde-text-404-203 bde-text\">\nBeratung\n<\/div>\n<\/div><div class=\"bde-text-404-204 bde-text\">\nUm die besten Ergebnisse und ein weicheres Gef\u00fchl zu erzielen, drehen Sie das Transferpapier um und dr\u00fccken Sie weitere 5 Sekunden lang auf den Imager\n<\/div>\n<\/div><div class=\"bde-div-404-205 bde-div\">\n  \n  \n\t\n\n\n\n<div class=\"bde-div-404-206 bde-div\">\n  \n  \n\t\n\n\n\n<div class=\"bde-text-404-207 bde-text\">\nBeratung\n<\/div>\n<\/div><div class=\"bde-text-404-208 bde-text\">\nBevor Sie den Imager auf das T-Shirt auftragen, dr\u00fccken Sie das T-Shirt einige Sekunden lang vor, um Feuchtigkeit zu entfernen\n<\/div>\n<\/div>\n<\/div><\/div>\n<\/section><section class=\"bde-section-404-143 bde-section\">\n  \n  \n\t\n\n\n\n<div class=\"section-container\"><h1 class=\"bde-heading-404-144 bde-heading\">\nWof\u00fcr k\u00f6nnen DTF-Imager eingesetzt werden?\n<\/h1><div class=\"bde-text-404-145 bde-text\">\nDTF-Drucker (Direct-to-Film) k\u00f6nnen auf verschiedenen Substraten und Materialien eingesetzt werden. Hier sind die h\u00e4ufigsten:<br><br>\n<\/div><div class=\"bde-columns-404-146 bde-columns\"><div class=\"bde-column-404-147 bde-column\">\n  \n  \n\t\n\n\n\n<h3 class=\"bde-heading-404-150 bde-heading\">\nTextil\n<\/h3><div class=\"bde-rich-text-404-151 bde-rich-text breakdance-rich-text-styles\">\n<ul>\n<li style=\"text-align: left;\">Baumwolle<\/li>\n<li style=\"text-align: left;\">Polyester<\/li>\n<li style=\"text-align: left;\">Baumwoll- und Polyestermischungen<\/li>\n<li style=\"text-align: left;\">Nylon<\/li>\n<li style=\"text-align: left;\">Elasthan (Elastin)<\/li>\n<li style=\"text-align: left;\">Twill und Canvas<\/li>\n<li style=\"text-align: left;\">Denim<\/li>\n<\/ul>\n<\/div>\n<\/div><div class=\"bde-column-404-156 bde-column\">\n  \n  \n\t\n\n\n\n<h3 class=\"bde-heading-404-157 bde-heading\">\nBekleidung\n<\/h3><div class=\"bde-rich-text-404-158 bde-rich-text breakdance-rich-text-styles\">\n<ul>\n<li>T-Shirts<\/li>\n<li>Sweatshirts und Hoodies<\/li>\n<li>H\u00fcte<\/li>\n<li>Jacken<\/li>\n<li>Shorts und lange Hosen<\/li>\n<li>Sportausr\u00fcstung<\/li>\n<li>Arbeitskleidung<\/li>\n<\/ul>\n\n<\/div>\n<\/div><div class=\"bde-column-404-159 bde-column\">\n  \n  \n\t\n\n\n\n<h3 class=\"bde-heading-404-160 bde-heading\">\nAndere Produkte\n<\/h3><div class=\"bde-rich-text-404-161 bde-rich-text breakdance-rich-text-styles\">\n<ul>\n<li>Taschen und Rucks\u00e4cke<\/li>\n<li>Textile Gesichtsmasken<\/li>\n<li>Schals und Haarb\u00e4nder<\/li>\n<li>Regenschirme<\/li>\n<li>Kissenbez\u00fcge<\/li>\n<li>Bettw\u00e4sche<\/li>\n<li>Vorh\u00e4nge und Gardinen<\/li>\n<li>Tischdecken<\/li>\n<\/ul>\n<\/div>\n<\/div><\/div><\/div>\n<\/section><section class=\"bde-section-404-162 bde-section\">\n  \n  \n\t\n\n\n\n<div class=\"section-container\"><h1 class=\"bde-heading-404-163 bde-heading\">\nSo lagern Sie DTF-Imager ordnungsgem\u00e4\u00df f\u00fcr den Langzeitgebrauch<br>\n<\/h1><div class=\"bde-text-404-164 bde-text\">\nDTF-Imager reagieren \u00e4u\u00dferst empfindlich auf Lagerbedingungen, insbesondere auf Feuchtigkeit. Wenn die Folien an der Luft liegen und Feuchtigkeit aufnehmen, kann dies die Qualit\u00e4t der endg\u00fcltigen \u00dcbertragung beeintr\u00e4chtigen, da beim Pressen Feuchtigkeitsspuren auftreten k\u00f6nnen. Um solche Probleme zu vermeiden, ist es wichtig, den Spiegel richtig aufzubewahren. Nachfolgend finden Sie Empfehlungen zum Speichern von Spiegelbildern:<br>\n<\/div><div class=\"bde-columns-404-175 bde-columns\"><div class=\"bde-column-404-176 bde-column\">\n  \n  \n\t\n\n\n\n<h3 class=\"bde-heading-404-180 bde-heading\">\nAn einem trockenen Ort aufbewahren\n<\/h3><div class=\"bde-text-404-179 bde-text\">\nDTF-Kopien sollten in einem Raum mit geringer Luftfeuchtigkeit aufbewahrt werden, idealerweise in hermetisch verschlossenen Beuteln oder Beh\u00e4ltern. Die Investition in ein Feuchtigkeitskontrollsystem, wie z. B. Silikagelbeutel, kann zus\u00e4tzlich zum Schutz des Imagers beitragen.\n<\/div>\n<\/div><div class=\"bde-column-404-181 bde-column\">\n  \n  \n\t\n\n\n\n<h3 class=\"bde-heading-404-182 bde-heading\">\nVermeiden Sie Lufteinwirkung\n<\/h3><div class=\"bde-text-404-183 bde-text\">\nWenn die Kameras l\u00e4ngere Zeit drau\u00dfen stehen, besteht ein erh\u00f6htes Risiko, dass sie Feuchtigkeit aus der Luft aufnehmen. Es wird empfohlen, die Duplikatoren unmittelbar nach Gebrauch wieder in die Schutzverpackung zu verpacken.\n<\/div>\n<\/div><div class=\"bde-column-404-184 bde-column\">\n  \n  \n\t\n\n\n\n<h3 class=\"bde-heading-404-185 bde-heading\">\nOptimale Temperatur\n<\/h3><div class=\"bde-text-404-186 bde-text\">\nBewahren Sie die Duplikatoren bei Raumtemperatur auf, fern von W\u00e4rmequellen oder extremer K\u00e4lte, da auch solche Bedingungen ihre Qualit\u00e4t beeintr\u00e4chtigen k\u00f6nnen.\n<\/div>\n<\/div><\/div><h3 class=\"bde-heading-404-187 bde-heading\">\nWas tun, wenn der Spiegel nass wird:<br>\n<\/h3><div class=\"bde-text-404-188 bde-text\">\nWenn die Duplikatoren Feuchtigkeit aufgenommen haben, k\u00f6nnen beim ersten Pressen Spuren von Feuchtigkeit zur\u00fcckbleiben. In diesem Fall k\u00f6nnen Sie sie erneut andr\u00fccken mit: Backpapier, Backpapier oder Teflonfolie.<br><br>Durch dieses zus\u00e4tzliche Pressen wird \u00fcbersch\u00fcssige Feuchtigkeit entfernt und das glatte Erscheinungsbild des Drucks wiederhergestellt. Durch die richtige Lagerung und den Einsatz dieser Techniken stellen Sie sicher, dass Ihre DTF-Imager auch nach l\u00e4ngerer Lagerung eine optimale Qualit\u00e4t und Haltbarkeit behalten.\n<\/div><div class=\"bde-globalblock-404-209 bde-globalblock\"><section class=\"bde-section-450-118-450-1 bde-section bde-section-450-118\">\n  \n  \n\t\n\n\n\n<div class=\"section-container\"><h2 class=\"bde-heading-450-101-450-1 bde-heading bde-heading-450-101\">\nBestellen Sie DTF-Drucker online zum besten Preis in Kroatien\n<\/h2><h2 class=\"bde-heading-450-119-450-1 bde-heading bde-heading-450-119\">\nPreisliste der DTF-Drucker pro langem Meter (58 cm Breite)\n<\/h2><div class=\"bde-columns-450-121-450-1 bde-columns bde-columns-450-121\"><div class=\"bde-column-450-122-450-1 bde-column bde-column-450-122\">\n  \n  \n\t\n\n\n\n<div class=\"bde-div-450-124-450-1 bde-div bde-div-450-124\">\n  \n  \n\t\n\n\n\n<div class=\"bde-fancy-divider-450-125-450-1 bde-fancy-divider bde-fancy-divider-450-125\">\n\n\n<div class=\"bde-fancy-divider__wrapper\">\n  <div class=\"bde-fancy-divider__separator has-content has-content-flex-start\">\n  \t    \t    \t          <div class=\"bde-fancy-divider__content bde-fancy-divider__content--text\">\n          1 f\u00e4lliger Meter\n          <\/div>\n    \t      <\/div>\n<\/div>\n\n<\/div><div class=\"bde-text-450-126-450-1 bde-text bde-text-450-126\">\n14,90\u20ac\n<\/div>\n<\/div><div class=\"bde-div-450-127-450-1 bde-div bde-div-450-127\">\n  \n  \n\t\n\n\n\n<div class=\"bde-fancy-divider-450-128-450-1 bde-fancy-divider bde-fancy-divider-450-128\">\n\n\n<div class=\"bde-fancy-divider__wrapper\">\n  <div class=\"bde-fancy-divider__separator has-content has-content-flex-start\">\n  \t    \t    \t          <div class=\"bde-fancy-divider__content bde-fancy-divider__content--text\">\n          von 1dm bis 10dm\n          <\/div>\n    \t      <\/div>\n<\/div>\n\n<\/div><div class=\"bde-text-450-204-450-1 bde-text bde-text-450-204\">\n11,90\u20ac\n<\/div>\n<\/div><div class=\"bde-div-450-130-450-1 bde-div bde-div-450-130\">\n  \n  \n\t\n\n\n\n<div class=\"bde-fancy-divider-450-131-450-1 bde-fancy-divider bde-fancy-divider-450-131\">\n\n\n<div class=\"bde-fancy-divider__wrapper\">\n  <div class=\"bde-fancy-divider__separator has-content has-content-flex-start\">\n  \t    \t    \t          <div class=\"bde-fancy-divider__content bde-fancy-divider__content--text\">\n          10 Meter und mehr\n          <\/div>\n    \t      <\/div>\n<\/div>\n\n<\/div><div class=\"bde-text-450-205-450-1 bde-text bde-text-450-205\">\n8,90\u20ac\n<\/div>\n<\/div><div class=\"bde-div-450-140-450-1 bde-div bde-div-450-140\">\n  \n  \n\t\n\n\n\n<div class=\"bde-text-450-207-450-1 bde-text bde-text-450-207\">\nU cijenu je uklju\u010deno pakiranje u vodootporni PELD omot i za\u0161titna kartonska kutija.\n<\/div><div class=\"bde-text-450-208-450-1 bde-text bde-text-450-208\">\nDer Preis beinhaltet keine Mehrwertsteuer.\n<\/div>\n<\/div>\n<\/div><\/div><\/div>\n<\/section><section class=\"bde-section-450-100-450-1 bde-section bde-section-450-100\">\n  \n  \n\t\n\n\n\n<div class=\"section-container\"><div class=\"bde-columns-450-102-450-1 bde-columns bde-columns-450-102\"><div class=\"bde-column-450-103-450-1 bde-column bde-column-450-103\">\n  \n  \n\t\n\n\n\n<h2 class=\"bde-heading-450-104-450-1 bde-heading bde-heading-450-104\">\nOnline-DTF-Designer\n<\/h2><div class=\"bde-div-450-105-450-1 bde-div bde-div-450-105\">\n  \n  \n\t\n\n\n\n<div class=\"bde-text-450-106-450-1 bde-text bde-text-450-106\">\nF\u00fcr Anf\u00e4nger\n<\/div>\n<\/div><div class=\"bde-image-450-107-450-1 bde-image bde-image-450-107\">\n<figure class=\"breakdance-image breakdance-image--269\">\n\t<div class=\"breakdance-image-container\">\n\t\t<div class=\"breakdance-image-clip\"><img loading=\"lazy\" decoding=\"async\" class=\"breakdance-image-object\" src=\"https:\/\/dtfprint.hr\/wp-content\/uploads\/2024\/09\/CTA_Dtfprint_PC8bit.png\" width=\"1200\" height=\"750\" srcset=\"https:\/\/dtfprint.hr\/wp-content\/uploads\/2024\/09\/CTA_Dtfprint_PC8bit.png 1200w, https:\/\/dtfprint.hr\/wp-content\/uploads\/2024\/09\/CTA_Dtfprint_PC8bit-300x188.png 300w, https:\/\/dtfprint.hr\/wp-content\/uploads\/2024\/09\/CTA_Dtfprint_PC8bit-1024x640.png 1024w, https:\/\/dtfprint.hr\/wp-content\/uploads\/2024\/09\/CTA_Dtfprint_PC8bit-768x480.png 768w, https:\/\/dtfprint.hr\/wp-content\/uploads\/2024\/09\/CTA_Dtfprint_PC8bit-600x375.png 600w\" sizes=\"auto, (max-width: 1200px) 100vw, 1200px\" alt=\"DTF-Gangsheet \u2013 Online-DTF-Designer\"><\/div>\n\t<\/div><\/figure>\n\n<\/div><div class=\"bde-text-450-108-450-1 bde-text bde-text-450-108\">\nF\u00fcr Einsteiger oder diejenigen ohne Designsoftware ist der Online-Druckerrollendesigner von DTFprint.hr die perfekte L\u00f6sung. Mit einer benutzerfreundlichen Oberfl\u00e4che und einer Reihe von Anpassungstools war die Erstellung eines Mappers noch nie so einfach.\n<\/div><div class=\"bde-button-450-109-450-1 bde-button bde-button-450-109\">\n    \n                                    \n    \n    \n    \n    \n            \n                    \n            \n            \n\n    \n    \n    \n    \n    \n    <a class=\"breakdance-link button-atom button-atom--primary bde-button__button\" href=\"https:\/\/dtfprint.hr\/de\/product\/dtf-gangsheet-online-erstellen\/\" target=\"_self\" data-type=\"url\"  >\n\n    \n        <span class=\"button-atom__text\">\u00d6ffnen Sie den Online-Designer<\/span>\n\n        \n        \n                <\/a>\n\n    \n\n\n<\/div>\n<\/div><div class=\"bde-column-450-110-450-1 bde-column bde-column-450-110\">\n  \n  \n\t\n\n\n\n<h2 class=\"bde-heading-450-111-450-1 bde-heading bde-heading-450-111\">\nLaden Sie die PDF-Vorbereitung hoch\n<\/h2><div class=\"bde-div-450-112-450-1 bde-div bde-div-450-112\">\n  \n  \n\t\n\n\n\n<div class=\"bde-text-450-113-450-1 bde-text bde-text-450-113\">\nF\u00fcr Erfahrene\n<\/div>\n<\/div><div class=\"bde-image-450-114-450-1 bde-image bde-image-450-114\">\n<figure class=\"breakdance-image breakdance-image--280\">\n\t<div class=\"breakdance-image-container\">\n\t\t<div class=\"breakdance-image-clip\"><img loading=\"lazy\" decoding=\"async\" class=\"breakdance-image-object\" src=\"https:\/\/dtfprint.hr\/wp-content\/uploads\/2024\/09\/naruci_dtf_pdf_online.png\" width=\"1000\" height=\"777\" srcset=\"https:\/\/dtfprint.hr\/wp-content\/uploads\/2024\/09\/naruci_dtf_pdf_online.png 1000w, https:\/\/dtfprint.hr\/wp-content\/uploads\/2024\/09\/naruci_dtf_pdf_online-300x233.png 300w, https:\/\/dtfprint.hr\/wp-content\/uploads\/2024\/09\/naruci_dtf_pdf_online-768x597.png 768w, https:\/\/dtfprint.hr\/wp-content\/uploads\/2024\/09\/naruci_dtf_pdf_online-600x466.png 600w\" sizes=\"auto, (max-width: 1000px) 100vw, 1000px\" alt=\"DTF-Imager mit einer Breite von 58 cm und einer L\u00e4nge von bis zu 100 m\"><\/div>\n\t<\/div><\/figure>\n\n<\/div><div class=\"bde-text-450-115-450-1 bde-text bde-text-450-115\">\nLaden Sie eine oder mehrere druckfertige PDF-Vorbereitungen hoch, geben Sie Ma\u00dfe ein und bestellen Sie DTF-Kopien f\u00fcr Textilprodukte mit automatischer Preisberechnung abh\u00e4ngig von der bestellten L\u00e4nge. Mehr Z\u00e4hler \u2013 mehr Ersparnis!\n<\/div><div class=\"bde-button-450-116-450-1 bde-button bde-button-450-116\">\n    \n                                    \n    \n    \n    \n    \n            \n                    \n            \n            \n\n    \n    \n    \n    \n    \n    <a class=\"breakdance-link button-atom button-atom--primary bde-button__button\" href=\"https:\/\/dtfprint.hr\/de\/product\/laden-sie-eine-pdf-dtf-kopie-hoch-und-bestellen-sie-sie\/\" target=\"_self\" data-type=\"url\"  >\n\n    \n        <span class=\"button-atom__text\">Laden Sie die PDF-Vorbereitung hoch<\/span>\n\n        \n        \n                <\/a>\n\n    \n\n\n<\/div>\n<\/div><\/div><\/div>\n<\/section><\/div><\/div>\n<\/section>","protected":false},"excerpt":{"rendered":"<p>U par jednostavnih koraka do vrhunskog otiska Pi\u0161e: Mirza Hod\u017ei\u0107 Objavljeno 28.09.2024. U nastavku pro\u010ditajte upute o tome kako aplicirati na\u0161e preslika\u010de na majice, no isto vrijedi i za ostale proizvode poput hudica, torbi, ki\u0161obrana i ostalih promotivnih proizvoda. 1. Izre\u017ei preslika\u010de Raspakirajte va\u0161e preslika\u010de i \u0161karama odre\u017eite dizajneve. 2. Ugrij pre\u0161u Ugrijte termo pre\u0161u [&hellip;]<\/p>\n","protected":false},"author":1,"featured_media":412,"parent":396,"menu_order":0,"comment_status":"closed","ping_status":"closed","template":"","meta":{"_seopress_robots_primary_cat":"","_seopress_titles_title":"Kako zapre\u0161ati DTF transfer na majicu? Vodi\u010d sa fotografijama.","_seopress_titles_desc":"Vodi\u010d za apliciranje DTF preslika\u010da na majice i ostale tekstilne proizvode. U par koraka napravite odli\u010dnu majicu s dugotrajnim otiskom.","_seopress_robots_index":"","_breakdance_hide_in_design_set":false,"_breakdance_tags":"","footnotes":""},"class_list":["post-404","page","type-page","status-publish","has-post-thumbnail","hentry"],"_links":{"self":[{"href":"https:\/\/dtfprint.hr\/de\/wp-json\/wp\/v2\/pages\/404","targetHints":{"allow":["GET"]}}],"collection":[{"href":"https:\/\/dtfprint.hr\/de\/wp-json\/wp\/v2\/pages"}],"about":[{"href":"https:\/\/dtfprint.hr\/de\/wp-json\/wp\/v2\/types\/page"}],"author":[{"embeddable":true,"href":"https:\/\/dtfprint.hr\/de\/wp-json\/wp\/v2\/users\/1"}],"replies":[{"embeddable":true,"href":"https:\/\/dtfprint.hr\/de\/wp-json\/wp\/v2\/comments?post=404"}],"version-history":[{"count":11,"href":"https:\/\/dtfprint.hr\/de\/wp-json\/wp\/v2\/pages\/404\/revisions"}],"predecessor-version":[{"id":931,"href":"https:\/\/dtfprint.hr\/de\/wp-json\/wp\/v2\/pages\/404\/revisions\/931"}],"up":[{"embeddable":true,"href":"https:\/\/dtfprint.hr\/de\/wp-json\/wp\/v2\/pages\/396"}],"wp:featuredmedia":[{"embeddable":true,"href":"https:\/\/dtfprint.hr\/de\/wp-json\/wp\/v2\/media\/412"}],"wp:attachment":[{"href":"https:\/\/dtfprint.hr\/de\/wp-json\/wp\/v2\/media?parent=404"}],"curies":[{"name":"wp","href":"https:\/\/api.w.org\/{rel}","templated":true}]}}