{"id":361,"date":"2024-09-25T01:36:19","date_gmt":"2024-09-24T23:36:19","guid":{"rendered":"https:\/\/dtfprint.hr\/?page_id=361"},"modified":"2024-10-28T03:21:05","modified_gmt":"2024-10-28T02:21:05","slug":"was-ist-dtf-direct-to-film","status":"publish","type":"page","link":"https:\/\/dtfprint.hr\/de\/upute\/sto-je-dtf-direct-to-film\/","title":{"rendered":"\u0160to je DTF &#8211; Direct to film"},"content":{"rendered":"<section class=\"bde-section-361-100 bde-section\">\n  \n  \n\t\n\n\n\n<div class=\"section-container\"><h1 class=\"bde-heading-361-101 bde-heading\">\nDTF-Drucktechnologie: Eine neue \u00c4ra in der Textildekoration\n<\/h1><div class=\"bde-div-361-198 bde-div\">\n  \n  \n\t\n\n\n\n<div class=\"bde-div-361-199 bde-div\">\n  \n  \n\t\n\n\n\n<div class=\"bde-icon-361-200 bde-icon\">\n\n    \n            <div class=\"bde-icon-icon breakdance-icon-atom\" >\n    \n                    <svg xmlns=\"http:\/\/www.w3.org\/2000\/svg\" viewbox=\"0 0 496 512\"><!-- Font Awesome Free 5.15.1 by @fontawesome - https:\/\/fontawesome.com License - https:\/\/fontawesome.com\/license\/free (Icons: CC BY 4.0, Fonts: SIL OFL 1.1, Code: MIT License) --><path d=\"M248 8C111 8 0 119 0 256s111 248 248 248 248-111 248-248S385 8 248 8zm0 96c48.6 0 88 39.4 88 88s-39.4 88-88 88-88-39.4-88-88 39.4-88 88-88zm0 344c-58.7 0-111.3-26.6-146.5-68.2 18.8-35.4 55.6-59.8 98.5-59.8 2.4 0 4.8.4 7.1 1.1 13 4.2 26.6 6.9 40.9 6.9 14.3 0 28-2.7 40.9-6.9 2.3-.7 4.7-1.1 7.1-1.1 42.9 0 79.7 24.4 98.5 59.8C359.3 421.4 306.7 448 248 448z\"\/><\/svg>\n        \n        \n        \n            <\/div>\n    \n\n\n<\/div><a class=\"bde-container-link-361-201 bde-container-link breakdance-link\" href=\"mailto:info@megamajice.com\" target=\"_self\" data-type=\"url\">\n  \n  \n\t\n\n\n\n<div class=\"bde-text-361-202 bde-text\">\nGeschrieben von: Mirza Hod\u017ei\u0107\n<\/div>\n\n<\/a>\n<\/div><div class=\"bde-div-361-203 bde-div\">\n  \n  \n\t\n\n\n\n<div class=\"bde-icon-361-204 bde-icon\">\n\n    \n            <div class=\"bde-icon-icon breakdance-icon-atom\" >\n    \n                    <svg xmlns=\"http:\/\/www.w3.org\/2000\/svg\" viewbox=\"0 0 512 512\"><!-- Font Awesome Free 5.15.1 by @fontawesome - https:\/\/fontawesome.com License - https:\/\/fontawesome.com\/license\/free (Icons: CC BY 4.0, Fonts: SIL OFL 1.1, Code: MIT License) --><path d=\"M256,8C119,8,8,119,8,256S119,504,256,504,504,393,504,256,393,8,256,8Zm92.49,313h0l-20,25a16,16,0,0,1-22.49,2.5h0l-67-49.72a40,40,0,0,1-15-31.23V112a16,16,0,0,1,16-16h32a16,16,0,0,1,16,16V256l58,42.5A16,16,0,0,1,348.49,321Z\"\/><\/svg>\n        \n        \n        \n            <\/div>\n    \n\n\n<\/div><a class=\"bde-container-link-361-205 bde-container-link breakdance-link\" href=\"mailto:info@megamajice.com\" target=\"_self\" data-type=\"url\">\n  \n  \n\t\n\n\n\n<div class=\"bde-text-361-206 bde-text\">\nVer\u00f6ffentlicht am 01.10.2024.\n<\/div>\n\n<\/a>\n<\/div>\n<\/div><div class=\"bde-columns-361-168 bde-columns\"><div class=\"bde-column-361-169 bde-column\">\n  \n  \n\t\n\n\n\n<div class=\"bde-image-361-167 bde-image\">\n<figure class=\"breakdance-image breakdance-image--368\">\n\t<div class=\"breakdance-image-container\">\n\t\t<div class=\"breakdance-image-clip\"><img loading=\"lazy\" decoding=\"async\" class=\"breakdance-image-object\" src=\"https:\/\/dtfprint.hr\/wp-content\/uploads\/2024\/09\/dtf_printer_dtf_print_hr_mimaki.jpg\" width=\"800\" height=\"498\" srcset=\"https:\/\/dtfprint.hr\/wp-content\/uploads\/2024\/09\/dtf_printer_dtf_print_hr_mimaki.jpg 800w, https:\/\/dtfprint.hr\/wp-content\/uploads\/2024\/09\/dtf_printer_dtf_print_hr_mimaki-300x187.jpg 300w, https:\/\/dtfprint.hr\/wp-content\/uploads\/2024\/09\/dtf_printer_dtf_print_hr_mimaki-768x478.jpg 768w, https:\/\/dtfprint.hr\/wp-content\/uploads\/2024\/09\/dtf_printer_dtf_print_hr_mimaki-600x374.jpg 600w\" sizes=\"auto, (max-width: 800px) 100vw, 800px\"><\/div>\n\t<\/div><\/figure>\n\n<\/div><div class=\"bde-text-361-174 bde-text\">\nDTF-Drucker\n<\/div>\n<\/div><div class=\"bde-column-361-170 bde-column\">\n  \n  \n\t\n\n\n\n<div class=\"bde-text-361-171 bde-text\">\nDTF oder Direct-to-Film bezeichnet eine Drucktechnik mit speziellen DTF-CMYKW-Tinten auf Thermo- oder Kaltabl\u00f6se-PET-Folie mit einer Dicke von ca. 0,75 mm. Damit die Farben auch auf dunkleren Stoffen sichtbar sind, wird wei\u00dfe Tinte ben\u00f6tigt, die als Basis dient.<br><br>Nachdem das Design auf die Folie gedruckt wurde, wird auf die noch feuchte Tinte ein durch Hitze schmelzender Pulverkleber aufgetragen. In kleineren Produktionsprozessen erfolgt dies meist manuell, w\u00e4hrend in Industriebetrieben automatische L\u00f6sungen mit Vibrationsmaschinen zum Einsatz kommen. Das Pulver muss m\u00f6glichst gleichm\u00e4\u00dfig aufgetragen und der \u00dcberschuss entfernt werden, bevor die Folie in den Trockenofen oder die Hei\u00dfpresse gelangt, wo sie bei etwa 160 Grad Celsius verarbeitet wird. Bei der Verwendung einer Hei\u00dfpresse wird empfohlen, dass die Oberplatte den Kleber nicht ber\u00fchrt, sondern ein Abstand von 4 bis 7 mm verbleibt.<br><br>Anschlie\u00dfend wird die Folie mit dem fertig eingef\u00e4rbten und vorgeklebten Motiv auf den vorgepressten Stoff \u00fcbertragen. Dieser als \u201eFixieren\u201c bezeichnete Schritt dauert bei einer Temperatur von 160 bis 170 Grad Celsius etwa 20 Sekunden. Die meisten Hersteller empfehlen die Verwendung von Silikonpapier auf der Oberseite, um den Druck zu sch\u00fctzen.\n<\/div>\n<\/div><\/div><div class=\"bde-columns-361-175 bde-columns\"><div class=\"bde-column-361-176 bde-column\">\n  \n  \n\t\n\n\n\n<div class=\"bde-text-361-172 bde-text\">\nWenn der Stoff wieder Raumtemperatur erreicht, kann die Kalttrennfolie abgezogen werden, sodass nur noch das aufgedruckte Motiv zur\u00fcckbleibt. W\u00e4rmetrennfolie f\u00fcr DTF ist weniger verbreitet, aber effizienter, da sie sofort nach dem \u00d6ffnen der Hei\u00dfpresse entfernt werden kann. Sie k\u00f6nnen \u00fcber unsere Website bestellen <a href=\"https:\/\/dtfprint.hr\/de\/product\/dtf-transferfolie-antistatisch-doppelt-beschichtet-heisablosung-75%c2%b5m-100-m-rolle\/\">hochwertige DTF-PET-Folie, die im warmen Zustand entfernbar ist<\/a>, und wir verwenden bei der Produktion die gleiche Folie <a href=\"https:\/\/dtfprint.hr\/de\/product-category\/dtf-kopien\/\">unserer Texter<\/a>. Bei beiden Folienarten ist es nicht notwendig, \u00fcbersch\u00fcssiges Material zu entfernen (sogenanntes Entgittern), da nur der bedruckte Teil mit dem Stoff verklebt wird.<br><br>Als letzten Schritt empfiehlt sich ein kurzes Einlegen in eine Hei\u00dfpresse, um die Wasch- und Scheuerbest\u00e4ndigkeit zu verbessern. Das DTF-Verfahren funktioniert gleicherma\u00dfen gut mit Naturfasern wie Baumwolle oder Seide, aber auch mit k\u00fcnstlichen Materialien wie Polyester oder Mischungen. Dank der wei\u00dfen Tintenschicht sehen DTF-Drucke auf dunklen Stoffen genauso gut aus wie auf wei\u00dfen oder pastellfarbenen Textilien. Der Druck ist elastisch und rissbest\u00e4ndig.\n<\/div>\n<\/div><div class=\"bde-column-361-177 bde-column\">\n  \n  \n\t\n\n\n\n<div class=\"bde-image-361-178 bde-image\">\n<figure class=\"breakdance-image breakdance-image--408\">\n\t<div class=\"breakdance-image-container\">\n\t\t<div class=\"breakdance-image-clip\"><img loading=\"lazy\" decoding=\"async\" class=\"breakdance-image-object\" src=\"https:\/\/dtfprint.hr\/wp-content\/uploads\/2024\/09\/izrezi_dtf_preslikace.jpg\" width=\"1000\" height=\"1000\" srcset=\"https:\/\/dtfprint.hr\/wp-content\/uploads\/2024\/09\/izrezi_dtf_preslikace.jpg 1000w, https:\/\/dtfprint.hr\/wp-content\/uploads\/2024\/09\/izrezi_dtf_preslikace-300x300.jpg 300w, https:\/\/dtfprint.hr\/wp-content\/uploads\/2024\/09\/izrezi_dtf_preslikace-150x150.jpg 150w, https:\/\/dtfprint.hr\/wp-content\/uploads\/2024\/09\/izrezi_dtf_preslikace-768x768.jpg 768w, https:\/\/dtfprint.hr\/wp-content\/uploads\/2024\/09\/izrezi_dtf_preslikace-600x600.jpg 600w\" sizes=\"auto, (max-width: 1000px) 100vw, 1000px\"><\/div>\n\t<\/div><\/figure>\n\n<\/div><div class=\"bde-text-361-179 bde-text\">\nSchneiden von DTF-Mapper\n<\/div>\n<\/div><\/div><\/div>\n<\/section><section class=\"bde-section-361-116 bde-section\">\n  \n  \n\t\n\n\n\n<div class=\"section-container\"><h1 class=\"bde-heading-361-145 bde-heading\">\nWas wird ben\u00f6tigt, um einen DTF-Mapper zu erstellen?\n<\/h1><div class=\"bde-columns-361-118 bde-columns\"><div class=\"bde-column-361-119 bde-column\">\n  \n  \n\t\n\n\n\n<h3 class=\"bde-heading-361-124 bde-heading\">\nDTF-Drucker\n<\/h3><div class=\"bde-image-361-123 bde-image\">\n<figure class=\"breakdance-image breakdance-image--370\">\n\t<div class=\"breakdance-image-container\">\n\t\t<div class=\"breakdance-image-clip\"><img loading=\"lazy\" decoding=\"async\" class=\"breakdance-image-object\" src=\"https:\/\/dtfprint.hr\/wp-content\/uploads\/2024\/09\/dtf_printer_dtf_print_hr_mimaki_square.jpg\" width=\"1000\" height=\"1000\" srcset=\"https:\/\/dtfprint.hr\/wp-content\/uploads\/2024\/09\/dtf_printer_dtf_print_hr_mimaki_square.jpg 1000w, https:\/\/dtfprint.hr\/wp-content\/uploads\/2024\/09\/dtf_printer_dtf_print_hr_mimaki_square-300x300.jpg 300w, https:\/\/dtfprint.hr\/wp-content\/uploads\/2024\/09\/dtf_printer_dtf_print_hr_mimaki_square-150x150.jpg 150w, https:\/\/dtfprint.hr\/wp-content\/uploads\/2024\/09\/dtf_printer_dtf_print_hr_mimaki_square-768x768.jpg 768w, https:\/\/dtfprint.hr\/wp-content\/uploads\/2024\/09\/dtf_printer_dtf_print_hr_mimaki_square-600x600.jpg 600w\" sizes=\"auto, (max-width: 1000px) 100vw, 1000px\"><\/div>\n\t<\/div><\/figure>\n\n<\/div><div class=\"bde-text-361-137 bde-text\">\nSpeziell entwickelte Drucker mit zwei oder mehr Druckk\u00f6pfen, die mit Pigmenttinte auf PET-DTF-Folien drucken k\u00f6nnen\n<\/div>\n<\/div><div class=\"bde-column-361-125 bde-column\">\n  \n  \n\t\n\n\n\n<h3 class=\"bde-heading-361-126 bde-heading\">\nDTF-Farbe\n<\/h3><div class=\"bde-image-361-127 bde-image\">\n<figure class=\"breakdance-image breakdance-image--162\">\n\t<div class=\"breakdance-image-container\">\n\t\t<div class=\"breakdance-image-clip\"><img loading=\"lazy\" decoding=\"async\" class=\"breakdance-image-object\" src=\"https:\/\/dtfprint.hr\/wp-content\/uploads\/2024\/09\/dtfprint_hr_premium_boja_za_dtf_ink_dtf_cmykw_set_5x_1l.jpg\" width=\"1000\" height=\"1000\" srcset=\"https:\/\/dtfprint.hr\/wp-content\/uploads\/2024\/09\/dtfprint_hr_premium_boja_za_dtf_ink_dtf_cmykw_set_5x_1l.jpg 1000w, https:\/\/dtfprint.hr\/wp-content\/uploads\/2024\/09\/dtfprint_hr_premium_boja_za_dtf_ink_dtf_cmykw_set_5x_1l-324x324.jpg 324w, https:\/\/dtfprint.hr\/wp-content\/uploads\/2024\/09\/dtfprint_hr_premium_boja_za_dtf_ink_dtf_cmykw_set_5x_1l-100x100.jpg 100w, https:\/\/dtfprint.hr\/wp-content\/uploads\/2024\/09\/dtfprint_hr_premium_boja_za_dtf_ink_dtf_cmykw_set_5x_1l-416x416.jpg 416w, https:\/\/dtfprint.hr\/wp-content\/uploads\/2024\/09\/dtfprint_hr_premium_boja_za_dtf_ink_dtf_cmykw_set_5x_1l-300x300.jpg 300w, https:\/\/dtfprint.hr\/wp-content\/uploads\/2024\/09\/dtfprint_hr_premium_boja_za_dtf_ink_dtf_cmykw_set_5x_1l-150x150.jpg 150w, https:\/\/dtfprint.hr\/wp-content\/uploads\/2024\/09\/dtfprint_hr_premium_boja_za_dtf_ink_dtf_cmykw_set_5x_1l-768x768.jpg 768w\" sizes=\"auto, (max-width: 1000px) 100vw, 1000px\"><\/div>\n\t<\/div><\/figure>\n\n<\/div><div class=\"bde-text-361-138 bde-text\">\nSpezielle Pigmenttinten f\u00fcr den Druck auf DTF-Folien.\n<\/div><div class=\"bde-button-361-142 bde-button\">\n    \n                        \n                        \n    \n    \n    \n    \n            \n                    \n            \n            \n\n    \n    \n    \n    \n    \n    <a class=\"breakdance-link button-atom button-atom--text bde-button__button\" href=\"https:\/\/dtfprint.hr\/de\/product-category\/dtf-rohstoff\/farben-fur-dtf-drucker-dtf-rohmaterial\/\" target=\"_self\" data-type=\"url\"  >\n\n    \n        <span class=\"button-atom__text\">Schauen Sie sich die angebotenen Farben an<\/span>\n\n        \n        \n                <\/a>\n\n    \n\n\n<\/div>\n<\/div><div class=\"bde-column-361-128 bde-column\">\n  \n  \n\t\n\n\n\n<h3 class=\"bde-heading-361-129 bde-heading\">\nDTF-Film\/Folie\n<\/h3><div class=\"bde-image-361-130 bde-image\">\n<figure class=\"breakdance-image breakdance-image--168\">\n\t<div class=\"breakdance-image-container\">\n\t\t<div class=\"breakdance-image-clip\"><img loading=\"lazy\" decoding=\"async\" class=\"breakdance-image-object\" src=\"https:\/\/dtfprint.hr\/wp-content\/uploads\/2024\/09\/dtf_folija_2x_100m_hot_peel_vruce_odljepljivanje_dtfprint_hr.jpg\" width=\"1000\" height=\"1000\" srcset=\"https:\/\/dtfprint.hr\/wp-content\/uploads\/2024\/09\/dtf_folija_2x_100m_hot_peel_vruce_odljepljivanje_dtfprint_hr.jpg 1000w, https:\/\/dtfprint.hr\/wp-content\/uploads\/2024\/09\/dtf_folija_2x_100m_hot_peel_vruce_odljepljivanje_dtfprint_hr-324x324.jpg 324w, https:\/\/dtfprint.hr\/wp-content\/uploads\/2024\/09\/dtf_folija_2x_100m_hot_peel_vruce_odljepljivanje_dtfprint_hr-100x100.jpg 100w, https:\/\/dtfprint.hr\/wp-content\/uploads\/2024\/09\/dtf_folija_2x_100m_hot_peel_vruce_odljepljivanje_dtfprint_hr-416x416.jpg 416w, https:\/\/dtfprint.hr\/wp-content\/uploads\/2024\/09\/dtf_folija_2x_100m_hot_peel_vruce_odljepljivanje_dtfprint_hr-300x300.jpg 300w, https:\/\/dtfprint.hr\/wp-content\/uploads\/2024\/09\/dtf_folija_2x_100m_hot_peel_vruce_odljepljivanje_dtfprint_hr-150x150.jpg 150w, https:\/\/dtfprint.hr\/wp-content\/uploads\/2024\/09\/dtf_folija_2x_100m_hot_peel_vruce_odljepljivanje_dtfprint_hr-768x768.jpg 768w\" sizes=\"auto, (max-width: 1000px) 100vw, 1000px\"><\/div>\n\t<\/div><\/figure>\n\n<\/div><div class=\"bde-text-361-139 bde-text\">\nSpezialfolien, auf die Muster gedruckt werden, bevor sie auf Stoff \u00fcbertragen werden.\n<\/div><div class=\"bde-button-361-143 bde-button\">\n    \n                        \n                        \n    \n    \n    \n    \n            \n                    \n            \n            \n\n    \n    \n    \n    \n    \n    <a class=\"breakdance-link button-atom button-atom--text bde-button__button\" href=\"https:\/\/dtfprint.hr\/de\/product\/dtf-transferfolie-antistatisch-doppelt-beschichtet-heisablosung-75%c2%b5m-100-m-rolle\/\" target=\"_self\" data-type=\"url\"  >\n\n    \n        <span class=\"button-atom__text\">Schauen Sie sich die Folien im Angebot an<\/span>\n\n        \n        \n                <\/a>\n\n    \n\n\n<\/div>\n<\/div><div class=\"bde-column-361-131 bde-column\">\n  \n  \n\t\n\n\n\n<h3 class=\"bde-heading-361-132 bde-heading\">\nLeimpulver\n<\/h3><div class=\"bde-image-361-133 bde-image\">\n<figure class=\"breakdance-image breakdance-image--182\">\n\t<div class=\"breakdance-image-container\">\n\t\t<div class=\"breakdance-image-clip\"><img loading=\"lazy\" decoding=\"async\" class=\"breakdance-image-object\" src=\"https:\/\/dtfprint.hr\/wp-content\/uploads\/2024\/09\/dtf_print_hr_melt_ljepilo_hot_melt_glue_prah.jpg\" width=\"1000\" height=\"1000\" srcset=\"https:\/\/dtfprint.hr\/wp-content\/uploads\/2024\/09\/dtf_print_hr_melt_ljepilo_hot_melt_glue_prah.jpg 1000w, https:\/\/dtfprint.hr\/wp-content\/uploads\/2024\/09\/dtf_print_hr_melt_ljepilo_hot_melt_glue_prah-324x324.jpg 324w, https:\/\/dtfprint.hr\/wp-content\/uploads\/2024\/09\/dtf_print_hr_melt_ljepilo_hot_melt_glue_prah-100x100.jpg 100w, https:\/\/dtfprint.hr\/wp-content\/uploads\/2024\/09\/dtf_print_hr_melt_ljepilo_hot_melt_glue_prah-416x416.jpg 416w, https:\/\/dtfprint.hr\/wp-content\/uploads\/2024\/09\/dtf_print_hr_melt_ljepilo_hot_melt_glue_prah-300x300.jpg 300w, https:\/\/dtfprint.hr\/wp-content\/uploads\/2024\/09\/dtf_print_hr_melt_ljepilo_hot_melt_glue_prah-150x150.jpg 150w, https:\/\/dtfprint.hr\/wp-content\/uploads\/2024\/09\/dtf_print_hr_melt_ljepilo_hot_melt_glue_prah-768x768.jpg 768w\" sizes=\"auto, (max-width: 1000px) 100vw, 1000px\"><\/div>\n\t<\/div><\/figure>\n\n<\/div><div class=\"bde-text-361-140 bde-text\">\nEine Schl\u00fcsselkomponente, die daf\u00fcr sorgt, dass das Design am Stoff haftet.\n<\/div><div class=\"bde-button-361-144 bde-button\">\n    \n                        \n                        \n    \n    \n    \n    \n            \n                    \n            \n            \n\n    \n    \n    \n    \n    \n    <a class=\"breakdance-link button-atom button-atom--text bde-button__button\" href=\"https:\/\/dtfprint.hr\/de\/product\/hot-melt-praskasto-ljepilo-za-dtf-filmove\/\" target=\"_self\" data-type=\"url\"  >\n\n    \n        <span class=\"button-atom__text\">Schauen Sie sich den Kleber im Angebot an<\/span>\n\n        \n        \n                <\/a>\n\n    \n\n\n<\/div>\n<\/div><div class=\"bde-column-361-134 bde-column\">\n  \n  \n\t\n\n\n\n<h3 class=\"bde-heading-361-135 bde-heading\">\nThermopresse\n<\/h3><div class=\"bde-image-361-136 bde-image\">\n<figure class=\"breakdance-image breakdance-image--371\">\n\t<div class=\"breakdance-image-container\">\n\t\t<div class=\"breakdance-image-clip\"><img loading=\"lazy\" decoding=\"async\" class=\"breakdance-image-object\" src=\"https:\/\/dtfprint.hr\/wp-content\/uploads\/2024\/09\/termo_presa_dtf_print.jpg\" width=\"1000\" height=\"1000\" srcset=\"https:\/\/dtfprint.hr\/wp-content\/uploads\/2024\/09\/termo_presa_dtf_print.jpg 1000w, https:\/\/dtfprint.hr\/wp-content\/uploads\/2024\/09\/termo_presa_dtf_print-300x300.jpg 300w, https:\/\/dtfprint.hr\/wp-content\/uploads\/2024\/09\/termo_presa_dtf_print-150x150.jpg 150w, https:\/\/dtfprint.hr\/wp-content\/uploads\/2024\/09\/termo_presa_dtf_print-768x768.jpg 768w, https:\/\/dtfprint.hr\/wp-content\/uploads\/2024\/09\/termo_presa_dtf_print-600x600.jpg 600w\" sizes=\"auto, (max-width: 1000px) 100vw, 1000px\"><\/div>\n\t<\/div><\/figure>\n\n<\/div><div class=\"bde-text-361-141 bde-text\">\nStandard-Thermopresse zum Aufbringen des Imagers auf T-Shirts\/Stoffe.\n<\/div>\n<\/div><\/div><\/div>\n<\/section><div class=\"bde-globalblock-361-197 bde-globalblock\"><section class=\"bde-section-450-118-450-1 bde-section bde-section-450-118\">\n  \n  \n\t\n\n\n\n<div class=\"section-container\"><h2 class=\"bde-heading-450-101-450-1 bde-heading bde-heading-450-101\">\nBestellen Sie DTF-Drucker online zum besten Preis in Kroatien\n<\/h2><h2 class=\"bde-heading-450-119-450-1 bde-heading bde-heading-450-119\">\nPreisliste der DTF-Drucker pro langem Meter (58 cm Breite)\n<\/h2><div class=\"bde-columns-450-121-450-1 bde-columns bde-columns-450-121\"><div class=\"bde-column-450-122-450-1 bde-column bde-column-450-122\">\n  \n  \n\t\n\n\n\n<div class=\"bde-div-450-124-450-1 bde-div bde-div-450-124\">\n  \n  \n\t\n\n\n\n<div class=\"bde-fancy-divider-450-125-450-1 bde-fancy-divider bde-fancy-divider-450-125\">\n\n\n<div class=\"bde-fancy-divider__wrapper\">\n  <div class=\"bde-fancy-divider__separator has-content has-content-flex-start\">\n  \t    \t    \t          <div class=\"bde-fancy-divider__content bde-fancy-divider__content--text\">\n          1 f\u00e4lliger Meter\n          <\/div>\n    \t      <\/div>\n<\/div>\n\n<\/div><div class=\"bde-text-450-126-450-1 bde-text bde-text-450-126\">\n14,90\u20ac\n<\/div>\n<\/div><div class=\"bde-div-450-127-450-1 bde-div bde-div-450-127\">\n  \n  \n\t\n\n\n\n<div class=\"bde-fancy-divider-450-128-450-1 bde-fancy-divider bde-fancy-divider-450-128\">\n\n\n<div class=\"bde-fancy-divider__wrapper\">\n  <div class=\"bde-fancy-divider__separator has-content has-content-flex-start\">\n  \t    \t    \t          <div class=\"bde-fancy-divider__content bde-fancy-divider__content--text\">\n          von 1dm bis 10dm\n          <\/div>\n    \t      <\/div>\n<\/div>\n\n<\/div><div class=\"bde-text-450-204-450-1 bde-text bde-text-450-204\">\n11,90\u20ac\n<\/div>\n<\/div><div class=\"bde-div-450-130-450-1 bde-div bde-div-450-130\">\n  \n  \n\t\n\n\n\n<div class=\"bde-fancy-divider-450-131-450-1 bde-fancy-divider bde-fancy-divider-450-131\">\n\n\n<div class=\"bde-fancy-divider__wrapper\">\n  <div class=\"bde-fancy-divider__separator has-content has-content-flex-start\">\n  \t    \t    \t          <div class=\"bde-fancy-divider__content bde-fancy-divider__content--text\">\n          10 Meter und mehr\n          <\/div>\n    \t      <\/div>\n<\/div>\n\n<\/div><div class=\"bde-text-450-205-450-1 bde-text bde-text-450-205\">\n8,90\u20ac\n<\/div>\n<\/div><div class=\"bde-div-450-140-450-1 bde-div bde-div-450-140\">\n  \n  \n\t\n\n\n\n<div class=\"bde-text-450-207-450-1 bde-text bde-text-450-207\">\nU cijenu je uklju\u010deno pakiranje u vodootporni PELD omot i za\u0161titna kartonska kutija.\n<\/div><div class=\"bde-text-450-208-450-1 bde-text bde-text-450-208\">\nDer Preis beinhaltet keine Mehrwertsteuer.\n<\/div>\n<\/div>\n<\/div><\/div><\/div>\n<\/section><section class=\"bde-section-450-100-450-1 bde-section bde-section-450-100\">\n  \n  \n\t\n\n\n\n<div class=\"section-container\"><div class=\"bde-columns-450-102-450-1 bde-columns bde-columns-450-102\"><div class=\"bde-column-450-103-450-1 bde-column bde-column-450-103\">\n  \n  \n\t\n\n\n\n<h2 class=\"bde-heading-450-104-450-1 bde-heading bde-heading-450-104\">\nOnline-DTF-Designer\n<\/h2><div class=\"bde-div-450-105-450-1 bde-div bde-div-450-105\">\n  \n  \n\t\n\n\n\n<div class=\"bde-text-450-106-450-1 bde-text bde-text-450-106\">\nF\u00fcr Anf\u00e4nger\n<\/div>\n<\/div><div class=\"bde-image-450-107-450-1 bde-image bde-image-450-107\">\n<figure class=\"breakdance-image breakdance-image--269\">\n\t<div class=\"breakdance-image-container\">\n\t\t<div class=\"breakdance-image-clip\"><img loading=\"lazy\" decoding=\"async\" class=\"breakdance-image-object\" src=\"https:\/\/dtfprint.hr\/wp-content\/uploads\/2024\/09\/CTA_Dtfprint_PC8bit.png\" width=\"1200\" height=\"750\" srcset=\"https:\/\/dtfprint.hr\/wp-content\/uploads\/2024\/09\/CTA_Dtfprint_PC8bit.png 1200w, https:\/\/dtfprint.hr\/wp-content\/uploads\/2024\/09\/CTA_Dtfprint_PC8bit-300x188.png 300w, https:\/\/dtfprint.hr\/wp-content\/uploads\/2024\/09\/CTA_Dtfprint_PC8bit-1024x640.png 1024w, https:\/\/dtfprint.hr\/wp-content\/uploads\/2024\/09\/CTA_Dtfprint_PC8bit-768x480.png 768w, https:\/\/dtfprint.hr\/wp-content\/uploads\/2024\/09\/CTA_Dtfprint_PC8bit-600x375.png 600w\" sizes=\"auto, (max-width: 1200px) 100vw, 1200px\" alt=\"DTF-Gangsheet \u2013 Online-DTF-Designer\"><\/div>\n\t<\/div><\/figure>\n\n<\/div><div class=\"bde-text-450-108-450-1 bde-text bde-text-450-108\">\nF\u00fcr Einsteiger oder diejenigen ohne Designsoftware ist der Online-Druckerrollendesigner von DTFprint.hr die perfekte L\u00f6sung. Mit einer benutzerfreundlichen Oberfl\u00e4che und einer Reihe von Anpassungstools war die Erstellung eines Mappers noch nie so einfach.\n<\/div><div class=\"bde-button-450-109-450-1 bde-button bde-button-450-109\">\n    \n                                    \n    \n    \n    \n    \n            \n                    \n            \n            \n\n    \n    \n    \n    \n    \n    <a class=\"breakdance-link button-atom button-atom--primary bde-button__button\" href=\"https:\/\/dtfprint.hr\/de\/product\/dtf-gangsheet-online-erstellen\/\" target=\"_self\" data-type=\"url\"  >\n\n    \n        <span class=\"button-atom__text\">\u00d6ffnen Sie den Online-Designer<\/span>\n\n        \n        \n                <\/a>\n\n    \n\n\n<\/div>\n<\/div><div class=\"bde-column-450-110-450-1 bde-column bde-column-450-110\">\n  \n  \n\t\n\n\n\n<h2 class=\"bde-heading-450-111-450-1 bde-heading bde-heading-450-111\">\nLaden Sie die PDF-Vorbereitung hoch\n<\/h2><div class=\"bde-div-450-112-450-1 bde-div bde-div-450-112\">\n  \n  \n\t\n\n\n\n<div class=\"bde-text-450-113-450-1 bde-text bde-text-450-113\">\nF\u00fcr Erfahrene\n<\/div>\n<\/div><div class=\"bde-image-450-114-450-1 bde-image bde-image-450-114\">\n<figure class=\"breakdance-image breakdance-image--280\">\n\t<div class=\"breakdance-image-container\">\n\t\t<div class=\"breakdance-image-clip\"><img loading=\"lazy\" decoding=\"async\" class=\"breakdance-image-object\" src=\"https:\/\/dtfprint.hr\/wp-content\/uploads\/2024\/09\/naruci_dtf_pdf_online.png\" width=\"1000\" height=\"777\" srcset=\"https:\/\/dtfprint.hr\/wp-content\/uploads\/2024\/09\/naruci_dtf_pdf_online.png 1000w, https:\/\/dtfprint.hr\/wp-content\/uploads\/2024\/09\/naruci_dtf_pdf_online-300x233.png 300w, https:\/\/dtfprint.hr\/wp-content\/uploads\/2024\/09\/naruci_dtf_pdf_online-768x597.png 768w, https:\/\/dtfprint.hr\/wp-content\/uploads\/2024\/09\/naruci_dtf_pdf_online-600x466.png 600w\" sizes=\"auto, (max-width: 1000px) 100vw, 1000px\" alt=\"DTF-Imager mit einer Breite von 58 cm und einer L\u00e4nge von bis zu 100 m\"><\/div>\n\t<\/div><\/figure>\n\n<\/div><div class=\"bde-text-450-115-450-1 bde-text bde-text-450-115\">\nLaden Sie eine oder mehrere druckfertige PDF-Vorbereitungen hoch, geben Sie Ma\u00dfe ein und bestellen Sie DTF-Kopien f\u00fcr Textilprodukte mit automatischer Preisberechnung abh\u00e4ngig von der bestellten L\u00e4nge. Mehr Z\u00e4hler \u2013 mehr Ersparnis!\n<\/div><div class=\"bde-button-450-116-450-1 bde-button bde-button-450-116\">\n    \n                                    \n    \n    \n    \n    \n            \n                    \n            \n            \n\n    \n    \n    \n    \n    \n    <a class=\"breakdance-link button-atom button-atom--primary bde-button__button\" href=\"https:\/\/dtfprint.hr\/de\/product\/laden-sie-eine-pdf-dtf-kopie-hoch-und-bestellen-sie-sie\/\" target=\"_self\" data-type=\"url\"  >\n\n    \n        <span class=\"button-atom__text\">Laden Sie die PDF-Vorbereitung hoch<\/span>\n\n        \n        \n                <\/a>\n\n    \n\n\n<\/div>\n<\/div><\/div><\/div>\n<\/section><\/div>","protected":false},"excerpt":{"rendered":"<p>DTF Tehnologija Tiska: Nova Era u Dekoriranju Tekstila Pi\u0161e: Mirza Hod\u017ei\u0107 Objavljeno 01.10.2024. DTF printer DTF ili Direct-to-Film odnosi se na tehniku ispisa pomo\u0107u posebnih DTF CMYKW tinti na PET film za toplinsko ili hladno skidanje, debljine otprilike 0,75 mm. Kako bi boje bile vidljive i na tamnijim tkaninama, potrebna je bijela tinta koja slu\u017ei [&hellip;]<\/p>\n","protected":false},"author":1,"featured_media":280,"parent":396,"menu_order":0,"comment_status":"closed","ping_status":"closed","template":"","meta":{"_seopress_robots_primary_cat":"","_seopress_titles_title":"\u0160to je DTF - Direct to film - Informacije, savjeti i upute","_seopress_titles_desc":"\u0160to je sve potrebno za izradu DTF preslika\u010da? 1.DTF printer 2.DTF boja 3.DTF folija 4. DTF Ljepilo 5. Termo pre\u0161a","_seopress_robots_index":"","_breakdance_hide_in_design_set":false,"_breakdance_tags":"","footnotes":""},"class_list":["post-361","page","type-page","status-publish","has-post-thumbnail","hentry"],"_links":{"self":[{"href":"https:\/\/dtfprint.hr\/de\/wp-json\/wp\/v2\/pages\/361","targetHints":{"allow":["GET"]}}],"collection":[{"href":"https:\/\/dtfprint.hr\/de\/wp-json\/wp\/v2\/pages"}],"about":[{"href":"https:\/\/dtfprint.hr\/de\/wp-json\/wp\/v2\/types\/page"}],"author":[{"embeddable":true,"href":"https:\/\/dtfprint.hr\/de\/wp-json\/wp\/v2\/users\/1"}],"replies":[{"embeddable":true,"href":"https:\/\/dtfprint.hr\/de\/wp-json\/wp\/v2\/comments?post=361"}],"version-history":[{"count":22,"href":"https:\/\/dtfprint.hr\/de\/wp-json\/wp\/v2\/pages\/361\/revisions"}],"predecessor-version":[{"id":929,"href":"https:\/\/dtfprint.hr\/de\/wp-json\/wp\/v2\/pages\/361\/revisions\/929"}],"up":[{"embeddable":true,"href":"https:\/\/dtfprint.hr\/de\/wp-json\/wp\/v2\/pages\/396"}],"wp:featuredmedia":[{"embeddable":true,"href":"https:\/\/dtfprint.hr\/de\/wp-json\/wp\/v2\/media\/280"}],"wp:attachment":[{"href":"https:\/\/dtfprint.hr\/de\/wp-json\/wp\/v2\/media?parent=361"}],"curies":[{"name":"wp","href":"https:\/\/api.w.org\/{rel}","templated":true}]}}