{"id":32,"date":"2024-09-25T23:40:43","date_gmt":"2024-09-25T21:40:43","guid":{"rendered":"https:\/\/dtfprint.hr\/shop\/?page_id=32"},"modified":"2024-10-28T03:27:14","modified_gmt":"2024-10-28T02:27:14","slug":"so-bereiten-sie-pdf-dateien-fur-den-druck-vor-dtf-kopien-dtfprint-hr","status":"publish","type":"page","link":"https:\/\/dtfprint.hr\/de\/upute\/kako-pripremiti-pdf-za-print-dtf-preslikaca-dtfprint-hr\/","title":{"rendered":"Kako pripremiti PDF za print DTF preslika\u010da"},"content":{"rendered":"<section class=\"bde-section-32-103 bde-section\">\n  \n  \n\t\n\n\n\n<div class=\"section-container\"><h1 class=\"bde-heading-32-104 bde-heading\">\nSo bereiten Sie die PDF-Vorbereitung f\u00fcr DTF-Konverter vor\n<\/h1><div class=\"bde-div-32-263 bde-div\">\n  \n  \n\t\n\n\n\n<div class=\"bde-div-32-264 bde-div\">\n  \n  \n\t\n\n\n\n<div class=\"bde-icon-32-265 bde-icon\">\n\n    \n            <div class=\"bde-icon-icon breakdance-icon-atom\" >\n    \n                    <svg xmlns=\"http:\/\/www.w3.org\/2000\/svg\" viewbox=\"0 0 496 512\"><!-- Font Awesome Free 5.15.1 by @fontawesome - https:\/\/fontawesome.com License - https:\/\/fontawesome.com\/license\/free (Icons: CC BY 4.0, Fonts: SIL OFL 1.1, Code: MIT License) --><path d=\"M248 8C111 8 0 119 0 256s111 248 248 248 248-111 248-248S385 8 248 8zm0 96c48.6 0 88 39.4 88 88s-39.4 88-88 88-88-39.4-88-88 39.4-88 88-88zm0 344c-58.7 0-111.3-26.6-146.5-68.2 18.8-35.4 55.6-59.8 98.5-59.8 2.4 0 4.8.4 7.1 1.1 13 4.2 26.6 6.9 40.9 6.9 14.3 0 28-2.7 40.9-6.9 2.3-.7 4.7-1.1 7.1-1.1 42.9 0 79.7 24.4 98.5 59.8C359.3 421.4 306.7 448 248 448z\"\/><\/svg>\n        \n        \n        \n            <\/div>\n    \n\n\n<\/div><a class=\"bde-container-link-32-266 bde-container-link breakdance-link\" href=\"mailto:info@megamajice.com\" target=\"_self\" data-type=\"url\">\n  \n  \n\t\n\n\n\n<div class=\"bde-text-32-267 bde-text\">\nGeschrieben von: Mirza Hod\u017ei\u0107\n<\/div>\n\n<\/a>\n<\/div><div class=\"bde-div-32-268 bde-div\">\n  \n  \n\t\n\n\n\n<div class=\"bde-icon-32-269 bde-icon\">\n\n    \n            <div class=\"bde-icon-icon breakdance-icon-atom\" >\n    \n                    <svg xmlns=\"http:\/\/www.w3.org\/2000\/svg\" viewbox=\"0 0 512 512\"><!-- Font Awesome Free 5.15.1 by @fontawesome - https:\/\/fontawesome.com License - https:\/\/fontawesome.com\/license\/free (Icons: CC BY 4.0, Fonts: SIL OFL 1.1, Code: MIT License) --><path d=\"M256,8C119,8,8,119,8,256S119,504,256,504,504,393,504,256,393,8,256,8Zm92.49,313h0l-20,25a16,16,0,0,1-22.49,2.5h0l-67-49.72a40,40,0,0,1-15-31.23V112a16,16,0,0,1,16-16h32a16,16,0,0,1,16,16V256l58,42.5A16,16,0,0,1,348.49,321Z\"\/><\/svg>\n        \n        \n        \n            <\/div>\n    \n\n\n<\/div><a class=\"bde-container-link-32-270 bde-container-link breakdance-link\" href=\"mailto:info@megamajice.com\" target=\"_self\" data-type=\"url\">\n  \n  \n\t\n\n\n\n<div class=\"bde-text-32-271 bde-text\">\nVer\u00f6ffentlicht am 28. September 2024.\n<\/div>\n\n<\/a>\n<\/div>\n<\/div><div class=\"bde-text-32-105 bde-text\">\nEine qualitativ hochwertige grafische Vorbereitung f\u00fcr DTF-Drucker ist der Schl\u00fcssel zum Erreichen optimaler Druckergebnisse. Obwohl die PDF-Vorbereitung in verschiedenen Grafikprogrammen erfolgen kann, empfiehlt DTFprint.hr die Verwendung <b>CorelDraw<\/b> oder <b>Adobe Illustrator<\/b> f\u00fcr beste Pr\u00e4zision und Kontrolle. Hier f\u00fchren wir Sie Schritt f\u00fcr Schritt durch den Vorbereitungsprozess f\u00fcr DTF-Imager.<br>\n<\/div><h3 class=\"bde-heading-32-117 bde-heading\">\nWichtige Richtlinien f\u00fcr die PDF-Vorbereitung:<br>\n<\/h3><div class=\"bde-columns-32-118 bde-columns\"><div class=\"bde-column-32-119 bde-column\">\n  \n  \n\t\n\n\n\n<div class=\"bde-text-32-121 bde-text\">\nZubereitungsma\u00dfe:\n<\/div><div class=\"bde-text-32-124 bde-text\">\nVorbereitungsma\u00dfe: Die Breite des PDF-Dokuments sollte 58 cm betragen, w\u00e4hrend die L\u00e4nge bis zu 100 Meter betragen kann, es wird jedoch empfohlen, l\u00e4ngere Dateien in Segmente von bis zu 15 Metern zu unterteilen, um die Bearbeitung zu erleichtern und eine bessere Computerleistung zu erzielen.\n<\/div>\n<\/div><div class=\"bde-column-32-122 bde-column\">\n  \n  \n\t\n\n\n\n<div class=\"bde-text-32-125 bde-text\">\nFormate und Farben\n<\/div><div class=\"bde-text-32-123 bde-text\">\nFormate und Farben: Ideal ist die Vorbereitung in Vektoren (Kurven) und die Verwendung der CMYK-Farbpalette. Au\u00dferdem k\u00f6nnen Sie in der RGB-Palette arbeiten, da die von uns verwendete Rip-Software RGB unterst\u00fctzt und die Farben korrekt wiedergibt. F\u00fcr optimale Ergebnisse sollte die Aufl\u00f6sung 300 DPI betragen. Eine Kombination aus Vektor und Raster ist m\u00f6glich.\n<\/div>\n<\/div><\/div><\/div>\n<\/section><section class=\"bde-section-32-129 bde-section\">\n  \n  \n\t\n\n\n\n<div class=\"section-container\"><h1 class=\"bde-heading-32-130 bde-heading\">\nEine Anleitung zum Vorbereiten von PDFs f\u00fcr den Druck in CorelDraw\n<\/h1><div class=\"bde-columns-32-131 bde-columns\"><div class=\"bde-column-32-133 bde-column\">\n  \n  \n\t\n\n\n\n<h2 class=\"bde-heading-32-142 bde-heading\">\n1. Neue Feilenbreite 58 cm<br>\n<\/h2><div class=\"bde-text-32-149 bde-text\">\nErstellen Sie eine neue Datei in CorelDraw. Idealerweise sollte die Farbpalette im CMYK-Spektrum liegen und eine Aufl\u00f6sung von 300 dpi haben.<br><br>W\u00e4hlen Sie als Breite des Dokuments 58 cm. In unserem Beispiel verwenden wir eine L\u00e4nge von 3,5 Metern oder 3500 mm, Sie k\u00f6nnen jedoch die gew\u00fcnschte L\u00e4nge eingeben. Beachten Sie, dass das Programm langsamer werden kann, wenn Sie viele Elemente haben. Wir empfehlen daher, Dateien mit einer L\u00e4nge von bis zu 15 m zu erstellen.\n<\/div>\n<\/div><div class=\"bde-column-32-132 bde-column\">\n  \n  \n\t\n\n\n\n<div class=\"bde-image-32-138 bde-image\">\n<figure class=\"breakdance-image breakdance-image--423\">\n\t<div class=\"breakdance-image-container\">\n\t\t<div class=\"breakdance-image-clip\"><img loading=\"lazy\" decoding=\"async\" class=\"breakdance-image-object\" src=\"https:\/\/dtfprint.hr\/wp-content\/uploads\/2024\/09\/novi_dokument.jpg\" width=\"413\" height=\"470\" srcset=\"https:\/\/dtfprint.hr\/wp-content\/uploads\/2024\/09\/novi_dokument.jpg 413w, https:\/\/dtfprint.hr\/wp-content\/uploads\/2024\/09\/novi_dokument-264x300.jpg 264w\" sizes=\"auto, (max-width: 413px) 100vw, 413px\"><\/div>\n\t<\/div><\/figure>\n\n<\/div>\n<\/div><\/div><\/div>\n<\/section><section class=\"bde-section-32-261 bde-section\">\n  \n  \n\t\n\n\n\n<div class=\"section-container\"><div class=\"bde-columns-32-144 bde-columns\"><div class=\"bde-column-32-147 bde-column\">\n  \n  \n\t\n\n\n\n<h2 class=\"bde-heading-32-148 bde-heading\">\n2.a \u2013 Wenn Sie mehrere verschiedene Grafiken in einer Datei kombinieren\n<\/h2><h4 class=\"bde-heading-32-216 bde-heading\">\nErstellung des sogenannten Gangsheets, das viele verschiedene Motive enthalten kann\n<\/h4><div class=\"bde-rich-text-32-150 bde-rich-text breakdance-rich-text-styles\">\n<ul>\n<li>Platzieren Sie Elemente wie <strong>JPEG<\/strong>, <strong>PNG<\/strong>, <strong>SVG<\/strong> Datei im Arbeitsbereich. Stellen Sie sicher, dass sich die Elemente nicht \u00fcberlappen und keine d\u00fcnnen Linien vorhanden sind \u2013 die d\u00fcnnste Linie, die wir drucken k\u00f6nnen, ist <strong>0,5 mm<\/strong>.<\/li>\n<li>Wenn Sie Text verwenden, auf jeden Fall <strong>Konvertieren Sie es in Kurven<\/strong> um Schriftprobleme zu vermeiden.<\/li>\n<li><strong>Nicht spiegeln<\/strong> Elemente - senden Sie sie positiv.<\/li>\n<li>Achten Sie darauf, dass die Ma\u00dfe Ihrer Elemente auf die von Ihnen ben\u00f6tigten Ma\u00dfe eingestellt sind<\/li>\n<\/ul>\n<\/div><div class=\"bde-div-32-159 bde-div\">\n  \n  \n\t\n\n\n\n<div class=\"bde-div-32-161 bde-div\">\n  \n  \n\t\n\n\n\n<div class=\"bde-image-32-158 bde-image\">\n<figure class=\"breakdance-image breakdance-image--422\">\n\t<div class=\"breakdance-image-container\">\n\t\t<div class=\"breakdance-image-clip\"><img loading=\"lazy\" decoding=\"async\" class=\"breakdance-image-object\" src=\"https:\/\/dtfprint.hr\/wp-content\/uploads\/2024\/09\/bijela_grafika.jpg\" width=\"732\" height=\"769\" srcset=\"https:\/\/dtfprint.hr\/wp-content\/uploads\/2024\/09\/bijela_grafika.jpg 732w, https:\/\/dtfprint.hr\/wp-content\/uploads\/2024\/09\/bijela_grafika-286x300.jpg 286w, https:\/\/dtfprint.hr\/wp-content\/uploads\/2024\/09\/bijela_grafika-600x630.jpg 600w\" sizes=\"auto, (max-width: 732px) 100vw, 732px\"><\/div>\n\t<\/div><\/figure>\n\n<\/div><div class=\"bde-text-32-215 bde-text\">\nWenn Sie mit wei\u00dfen Elementen arbeiten, ist es sinnvoll, vor\u00fcbergehend ein Quadrat mit grauem Hintergrund zu zeichnen und es hinter allen Ebenen zu platzieren, damit die wei\u00dfen Elemente sichtbar sind. Wenn Sie mit der Anordnung der Elemente zufrieden sind, k\u00f6nnen Sie das Quadrat l\u00f6schen.\n<\/div>\n<\/div>\n<\/div>\n<\/div><div class=\"bde-column-32-145 bde-column\">\n  \n  \n\t\n\n\n\n<div class=\"bde-image-32-146 bde-image\">\n<figure class=\"breakdance-image breakdance-image--424\">\n\t<div class=\"breakdance-image-container\">\n\t\t<div class=\"breakdance-image-clip\"><img loading=\"lazy\" decoding=\"async\" class=\"breakdance-image-object\" src=\"https:\/\/dtfprint.hr\/wp-content\/uploads\/2024\/09\/poslozite_elemente.jpg\" width=\"345\" height=\"769\" srcset=\"https:\/\/dtfprint.hr\/wp-content\/uploads\/2024\/09\/poslozite_elemente.jpg 345w, https:\/\/dtfprint.hr\/wp-content\/uploads\/2024\/09\/poslozite_elemente-135x300.jpg 135w\" sizes=\"auto, (max-width: 345px) 100vw, 345px\"><\/div>\n\t<\/div><\/figure>\n\n<\/div><div class=\"bde-text-32-217 bde-text\">\nEin Beispiel f\u00fcr eine druckfertig arrangierte Grafik\n<\/div>\n<\/div><\/div><\/div>\n<\/section><section class=\"bde-section-32-224 bde-section\">\n  \n  \n\t\n\n\n\n<div class=\"section-container\"><h2 class=\"bde-heading-32-204 bde-heading\">\n2.b \u2013 Wenn Sie eine gr\u00f6\u00dfere Menge derselben Grafik drucken m\u00f6chten\n<\/h2><div class=\"bde-text-32-210 bde-text\">\nIm folgenden Beispiel zeigen wir Ihnen, wie Sie eine Vorbereitung treffen, wenn Sie eine gro\u00dfe Menge derselben Grafik ben\u00f6tigen, ohne dass unz\u00e4hlige Elemente dupliziert werden m\u00fcssen. \n<\/div><div class=\"bde-text-32-219 bde-text\">\nNehmen wir an, Sie ben\u00f6tigen 300 St\u00fcck desselben 8,5 cm breiten Spiegels. Es ist nicht notwendig, alle 300 Duplikate zu duplizieren. Es reicht aus, eine Reihe von Duplikaten zu erstellen, indem Sie ein neues PDF-Dokument \u00f6ffnen und die L\u00e4nge so anpassen, dass 6 Duplikate hineinpassen.<br><br>In unserem Beispiel haben wir ein 58 cm breites und 9 cm langes Pr\u00e4parat erstellt, auf das 6 8,5 cm breite Replikate passen.\n<\/div><div class=\"bde-image-32-220 bde-image\">\n<figure class=\"breakdance-image breakdance-image--427\">\n\t<div class=\"breakdance-image-container\">\n\t\t<div class=\"breakdance-image-clip\"><img loading=\"lazy\" decoding=\"async\" class=\"breakdance-image-object\" src=\"https:\/\/dtfprint.hr\/wp-content\/uploads\/2024\/09\/vise_preslikaca.jpg\" width=\"1451\" height=\"283\" srcset=\"https:\/\/dtfprint.hr\/wp-content\/uploads\/2024\/09\/vise_preslikaca.jpg 1451w, https:\/\/dtfprint.hr\/wp-content\/uploads\/2024\/09\/vise_preslikaca-300x59.jpg 300w, https:\/\/dtfprint.hr\/wp-content\/uploads\/2024\/09\/vise_preslikaca-1024x200.jpg 1024w, https:\/\/dtfprint.hr\/wp-content\/uploads\/2024\/09\/vise_preslikaca-768x150.jpg 768w, https:\/\/dtfprint.hr\/wp-content\/uploads\/2024\/09\/vise_preslikaca-600x117.jpg 600w\" sizes=\"auto, (max-width: 1451px) 100vw, 1451px\"><\/div>\n\t<\/div><\/figure>\n\n<\/div><div class=\"bde-text-32-222 bde-text\">\nDa wir 300 Exemplare bestellen m\u00f6chten, m\u00fcssen wir die obige Vorbereitung 50 Mal drucken. (300\/6=50)<br><br>Erfahren Sie, wie oft Sie Ihre PDF-Datei drucken m\u00fcssen <b>Speichern Sie unter dem Namen: \u201edtfpreprema_printati_50x\u201c oder \u201edtfpreprema_50x\u201c.<\/b>\n<\/div><h2 class=\"bde-heading-32-226 bde-heading\">\n3. Speichern und Hochladen der PDF-Datei\n<\/h2><div class=\"bde-text-32-228 bde-text\">\nSie k\u00f6nnen Ihre Dateien auf unserer Website hochladen und bestellen, indem Sie auf klicken <a href=\"https:\/\/dtfprint.hr\/de\/product\/laden-sie-eine-pdf-dtf-kopie-hoch-und-bestellen-sie-sie\/\">Hier<\/a>.<br>\n<\/div><div class=\"bde-text-32-238 bde-text\">\nDer Preis Ihres Spiegels errechnet sich nach der Gesamtzahl der von Ihnen bestellten Meter bzw. Zentimeter gem\u00e4\u00df der folgenden Tabelle:\n<\/div><div class=\"bde-image-32-239 bde-image\">\n<figure class=\"breakdance-image breakdance-image--633\">\n\t<div class=\"breakdance-image-container\">\n\t\t<div class=\"breakdance-image-clip\"><img decoding=\"async\" class=\"breakdance-image-object\" src=\"https:\/\/dtfprint.hr\/wp-content\/uploads\/2024\/10\/cjenik_novi_2024_dtf_preslikaci_duzni_metri.svg\" width=\"\" height=\"\"><\/div>\n\t<\/div><\/figure>\n\n<\/div><div class=\"bde-text-32-221 bde-text\">\n\n<\/div><div class=\"bde-columns-32-230 bde-columns\"><div class=\"bde-column-32-231 bde-column\">\n  \n  \n\t\n\n\n\n<div class=\"bde-image-32-233 bde-image\">\n<figure class=\"breakdance-image breakdance-image--428\">\n\t<div class=\"breakdance-image-container\">\n\t\t<div class=\"breakdance-image-clip\"><img loading=\"lazy\" decoding=\"async\" class=\"breakdance-image-object\" src=\"https:\/\/dtfprint.hr\/wp-content\/uploads\/2024\/09\/uploadanje_pripreme.jpg\" width=\"684\" height=\"800\" srcset=\"https:\/\/dtfprint.hr\/wp-content\/uploads\/2024\/09\/uploadanje_pripreme.jpg 684w, https:\/\/dtfprint.hr\/wp-content\/uploads\/2024\/09\/uploadanje_pripreme-257x300.jpg 257w, https:\/\/dtfprint.hr\/wp-content\/uploads\/2024\/09\/uploadanje_pripreme-600x702.jpg 600w\" sizes=\"auto, (max-width: 684px) 100vw, 684px\"><\/div>\n\t<\/div><\/figure>\n\n<\/div>\n<\/div><div class=\"bde-column-32-232 bde-column\">\n  \n  \n\t\n\n\n\n<div class=\"bde-text-32-227 bde-text\">\nWenn Sie mit Ihrer Vorbereitung zufrieden sind, speichern Sie die Datei und geben Sie ihr einen passenden Namen, je nachdem, wie oft sie gedruckt wird. Wenn nicht angegeben ist, wie oft gedruckt werden soll, gehen wir davon aus, dass die Grafik einmal gedruckt wird.\n<\/div><div class=\"bde-text-32-234 bde-text\">\nW\u00e4hlen Sie ein oder mehrere PDFs aus und laden Sie die Dateien hoch, indem Sie sie in das daf\u00fcr vorgesehene Feld ziehen oder einfach auf klicken:\n<\/div><div class=\"bde-image-32-235 bde-image\">\n<figure class=\"breakdance-image breakdance-image--429\">\n\t<div class=\"breakdance-image-container\">\n\t\t<div class=\"breakdance-image-clip\"><img loading=\"lazy\" decoding=\"async\" class=\"breakdance-image-object\" src=\"https:\/\/dtfprint.hr\/wp-content\/uploads\/2024\/09\/odvuci.jpg\" width=\"333\" height=\"82\" srcset=\"https:\/\/dtfprint.hr\/wp-content\/uploads\/2024\/09\/odvuci.jpg 333w, https:\/\/dtfprint.hr\/wp-content\/uploads\/2024\/09\/odvuci-300x74.jpg 300w\" sizes=\"auto, (max-width: 333px) 100vw, 333px\"><\/div>\n\t<\/div><\/figure>\n\n<\/div><div class=\"bde-text-32-237 bde-text\">\nDie Dateien werden hochgeladen. Geben Sie dann im Feld \u201eGeben Sie die Gesamtl\u00e4nge der PDF-Pr\u00e4paration in Zentimetern ein (Breite betr\u00e4gt 58 cm)\u201c die Summe der L\u00e4nge aller Ihrer Pr\u00e4parationen ein.<br><br>Der Preis wird abh\u00e4ngig von der eingegebenen L\u00e4nge unten ausgedruckt. Bitte \u00fcberpr\u00fcfen Sie, ob Sie alle Ihre Vorbereitungen korrekt zusammengerechnet haben.<br><br>In unserem Beispiel haben wir Folgendes hochgeladen: (6m*2) + (4,7m*3) + (0,2m*22) + (3,1*1) = 33,60m = 3360cm<br>\n<\/div><div class=\"bde-image-32-240 bde-image\">\n<figure class=\"breakdance-image breakdance-image--430\">\n\t<div class=\"breakdance-image-container\">\n\t\t<div class=\"breakdance-image-clip\"><img loading=\"lazy\" decoding=\"async\" class=\"breakdance-image-object\" src=\"https:\/\/dtfprint.hr\/wp-content\/uploads\/2024\/09\/koliko_puta_printati.jpg\" width=\"281\" height=\"126\" sizes=\"auto, (max-width: 281px) 100vw, 281px\"><\/div>\n\t<\/div><\/figure>\n\n<\/div>\n<\/div><\/div><div class=\"bde-text-32-243 bde-text\">\nDann m\u00fcssen Sie nur noch auf \u201eIn den Warenkorb\u201c klicken und mit der Zahlung fortfahren. Nach Eingang der Zahlung beginnen wir mit der Pr\u00fcfung, dem Druck und der Auslieferung Ihrer Exemplare.\n<\/div><\/div>\n<\/section><div class=\"bde-globalblock-32-262 bde-globalblock\"><section class=\"bde-section-450-118-450-1 bde-section bde-section-450-118\">\n  \n  \n\t\n\n\n\n<div class=\"section-container\"><h2 class=\"bde-heading-450-101-450-1 bde-heading bde-heading-450-101\">\nBestellen Sie DTF-Drucker online zum besten Preis in Kroatien\n<\/h2><h2 class=\"bde-heading-450-119-450-1 bde-heading bde-heading-450-119\">\nPreisliste der DTF-Drucker pro langem Meter (58 cm Breite)\n<\/h2><div class=\"bde-columns-450-121-450-1 bde-columns bde-columns-450-121\"><div class=\"bde-column-450-122-450-1 bde-column bde-column-450-122\">\n  \n  \n\t\n\n\n\n<div class=\"bde-div-450-124-450-1 bde-div bde-div-450-124\">\n  \n  \n\t\n\n\n\n<div class=\"bde-fancy-divider-450-125-450-1 bde-fancy-divider bde-fancy-divider-450-125\">\n\n\n<div class=\"bde-fancy-divider__wrapper\">\n  <div class=\"bde-fancy-divider__separator has-content has-content-flex-start\">\n  \t    \t    \t          <div class=\"bde-fancy-divider__content bde-fancy-divider__content--text\">\n          1 f\u00e4lliger Meter\n          <\/div>\n    \t      <\/div>\n<\/div>\n\n<\/div><div class=\"bde-text-450-126-450-1 bde-text bde-text-450-126\">\n14,90\u20ac\n<\/div>\n<\/div><div class=\"bde-div-450-127-450-1 bde-div bde-div-450-127\">\n  \n  \n\t\n\n\n\n<div class=\"bde-fancy-divider-450-128-450-1 bde-fancy-divider bde-fancy-divider-450-128\">\n\n\n<div class=\"bde-fancy-divider__wrapper\">\n  <div class=\"bde-fancy-divider__separator has-content has-content-flex-start\">\n  \t    \t    \t          <div class=\"bde-fancy-divider__content bde-fancy-divider__content--text\">\n          von 1dm bis 10dm\n          <\/div>\n    \t      <\/div>\n<\/div>\n\n<\/div><div class=\"bde-text-450-204-450-1 bde-text bde-text-450-204\">\n11,90\u20ac\n<\/div>\n<\/div><div class=\"bde-div-450-130-450-1 bde-div bde-div-450-130\">\n  \n  \n\t\n\n\n\n<div class=\"bde-fancy-divider-450-131-450-1 bde-fancy-divider bde-fancy-divider-450-131\">\n\n\n<div class=\"bde-fancy-divider__wrapper\">\n  <div class=\"bde-fancy-divider__separator has-content has-content-flex-start\">\n  \t    \t    \t          <div class=\"bde-fancy-divider__content bde-fancy-divider__content--text\">\n          10 Meter und mehr\n          <\/div>\n    \t      <\/div>\n<\/div>\n\n<\/div><div class=\"bde-text-450-205-450-1 bde-text bde-text-450-205\">\n8,90\u20ac\n<\/div>\n<\/div><div class=\"bde-div-450-140-450-1 bde-div bde-div-450-140\">\n  \n  \n\t\n\n\n\n<div class=\"bde-text-450-207-450-1 bde-text bde-text-450-207\">\nU cijenu je uklju\u010deno pakiranje u vodootporni PELD omot i za\u0161titna kartonska kutija.\n<\/div><div class=\"bde-text-450-208-450-1 bde-text bde-text-450-208\">\nDer Preis beinhaltet keine Mehrwertsteuer.\n<\/div>\n<\/div>\n<\/div><\/div><\/div>\n<\/section><section class=\"bde-section-450-100-450-1 bde-section bde-section-450-100\">\n  \n  \n\t\n\n\n\n<div class=\"section-container\"><div class=\"bde-columns-450-102-450-1 bde-columns bde-columns-450-102\"><div class=\"bde-column-450-103-450-1 bde-column bde-column-450-103\">\n  \n  \n\t\n\n\n\n<h2 class=\"bde-heading-450-104-450-1 bde-heading bde-heading-450-104\">\nOnline-DTF-Designer\n<\/h2><div class=\"bde-div-450-105-450-1 bde-div bde-div-450-105\">\n  \n  \n\t\n\n\n\n<div class=\"bde-text-450-106-450-1 bde-text bde-text-450-106\">\nF\u00fcr Anf\u00e4nger\n<\/div>\n<\/div><div class=\"bde-image-450-107-450-1 bde-image bde-image-450-107\">\n<figure class=\"breakdance-image breakdance-image--269\">\n\t<div class=\"breakdance-image-container\">\n\t\t<div class=\"breakdance-image-clip\"><img loading=\"lazy\" decoding=\"async\" class=\"breakdance-image-object\" src=\"https:\/\/dtfprint.hr\/wp-content\/uploads\/2024\/09\/CTA_Dtfprint_PC8bit.png\" width=\"1200\" height=\"750\" srcset=\"https:\/\/dtfprint.hr\/wp-content\/uploads\/2024\/09\/CTA_Dtfprint_PC8bit.png 1200w, https:\/\/dtfprint.hr\/wp-content\/uploads\/2024\/09\/CTA_Dtfprint_PC8bit-300x188.png 300w, https:\/\/dtfprint.hr\/wp-content\/uploads\/2024\/09\/CTA_Dtfprint_PC8bit-1024x640.png 1024w, https:\/\/dtfprint.hr\/wp-content\/uploads\/2024\/09\/CTA_Dtfprint_PC8bit-768x480.png 768w, https:\/\/dtfprint.hr\/wp-content\/uploads\/2024\/09\/CTA_Dtfprint_PC8bit-600x375.png 600w\" sizes=\"auto, (max-width: 1200px) 100vw, 1200px\" alt=\"DTF-Gangsheet \u2013 Online-DTF-Designer\"><\/div>\n\t<\/div><\/figure>\n\n<\/div><div class=\"bde-text-450-108-450-1 bde-text bde-text-450-108\">\nF\u00fcr Einsteiger oder diejenigen ohne Designsoftware ist der Online-Druckerrollendesigner von DTFprint.hr die perfekte L\u00f6sung. Mit einer benutzerfreundlichen Oberfl\u00e4che und einer Reihe von Anpassungstools war die Erstellung eines Mappers noch nie so einfach.\n<\/div><div class=\"bde-button-450-109-450-1 bde-button bde-button-450-109\">\n    \n                                    \n    \n    \n    \n    \n            \n                    \n            \n            \n\n    \n    \n    \n    \n    \n    <a class=\"breakdance-link button-atom button-atom--primary bde-button__button\" href=\"https:\/\/dtfprint.hr\/de\/product\/dtf-gangsheet-online-erstellen\/\" target=\"_self\" data-type=\"url\"  >\n\n    \n        <span class=\"button-atom__text\">\u00d6ffnen Sie den Online-Designer<\/span>\n\n        \n        \n                <\/a>\n\n    \n\n\n<\/div>\n<\/div><div class=\"bde-column-450-110-450-1 bde-column bde-column-450-110\">\n  \n  \n\t\n\n\n\n<h2 class=\"bde-heading-450-111-450-1 bde-heading bde-heading-450-111\">\nLaden Sie die PDF-Vorbereitung hoch\n<\/h2><div class=\"bde-div-450-112-450-1 bde-div bde-div-450-112\">\n  \n  \n\t\n\n\n\n<div class=\"bde-text-450-113-450-1 bde-text bde-text-450-113\">\nF\u00fcr Erfahrene\n<\/div>\n<\/div><div class=\"bde-image-450-114-450-1 bde-image bde-image-450-114\">\n<figure class=\"breakdance-image breakdance-image--280\">\n\t<div class=\"breakdance-image-container\">\n\t\t<div class=\"breakdance-image-clip\"><img loading=\"lazy\" decoding=\"async\" class=\"breakdance-image-object\" src=\"https:\/\/dtfprint.hr\/wp-content\/uploads\/2024\/09\/naruci_dtf_pdf_online.png\" width=\"1000\" height=\"777\" srcset=\"https:\/\/dtfprint.hr\/wp-content\/uploads\/2024\/09\/naruci_dtf_pdf_online.png 1000w, https:\/\/dtfprint.hr\/wp-content\/uploads\/2024\/09\/naruci_dtf_pdf_online-300x233.png 300w, https:\/\/dtfprint.hr\/wp-content\/uploads\/2024\/09\/naruci_dtf_pdf_online-768x597.png 768w, https:\/\/dtfprint.hr\/wp-content\/uploads\/2024\/09\/naruci_dtf_pdf_online-600x466.png 600w\" sizes=\"auto, (max-width: 1000px) 100vw, 1000px\" alt=\"DTF-Imager mit einer Breite von 58 cm und einer L\u00e4nge von bis zu 100 m\"><\/div>\n\t<\/div><\/figure>\n\n<\/div><div class=\"bde-text-450-115-450-1 bde-text bde-text-450-115\">\nLaden Sie eine oder mehrere druckfertige PDF-Vorbereitungen hoch, geben Sie Ma\u00dfe ein und bestellen Sie DTF-Kopien f\u00fcr Textilprodukte mit automatischer Preisberechnung abh\u00e4ngig von der bestellten L\u00e4nge. Mehr Z\u00e4hler \u2013 mehr Ersparnis!\n<\/div><div class=\"bde-button-450-116-450-1 bde-button bde-button-450-116\">\n    \n                                    \n    \n    \n    \n    \n            \n                    \n            \n            \n\n    \n    \n    \n    \n    \n    <a class=\"breakdance-link button-atom button-atom--primary bde-button__button\" href=\"https:\/\/dtfprint.hr\/de\/product\/laden-sie-eine-pdf-dtf-kopie-hoch-und-bestellen-sie-sie\/\" target=\"_self\" data-type=\"url\"  >\n\n    \n        <span class=\"button-atom__text\">Laden Sie die PDF-Vorbereitung hoch<\/span>\n\n        \n        \n                <\/a>\n\n    \n\n\n<\/div>\n<\/div><\/div><\/div>\n<\/section><\/div>","protected":false},"excerpt":{"rendered":"<p>Kako pripremiti PDF pripremu za DTF preslika\u010de Pi\u0161e: Mirza Hod\u017ei\u0107 Objavljeno 28.09.2024. Izrada kvalitetne grafi\u010dke pripreme za DTF preslika\u010de klju\u010dna je za postizanje optimalnih rezultata u tisku. Iako se PDF priprema mo\u017ee izraditi u razli\u010ditim grafi\u010dkim programima, DTFprint.hr preporu\u010duje kori\u0161tenje CorelDraw-a ili Adobe Illustratora za najbolju preciznost i kontrolu. Ovdje \u0107emo vas korak po korak [&hellip;]<\/p>\n","protected":false},"author":1,"featured_media":370,"parent":396,"menu_order":0,"comment_status":"closed","ping_status":"closed","template":"","meta":{"_seopress_robots_primary_cat":"","_seopress_titles_title":"Upute za izradu PDF pripreme za DTF printanje","_seopress_titles_desc":"Izrada kvalitetne grafi\u010dke pripreme za DTF preslika\u010de. \u0160irina PDF dokumenta za DTF printer treba biti 58 cm, dok duljina mo\u017ee biti do 100 metara.","_seopress_robots_index":"","_breakdance_hide_in_design_set":false,"_breakdance_tags":"","footnotes":""},"class_list":["post-32","page","type-page","status-publish","has-post-thumbnail","hentry"],"_links":{"self":[{"href":"https:\/\/dtfprint.hr\/de\/wp-json\/wp\/v2\/pages\/32","targetHints":{"allow":["GET"]}}],"collection":[{"href":"https:\/\/dtfprint.hr\/de\/wp-json\/wp\/v2\/pages"}],"about":[{"href":"https:\/\/dtfprint.hr\/de\/wp-json\/wp\/v2\/types\/page"}],"author":[{"embeddable":true,"href":"https:\/\/dtfprint.hr\/de\/wp-json\/wp\/v2\/users\/1"}],"replies":[{"embeddable":true,"href":"https:\/\/dtfprint.hr\/de\/wp-json\/wp\/v2\/comments?post=32"}],"version-history":[{"count":20,"href":"https:\/\/dtfprint.hr\/de\/wp-json\/wp\/v2\/pages\/32\/revisions"}],"predecessor-version":[{"id":933,"href":"https:\/\/dtfprint.hr\/de\/wp-json\/wp\/v2\/pages\/32\/revisions\/933"}],"up":[{"embeddable":true,"href":"https:\/\/dtfprint.hr\/de\/wp-json\/wp\/v2\/pages\/396"}],"wp:featuredmedia":[{"embeddable":true,"href":"https:\/\/dtfprint.hr\/de\/wp-json\/wp\/v2\/media\/370"}],"wp:attachment":[{"href":"https:\/\/dtfprint.hr\/de\/wp-json\/wp\/v2\/media?parent=32"}],"curies":[{"name":"wp","href":"https:\/\/api.w.org\/{rel}","templated":true}]}}